{"id":711057,"date":"2025-08-27T16:41:52","date_gmt":"2025-08-27T13:41:52","guid":{"rendered":"https:\/\/roveyayinevi.com.tr\/index.php\/urun\/gol-yazi-capraz-iliskiler-kafesi-katir-metin\/"},"modified":"2026-04-16T02:19:46","modified_gmt":"2026-04-15T23:19:46","slug":"gol-yazi-capraz-iliskiler-kafesi-katir-metin","status":"publish","type":"product","link":"https:\/\/roveyayinevi.com.tr\/index.php\/urun\/gol-yazi-capraz-iliskiler-kafesi-katir-metin\/","title":{"rendered":"G\u00f6l Yaz\u0131 \u2013 \u00c7apraz \u0130li\u015fkiler Kafesi, Kat\u0131r Metin"},"content":{"rendered":"<p>Enis Batur\u2019dan, uyan\u0131k halde g\u00f6r\u00fclm\u00fc\u015f d\u00fc\u015f sahnelerinin uyurgezer haldeyaz\u0131lm\u0131\u015f versiyonlar\u0131ndan m\u00fcrekkep bir anti-roman. <\/p>\n","protected":false},"excerpt":{"rendered":"<p>Enis Batur\u2019dan, uyan\u0131k halde g\u00f6r\u00fclm\u00fc\u015f d\u00fc\u015f sahnelerinin uyurgezer haldeyaz\u0131lm\u0131\u015f versiyonlar\u0131ndan m\u00fcrekkep bir anti-roman.<\/p>\n","protected":false},"featured_media":0,"template":"","meta":{"_monsterinsights_skip_tracking":false,"_monsterinsights_sitenote_active":false,"_monsterinsights_sitenote_note":"","_monsterinsights_sitenote_category":0},"product_brand":[],"product_cat":[12777,12291],"product_tag":[],"class_list":{"0":"post-711057","1":"product","2":"type-product","3":"status-publish","5":"product_cat-deneme","6":"product_cat-edebiyat","7":"pa_cilt-ciltsiz","8":"pa_tur-kitap","9":"pa_yayinevi-sel-yayincilik","10":"pa_yazar-enis-batur","12":"first","13":"instock","14":"sale","15":"shipping-taxable","16":"purchasable","17":"product-type-simple"},"_links":{"self":[{"href":"https:\/\/roveyayinevi.com.tr\/index.php\/wp-json\/wp\/v2\/product\/711057","targetHints":{"allow":["GET"]}}],"collection":[{"href":"https:\/\/roveyayinevi.com.tr\/index.php\/wp-json\/wp\/v2\/product"}],"about":[{"href":"https:\/\/roveyayinevi.com.tr\/index.php\/wp-json\/wp\/v2\/types\/product"}],"wp:attachment":[{"href":"https:\/\/roveyayinevi.com.tr\/index.php\/wp-json\/wp\/v2\/media?parent=711057"}],"wp:term":[{"taxonomy":"product_brand","embeddable":true,"href":"https:\/\/roveyayinevi.com.tr\/index.php\/wp-json\/wp\/v2\/product_brand?post=711057"},{"taxonomy":"product_cat","embeddable":true,"href":"https:\/\/roveyayinevi.com.tr\/index.php\/wp-json\/wp\/v2\/product_cat?post=711057"},{"taxonomy":"product_tag","embeddable":true,"href":"https:\/\/roveyayinevi.com.tr\/index.php\/wp-json\/wp\/v2\/product_tag?post=711057"}],"curies":[{"name":"wp","href":"https:\/\/api.w.org\/{rel}","templated":true}]}}