{"id":711056,"date":"2025-08-27T16:41:51","date_gmt":"2025-08-27T13:41:51","guid":{"rendered":"https:\/\/roveyayinevi.com.tr\/index.php\/urun\/onur-unlu-bir-suru-endise\/"},"modified":"2026-04-16T02:19:46","modified_gmt":"2026-04-15T23:19:46","slug":"onur-unlu-bir-suru-endise","status":"publish","type":"product","link":"https:\/\/roveyayinevi.com.tr\/index.php\/urun\/onur-unlu-bir-suru-endise\/","title":{"rendered":"Onur \u00dcnl\u00fc: Bir S\u00fcr\u00fc Endi\u015fe"},"content":{"rendered":"<p>Onur \u00dcnl\u00fc\u2019n\u00fcn \u015fiir, sinema ve televizyon prod\u00fcksiyonlar\u0131 vas\u0131tas\u0131yla dahil oldu\u011fumuz d\u00fcnyas\u0131na bu kez uzun ve derin bir sohbetle konuk oluyoruz. Son s\u00fcrat \u00fcretmeye devam eden, normal olan\u0131n s\u0131n\u0131rlar\u0131n\u0131 zorlayan, ortalama ile derdi olan, anaak\u0131mla i\u015fi olmayan, \u00e7ok okuyan, \u00e7ok seyreden, \u00e7ok dinleyen, t\u00fcr\u00fcne az rastlan\u0131r bir zihnin k\u0131v\u0131lc\u0131ml\u0131, sihirli, deli, bir o kadar endi\u015feli arka odas\u0131 buras\u0131\u2026 Alain Badiou\u2019den Farabi\u2019ye, Kurt Vonnegut\u2019tan \u0130bn-i R\u00fc\u015fd\u2019e, \u015fiirden felsefeye, edebiyattan siyasete, tasavvuftan sinemaya, bu d\u00fcnyadan \u00f6teki d\u00fcnyaya uzan\u0131yor; insan olman\u0131n t\u00fcrl\u00fc hali masaya yat\u0131r\u0131l\u0131yor.Y\u00f6netmen, \u015fair, senarist ve insan olarak Onur \u00dcnl\u00fc verdi\u011fi sahici cevaplarla okuru zihin a\u00e7\u0131c\u0131 bir yolculu\u011fa \u00e7\u0131kar\u0131yor. <\/p>\n","protected":false},"excerpt":{"rendered":"<p>Onur \u00dcnl\u00fc\u2019n\u00fcn \u015fiir, sinema ve televizyon prod\u00fcksiyonlar\u0131 vas\u0131tas\u0131yla dahil oldu\u011fumuz d\u00fcnyas\u0131na bu kez uzun ve derin bir sohbetle konuk oluyoruz. Son s\u00fcrat \u00fcretmeye devam eden, normal<span class=\"excerpt-hellip\"> [\u2026]<\/span><\/p>\n","protected":false},"featured_media":0,"template":"","meta":{"_monsterinsights_skip_tracking":false,"_monsterinsights_sitenote_active":false,"_monsterinsights_sitenote_note":"","_monsterinsights_sitenote_category":0},"product_brand":[],"product_cat":[12291,30969],"product_tag":[],"class_list":{"0":"post-711056","1":"product","2":"type-product","3":"status-publish","5":"product_cat-edebiyat","6":"product_cat-soylesi-edebiyat","7":"pa_cilt-ciltsiz","8":"pa_tur-kitap","9":"pa_yayinevi-sel-yayincilik","10":"pa_yazar-alper-kirklar","12":"first","13":"instock","14":"sale","15":"shipping-taxable","16":"purchasable","17":"product-type-simple"},"_links":{"self":[{"href":"https:\/\/roveyayinevi.com.tr\/index.php\/wp-json\/wp\/v2\/product\/711056","targetHints":{"allow":["GET"]}}],"collection":[{"href":"https:\/\/roveyayinevi.com.tr\/index.php\/wp-json\/wp\/v2\/product"}],"about":[{"href":"https:\/\/roveyayinevi.com.tr\/index.php\/wp-json\/wp\/v2\/types\/product"}],"wp:attachment":[{"href":"https:\/\/roveyayinevi.com.tr\/index.php\/wp-json\/wp\/v2\/media?parent=711056"}],"wp:term":[{"taxonomy":"product_brand","embeddable":true,"href":"https:\/\/roveyayinevi.com.tr\/index.php\/wp-json\/wp\/v2\/product_brand?post=711056"},{"taxonomy":"product_cat","embeddable":true,"href":"https:\/\/roveyayinevi.com.tr\/index.php\/wp-json\/wp\/v2\/product_cat?post=711056"},{"taxonomy":"product_tag","embeddable":true,"href":"https:\/\/roveyayinevi.com.tr\/index.php\/wp-json\/wp\/v2\/product_tag?post=711056"}],"curies":[{"name":"wp","href":"https:\/\/api.w.org\/{rel}","templated":true}]}}