{"id":711054,"date":"2025-08-27T16:41:50","date_gmt":"2025-08-27T13:41:50","guid":{"rendered":"https:\/\/roveyayinevi.com.tr\/index.php\/urun\/sinek-azabi\/"},"modified":"2026-04-16T02:19:46","modified_gmt":"2026-04-15T23:19:46","slug":"sinek-azabi","status":"publish","type":"product","link":"https:\/\/roveyayinevi.com.tr\/index.php\/urun\/sinek-azabi\/","title":{"rendered":"Sinek Azab\u0131"},"content":{"rendered":"<p>Edebiyattan sosyolojiye farkl\u0131 alanlarda \u00e7ok say\u0131da eser veren Elias Canetti, bu kez de yaln\u0131zl\u0131k, \u00f6l\u00fcm, iktidar ve dil temalar\u0131n\u0131 i\u015fledi\u011fi Sinek Azab\u0131\u2019yla okur kar\u015f\u0131s\u0131nda. On y\u0131llard\u0131r not ald\u0131\u011f\u0131 ve daha \u00f6nce yay\u0131nlanmam\u0131\u015f aforizmalar, al\u0131nt\u0131lar ve hat\u0131ralardan olu\u015fan bu eserde b\u00fcy\u00fck edebiyat\u00e7\u0131 ve d\u00fc\u015f\u00fcn\u00fcr\u00fcn zihninde beliren k\u0131v\u0131lc\u0131mlar\u0131n ve d\u00fc\u015f\u00fcn\u00fc\u015f tarz\u0131n\u0131n izini s\u00fcrmek m\u00fcmk\u00fcn. Canetti eserini dilin m\u00fcthi\u015f kuvvetinin bilinciyle kaleme al\u0131rken, 20. y\u00fczy\u0131l\u0131n b\u00fcy\u00fck bilgesinin derin ya\u015fam deneyimini de\u011ferlendirmek de okurlar\u0131na kal\u0131yor. \u201cHer s\u00f6zc\u00fc\u011f\u00fcn \u015fiddetle etkiledi\u011fi bir kurban\u0131 vard\u0131r; bazen d\u00fc\u015f\u00fcn\u00fcyorum da, galiba b\u00fct\u00fcn s\u00f6zc\u00fcklerin kurban\u0131y\u0131m ben. Yakay\u0131 s\u0131y\u0131rabildi\u011fim kelimeler, sadece k\u00e2\u011f\u0131da aktarabildiklerim; bunlar beni sakinle\u015ftiriyor; bu s\u00f6zc\u00fckleri kullanmama m\u00fcsaade edilmi\u015f gibi; \u00f6l\u00fcp gitti\u011fim zaman, beni art\u0131k tahrik etmeyeceklerinden eminim, her ne kadar o zaman bile, hatta as\u0131l o zaman var olacaklarsa da.\u201d <\/p>\n","protected":false},"excerpt":{"rendered":"<p>Edebiyattan sosyolojiye farkl\u0131 alanlarda \u00e7ok say\u0131da eser veren Elias Canetti, bu kez de yaln\u0131zl\u0131k, \u00f6l\u00fcm, iktidar ve dil temalar\u0131n\u0131 i\u015fledi\u011fi Sinek Azab\u0131\u2019yla okur kar\u015f\u0131s\u0131nda. On y\u0131llard\u0131r<span class=\"excerpt-hellip\"> [\u2026]<\/span><\/p>\n","protected":false},"featured_media":0,"template":"","meta":{"_monsterinsights_skip_tracking":false,"_monsterinsights_sitenote_active":false,"_monsterinsights_sitenote_note":"","_monsterinsights_sitenote_category":0},"product_brand":[],"product_cat":[12777,12291],"product_tag":[],"class_list":{"0":"post-711054","1":"product","2":"type-product","3":"status-publish","5":"product_cat-deneme","6":"product_cat-edebiyat","7":"pa_cilt-ciltsiz","8":"pa_tur-kitap","9":"pa_yayinevi-sel-yayincilik","10":"pa_yazar-elias-canetti","12":"first","13":"instock","14":"sale","15":"shipping-taxable","16":"purchasable","17":"product-type-simple"},"_links":{"self":[{"href":"https:\/\/roveyayinevi.com.tr\/index.php\/wp-json\/wp\/v2\/product\/711054","targetHints":{"allow":["GET"]}}],"collection":[{"href":"https:\/\/roveyayinevi.com.tr\/index.php\/wp-json\/wp\/v2\/product"}],"about":[{"href":"https:\/\/roveyayinevi.com.tr\/index.php\/wp-json\/wp\/v2\/types\/product"}],"wp:attachment":[{"href":"https:\/\/roveyayinevi.com.tr\/index.php\/wp-json\/wp\/v2\/media?parent=711054"}],"wp:term":[{"taxonomy":"product_brand","embeddable":true,"href":"https:\/\/roveyayinevi.com.tr\/index.php\/wp-json\/wp\/v2\/product_brand?post=711054"},{"taxonomy":"product_cat","embeddable":true,"href":"https:\/\/roveyayinevi.com.tr\/index.php\/wp-json\/wp\/v2\/product_cat?post=711054"},{"taxonomy":"product_tag","embeddable":true,"href":"https:\/\/roveyayinevi.com.tr\/index.php\/wp-json\/wp\/v2\/product_tag?post=711054"}],"curies":[{"name":"wp","href":"https:\/\/api.w.org\/{rel}","templated":true}]}}