{"id":711052,"date":"2025-08-27T16:41:49","date_gmt":"2025-08-27T13:41:49","guid":{"rendered":"https:\/\/roveyayinevi.com.tr\/index.php\/urun\/ilk-sorular-ve-cevaplarla-tarih-oncesi-hayvanlar\/"},"modified":"2026-04-16T02:19:46","modified_gmt":"2026-04-15T23:19:46","slug":"ilk-sorular-ve-cevaplarla-tarih-oncesi-hayvanlar","status":"publish","type":"product","link":"https:\/\/roveyayinevi.com.tr\/index.php\/urun\/ilk-sorular-ve-cevaplarla-tarih-oncesi-hayvanlar\/","title":{"rendered":"\u0130lk Sorular ve Cevaplarla &#8211; Tarih \u00d6ncesi Hayvanlar"},"content":{"rendered":"<p>\u0130lk Sorular ve Cevaplarla &#8211; Tarih \u00d6ncesi Hayvanlar   Hey, sen! Merakl\u0131 \u00e7ocuk\u2026   Biliyorum, akl\u0131nda \u015fimdiki hayvanlar\u0131n atalar\u0131 olan tarih \u00f6ncesi hayvanlar hakk\u0131nda pek \u00e7ok soru dolan\u0131p duruyor.   Hi\u00e7 \u015f\u00fcphem yok ki sen de \u00e7ok merak ediyorsun hangi hayvan\u0131n tank kadar oldu\u011funu, hangi s\u00fcr\u00fcngenlerin kanatlar\u0131 bulundu\u011funu ve u\u00e7ak b\u00fcy\u00fckl\u00fc\u011f\u00fcndeki ku\u015fun hangi ku\u015f oldu\u011funu\u2026   B\u00fct\u00fcn bu sorular\u0131n cevaplar\u0131n\u0131 sayfalar\u0131mda ke\u015ffedecek, tarih \u00f6ncesi hayvanlarla ilgili pek \u00e7ok yeni \u015fey \u00f6\u011frenecek ve hatta en sonunda da bilgini \u00f6l\u00e7me f\u0131rsat\u0131 bulacaks\u0131n.   Merak etmek g\u00fczeldir\u2026 merak \u00f6\u011fretir\u2026 merakt\u0131r insanl\u0131\u011f\u0131 ilerlemesini, her g\u00fcn yeni ad\u0131mlar atmas\u0131n\u0131 sa\u011flayan\u2026   O h\u00e2lde merak etmeye, \u00f6\u011frenmeye devam! <\/p>\n","protected":false},"excerpt":{"rendered":"<p>\u0130lk Sorular ve Cevaplarla &#8211; Tarih \u00d6ncesi Hayvanlar Hey, sen! Merakl\u0131 \u00e7ocuk\u2026 Biliyorum, akl\u0131nda \u015fimdiki hayvanlar\u0131n atalar\u0131 olan tarih \u00f6ncesi hayvanlar hakk\u0131nda pek \u00e7ok soru dolan\u0131p<span class=\"excerpt-hellip\"> [\u2026]<\/span><\/p>\n","protected":false},"featured_media":0,"template":"","meta":{"_monsterinsights_skip_tracking":false,"_monsterinsights_sitenote_active":false,"_monsterinsights_sitenote_note":"","_monsterinsights_sitenote_category":0},"product_brand":[],"product_cat":[13829,12274],"product_tag":[],"class_list":{"0":"post-711052","1":"product","2":"type-product","3":"status-publish","5":"product_cat-bilimsel-kitaplar","6":"product_cat-cocuk-ve-genclik-kitaplari","7":"pa_cilt-ciltsiz","8":"pa_tur-kitap","9":"pa_yayinevi-almidilli","10":"pa_yazar-kollektif","12":"first","13":"instock","14":"sale","15":"shipping-taxable","16":"purchasable","17":"product-type-simple"},"_links":{"self":[{"href":"https:\/\/roveyayinevi.com.tr\/index.php\/wp-json\/wp\/v2\/product\/711052","targetHints":{"allow":["GET"]}}],"collection":[{"href":"https:\/\/roveyayinevi.com.tr\/index.php\/wp-json\/wp\/v2\/product"}],"about":[{"href":"https:\/\/roveyayinevi.com.tr\/index.php\/wp-json\/wp\/v2\/types\/product"}],"wp:attachment":[{"href":"https:\/\/roveyayinevi.com.tr\/index.php\/wp-json\/wp\/v2\/media?parent=711052"}],"wp:term":[{"taxonomy":"product_brand","embeddable":true,"href":"https:\/\/roveyayinevi.com.tr\/index.php\/wp-json\/wp\/v2\/product_brand?post=711052"},{"taxonomy":"product_cat","embeddable":true,"href":"https:\/\/roveyayinevi.com.tr\/index.php\/wp-json\/wp\/v2\/product_cat?post=711052"},{"taxonomy":"product_tag","embeddable":true,"href":"https:\/\/roveyayinevi.com.tr\/index.php\/wp-json\/wp\/v2\/product_tag?post=711052"}],"curies":[{"name":"wp","href":"https:\/\/api.w.org\/{rel}","templated":true}]}}