{"id":711051,"date":"2025-08-27T16:41:48","date_gmt":"2025-08-27T13:41:48","guid":{"rendered":"https:\/\/roveyayinevi.com.tr\/index.php\/urun\/hakikat-sonrasi-cag-gunumuz-dunyasinda-yalancilik-ve-aldatma\/"},"modified":"2026-04-16T02:19:46","modified_gmt":"2026-04-15T23:19:46","slug":"hakikat-sonrasi-cag-gunumuz-dunyasinda-yalancilik-ve-aldatma","status":"publish","type":"product","link":"https:\/\/roveyayinevi.com.tr\/index.php\/urun\/hakikat-sonrasi-cag-gunumuz-dunyasinda-yalancilik-ve-aldatma\/","title":{"rendered":"Hakikat Sonras\u0131 \u00c7a\u011f G\u00fcn\u00fcm\u00fcz D\u00fcnyas\u0131nda Yalanc\u0131l\u0131k ve Aldatma"},"content":{"rendered":"<p>\u201cBeyaz yalan dostu bir \u00e7a\u011fda ya\u015f\u0131yoruz. Di\u011ferlerini aldatmak bir nevi bo\u015f zaman faaliyetine d\u00f6n\u00fc\u015fm\u00fc\u015f durumda. \u015eu konuda ikilemdeyiz: Bir yandan kendi yalanlar\u0131m\u0131za bahane bulurken di\u011fer yandan yalanc\u0131l\u0131\u011f\u0131n bu kadar yayg\u0131n olmas\u0131 kar\u015f\u0131s\u0131nda deh\u015fete d\u00fc\u015f\u00fcyoruz.\u201d    Oxford S\u00f6zl\u00fc\u011f\u00fc 2016 y\u0131l\u0131nda \u201chakikat sonras\u0131\u201dn\u0131 (post-truth) y\u0131l\u0131n s\u00f6zc\u00fc\u011f\u00fc se\u00e7ti. Oysa s\u00f6zc\u00fc\u011f\u00fcn k\u00f6keni eskilere uzanmakta. 2004 y\u0131l\u0131nda Amerikal\u0131 ara\u015ft\u0131rmac\u0131 yazar Ralph Keyes bu ifadeyi kitab\u0131n\u0131n kapa\u011f\u0131na ta\u015f\u0131yarak, toplumlarda gittik\u00e7e yayg\u0131nla\u015fan yalan\u0131 ve aldatmay\u0131, d\u00fcr\u00fcstl\u00fc\u011f\u00fcn de\u011fer kaybedi\u015fini derinlemesine inceledi. \u0130\u015fte dilimize ilk defa \u00e7evrilen bu kitap, hakikat sonras\u0131na ili\u015fkin en kapsaml\u0131 teorik yakla\u015f\u0131m\u0131 sunuyor. Yalan ve aldatma nas\u0131l g\u00fcndelik toplumsal refleksler haline geldi? Birinin yalan s\u00f6yledi\u011fini bile bile neden onu onaylar\u0131z? Nas\u0131l oldu da kamuoyunu ger\u00e7eklerden \u00e7ok kanaat ve duygular belirlemeye ba\u015flad\u0131?    Bu hayati sorulardan yola \u00e7\u0131kan Keyes, tarih boyunca yalan s\u00f6yledi\u011fimizi kabul ederken, bug\u00fcn neden yalan\u0131n ge\u00e7er ak\u00e7e olmaya ba\u015flad\u0131\u011f\u0131n\u0131 sorguluyor. Toplumsal ya\u015fam\u0131m\u0131z\u0131 radikal bi\u00e7imde \u015fekillendirmeye ba\u015flayan hakikat sonras\u0131 \u00e7a\u011f\u0131n y\u00fckseli\u015fini ve bu durumun tehlikesini g\u00f6zler \u00f6n\u00fcne seren kitap, ayn\u0131 zamanda d\u00fcr\u00fcstl\u00fc\u011f\u00fc nas\u0131l yeniden kazanabilece\u011fimize ili\u015fkin bir yol haritas\u0131. \u201cZeki insanlar olarak, su\u00e7luluk duymadan pa\u00e7ay\u0131 kurtarabilmek i\u00e7in ger\u00e7e\u011fi \u00f6rtbas etmeye gerek\u00e7eler buluyoruz. Ben buna hakikat sonras\u0131 diyorum.\u201d <\/p>\n","protected":false},"excerpt":{"rendered":"<p>\u201cBeyaz yalan dostu bir \u00e7a\u011fda ya\u015f\u0131yoruz. Di\u011ferlerini aldatmak bir nevi bo\u015f zaman faaliyetine d\u00f6n\u00fc\u015fm\u00fc\u015f durumda. \u015eu konuda ikilemdeyiz: Bir yandan kendi yalanlar\u0131m\u0131za bahane bulurken di\u011fer yandan<span class=\"excerpt-hellip\"> [\u2026]<\/span><\/p>\n","protected":false},"featured_media":0,"template":"","meta":{"_monsterinsights_skip_tracking":false,"_monsterinsights_sitenote_active":false,"_monsterinsights_sitenote_note":"","_monsterinsights_sitenote_category":0},"product_brand":[],"product_cat":[13488],"product_tag":[],"class_list":{"0":"post-711051","1":"product","2":"type-product","3":"status-publish","5":"product_cat-toplum-ve-insan","6":"pa_cilt-ciltsiz","7":"pa_tur-kitap","8":"pa_yayinevi-delidolu","9":"pa_yazar-ralph-keyes","11":"first","12":"instock","13":"sale","14":"shipping-taxable","15":"purchasable","16":"product-type-simple"},"_links":{"self":[{"href":"https:\/\/roveyayinevi.com.tr\/index.php\/wp-json\/wp\/v2\/product\/711051","targetHints":{"allow":["GET"]}}],"collection":[{"href":"https:\/\/roveyayinevi.com.tr\/index.php\/wp-json\/wp\/v2\/product"}],"about":[{"href":"https:\/\/roveyayinevi.com.tr\/index.php\/wp-json\/wp\/v2\/types\/product"}],"wp:attachment":[{"href":"https:\/\/roveyayinevi.com.tr\/index.php\/wp-json\/wp\/v2\/media?parent=711051"}],"wp:term":[{"taxonomy":"product_brand","embeddable":true,"href":"https:\/\/roveyayinevi.com.tr\/index.php\/wp-json\/wp\/v2\/product_brand?post=711051"},{"taxonomy":"product_cat","embeddable":true,"href":"https:\/\/roveyayinevi.com.tr\/index.php\/wp-json\/wp\/v2\/product_cat?post=711051"},{"taxonomy":"product_tag","embeddable":true,"href":"https:\/\/roveyayinevi.com.tr\/index.php\/wp-json\/wp\/v2\/product_tag?post=711051"}],"curies":[{"name":"wp","href":"https:\/\/api.w.org\/{rel}","templated":true}]}}