{"id":711048,"date":"2025-08-27T16:41:47","date_gmt":"2025-08-27T13:41:47","guid":{"rendered":"https:\/\/roveyayinevi.com.tr\/index.php\/urun\/egitim-yazilari\/"},"modified":"2026-04-16T02:19:46","modified_gmt":"2026-04-15T23:19:46","slug":"egitim-yazilari","status":"publish","type":"product","link":"https:\/\/roveyayinevi.com.tr\/index.php\/urun\/egitim-yazilari\/","title":{"rendered":"E\u011fitim Yaz\u0131lar\u0131"},"content":{"rendered":"<p>Bu eserde, \u0130smail Gasp\u0131ral\u0131\u2019n\u0131n e\u011fitim hususunda \u00e7e\u015fitli makale ve kitaplar\u0131nda ifade etti\u011fi g\u00f6r\u00fc\u015fler bir araya toplanm\u0131\u015ft\u0131r. Elinizdeki kitap, \u0130smail Gasp\u0131ral\u0131\u2019n\u0131n e\u011fitim konusuyla al\u00e2kal\u0131 olarak ve us\u00fbl-i cedit fikri etraf\u0131nda \u015fekillendirdi\u011fi d\u00fc\u015f\u00fcnceleri ihtiva etmektedir. Gasp\u0131ral\u0131 k\u00fclliyat\u0131n\u0131n sonuncusu olan bu kitap, millet \u015fuurunun kazan\u0131lmas\u0131nda e\u011fitimin ne kadar ehemmiyetli bir rol\u00fc oldu\u011funu ortaya koymaktad\u0131r. O, mill\u00ee ve manev\u00ee de\u011ferlerle insanl\u0131\u011f\u0131n ortak eserleri olan meden\u00ee vas\u0131talar\u0131 birbirinden ay\u0131rm\u0131\u015ft\u0131r. Hem Bat\u0131\u2019n\u0131n teknolojisini almam\u0131z\u0131n l\u00fczumuna hem de mill\u00ee kalmam\u0131z\u0131n imk\u00e2n ve zaruretine inanm\u0131\u015ft\u0131r. Gasp\u0131ral\u0131, bir\u00e7ok ayd\u0131n\u0131n Bat\u0131\u2019da g\u00f6rd\u00fc\u011f\u00fc her \u015feyi sorgusuz sualsiz almak gerekti\u011fini d\u00fc\u015f\u00fcnmesine kar\u015f\u0131l\u0131k, bizim \u201cbiz\u201d olarak kalmakla da modernle\u015febilece\u011fimizi ileri bir g\u00f6r\u00fc\u015fle ifade etmi\u015ftir. Bu ileri g\u00f6r\u00fc\u015fl\u00fcl\u00fc\u011f\u00fcn ve medeniyet anlay\u0131\u015f\u0131n\u0131n bir di\u011fer tezah\u00fcr\u00fc de, Gasp\u0131ral\u0131\u2019n\u0131n, kad\u0131nlar\u0131n cemiyet hayat\u0131na sokulmad\u0131\u011f\u0131 o d\u00f6nemde, onlar\u0131 medeniyetin v\u00fccuda getirilmesinin ihmal edilemez bir unsuru olarak g\u00f6rmesidir. E\u011fitimin fert ve cemiyet hayat\u0131ndaki m\u00fcspet ve vazge\u00e7ilmez fonksiyonunu ifade eden ve bu hususta herhangi bir s\u0131n\u0131rlama tan\u0131mayan Gasp\u0131ral\u0131\u2019n\u0131n g\u00f6r\u00fc\u015fleri bug\u00fcne de \u0131\u015f\u0131k tutabilecek mahiyettedir. <\/p>\n","protected":false},"excerpt":{"rendered":"<p>Bu eserde, \u0130smail Gasp\u0131ral\u0131\u2019n\u0131n e\u011fitim hususunda \u00e7e\u015fitli makale ve kitaplar\u0131nda ifade etti\u011fi g\u00f6r\u00fc\u015fler bir araya toplanm\u0131\u015ft\u0131r. Elinizdeki kitap, \u0130smail Gasp\u0131ral\u0131\u2019n\u0131n e\u011fitim konusuyla al\u00e2kal\u0131 olarak ve us\u00fbl-i<span class=\"excerpt-hellip\"> [\u2026]<\/span><\/p>\n","protected":false},"featured_media":0,"template":"","meta":{"_monsterinsights_skip_tracking":false,"_monsterinsights_sitenote_active":false,"_monsterinsights_sitenote_note":"","_monsterinsights_sitenote_category":0},"product_brand":[],"product_cat":[13072,12291],"product_tag":[],"class_list":{"0":"post-711048","1":"product","2":"type-product","3":"status-publish","5":"product_cat-arastirma-inceleme-referans","6":"product_cat-edebiyat","7":"pa_cilt-ciltsiz","8":"pa_tur-kitap","9":"pa_yayinevi-otuken-nesriyat","10":"pa_yazar-ismail-gaspirali","12":"first","13":"instock","14":"sale","15":"shipping-taxable","16":"purchasable","17":"product-type-simple"},"_links":{"self":[{"href":"https:\/\/roveyayinevi.com.tr\/index.php\/wp-json\/wp\/v2\/product\/711048","targetHints":{"allow":["GET"]}}],"collection":[{"href":"https:\/\/roveyayinevi.com.tr\/index.php\/wp-json\/wp\/v2\/product"}],"about":[{"href":"https:\/\/roveyayinevi.com.tr\/index.php\/wp-json\/wp\/v2\/types\/product"}],"wp:attachment":[{"href":"https:\/\/roveyayinevi.com.tr\/index.php\/wp-json\/wp\/v2\/media?parent=711048"}],"wp:term":[{"taxonomy":"product_brand","embeddable":true,"href":"https:\/\/roveyayinevi.com.tr\/index.php\/wp-json\/wp\/v2\/product_brand?post=711048"},{"taxonomy":"product_cat","embeddable":true,"href":"https:\/\/roveyayinevi.com.tr\/index.php\/wp-json\/wp\/v2\/product_cat?post=711048"},{"taxonomy":"product_tag","embeddable":true,"href":"https:\/\/roveyayinevi.com.tr\/index.php\/wp-json\/wp\/v2\/product_tag?post=711048"}],"curies":[{"name":"wp","href":"https:\/\/api.w.org\/{rel}","templated":true}]}}