{"id":711046,"date":"2025-08-27T16:41:45","date_gmt":"2025-08-27T13:41:45","guid":{"rendered":"https:\/\/roveyayinevi.com.tr\/index.php\/urun\/mandalina-cekirdegi\/"},"modified":"2026-04-16T02:19:46","modified_gmt":"2026-04-15T23:19:46","slug":"mandalina-cekirdegi","status":"publish","type":"product","link":"https:\/\/roveyayinevi.com.tr\/index.php\/urun\/mandalina-cekirdegi\/","title":{"rendered":"Mandalina \u00c7ekirde\u011fi"},"content":{"rendered":"<p>Hadi geri verin bana zaman\u0131n ge\u00e7mek bilmedi\u011fi, ac\u0131lar\u0131n \u00fcst \u00fcste geldi\u011fi, \u00e7ocuklu\u011fumun ve gen\u00e7li\u011fimin s\u0131rt\u0131ma bir y\u00fck gibi bindi\u011fi menek\u015fe kokulu sabahlar\u0131mdan hi\u00e7 olmazsa birini. Hadi geri verin bana aynada as\u0131l\u0131 kalan g\u00fcl\u00fc\u015flerimi, yast\u0131\u011f\u0131mda saklad\u0131\u011f\u0131m g\u00f6zya\u015flar\u0131m\u0131. Hadi geri verin bana, hep boynu b\u00fck\u00fck bakt\u0131\u011f\u0131m sokaklar\u0131, bo\u015f kalan di\u011fer elimin s\u0131cakl\u0131\u011f\u0131n\u0131, pencerenin pervazlar\u0131na as\u0131l\u0131 kalm\u0131\u015f hasretle bakan g\u00f6zlerimin kiras\u0131n\u0131. Hadi geri verin, geceleri \u201cBaba!\u201d diye seslendi\u011fim zamanlar\u0131, sahipsiz bir y\u00fcrekle bir kez g\u00f6rmek i\u00e7in ad\u0131mlad\u0131\u011f\u0131m kald\u0131r\u0131mlar\u0131. Hadi geri verin\u2026 * * * \u00d6mr\u00fc \u00e7ilelerle \u00f6r\u00fclm\u00fc\u015f bir gen\u00e7 kad\u0131n\u0131n ba\u015f\u0131ndan ge\u00e7enleri okuyunca bu kadar da olmaz diyecek, inanmakta zorlanacaks\u0131n\u0131z. Hayat\u0131n i\u00e7erisindeki derin girdaplarda tek ba\u015f\u0131na m\u00fccadele etmek zorunda kalan, hem gurbeti hem hasreti bir arada ya\u015fayan, Hollanda-T\u00fcrkiye aras\u0131nda s\u0131k\u0131\u015fm\u0131\u015f Aybike&#8217;nin y\u00fcrek burkan hik\u00e2yesi sizin de g\u00f6zlerinizden \u015febnem tanesi olup kay\u0131p gidecek. O, hem i\u00e7indeki seslerle hem de kendini yaln\u0131z b\u0131rakmayan g\u00f6lgelerle konu\u015farak sahipsiz bir halde ya\u015famak zorunda kald\u0131. Her c\u00fcmlesinde kendinizden bir \u015fey bulaca\u011f\u0131n\u0131z bu roman ac\u0131lar\u0131n yo\u011furdu\u011fu bir kad\u0131n\u0131n\u0131n onurlu bir \u015fekilde hayata nas\u0131l da tutundu\u011funu anlatmaktad\u0131r.  <\/p>\n","protected":false},"excerpt":{"rendered":"<p>Hadi geri verin bana zaman\u0131n ge\u00e7mek bilmedi\u011fi, ac\u0131lar\u0131n \u00fcst \u00fcste geldi\u011fi, \u00e7ocuklu\u011fumun ve gen\u00e7li\u011fimin s\u0131rt\u0131ma bir y\u00fck gibi bindi\u011fi menek\u015fe kokulu sabahlar\u0131mdan hi\u00e7 olmazsa birini. Hadi<span class=\"excerpt-hellip\"> [\u2026]<\/span><\/p>\n","protected":false},"featured_media":0,"template":"","meta":{"_monsterinsights_skip_tracking":false,"_monsterinsights_sitenote_active":false,"_monsterinsights_sitenote_note":"","_monsterinsights_sitenote_category":0},"product_brand":[],"product_cat":[12291,12711],"product_tag":[],"class_list":{"0":"post-711046","1":"product","2":"type-product","3":"status-publish","5":"product_cat-edebiyat","6":"product_cat-roman-oyku","7":"pa_cilt-ciltsiz","8":"pa_tur-kitap","9":"pa_yayinevi-hayat-yayinlari","10":"pa_yazar-zekeriya-efiloglu","12":"first","13":"instock","14":"sale","15":"shipping-taxable","16":"purchasable","17":"product-type-simple"},"_links":{"self":[{"href":"https:\/\/roveyayinevi.com.tr\/index.php\/wp-json\/wp\/v2\/product\/711046","targetHints":{"allow":["GET"]}}],"collection":[{"href":"https:\/\/roveyayinevi.com.tr\/index.php\/wp-json\/wp\/v2\/product"}],"about":[{"href":"https:\/\/roveyayinevi.com.tr\/index.php\/wp-json\/wp\/v2\/types\/product"}],"wp:attachment":[{"href":"https:\/\/roveyayinevi.com.tr\/index.php\/wp-json\/wp\/v2\/media?parent=711046"}],"wp:term":[{"taxonomy":"product_brand","embeddable":true,"href":"https:\/\/roveyayinevi.com.tr\/index.php\/wp-json\/wp\/v2\/product_brand?post=711046"},{"taxonomy":"product_cat","embeddable":true,"href":"https:\/\/roveyayinevi.com.tr\/index.php\/wp-json\/wp\/v2\/product_cat?post=711046"},{"taxonomy":"product_tag","embeddable":true,"href":"https:\/\/roveyayinevi.com.tr\/index.php\/wp-json\/wp\/v2\/product_tag?post=711046"}],"curies":[{"name":"wp","href":"https:\/\/api.w.org\/{rel}","templated":true}]}}