{"id":711045,"date":"2025-08-27T16:41:45","date_gmt":"2025-08-27T13:41:45","guid":{"rendered":"https:\/\/roveyayinevi.com.tr\/index.php\/urun\/ortaokul-ve-liseler-icin-kisiye-ozel-ogrenme\/"},"modified":"2026-04-16T02:19:46","modified_gmt":"2026-04-15T23:19:46","slug":"ortaokul-ve-liseler-icin-kisiye-ozel-ogrenme","status":"publish","type":"product","link":"https:\/\/roveyayinevi.com.tr\/index.php\/urun\/ortaokul-ve-liseler-icin-kisiye-ozel-ogrenme\/","title":{"rendered":"Ortaokul ve Liseler \u0130\u00e7in Ki\u015fiye \u00d6zel \u00d6\u011frenme"},"content":{"rendered":"<p>Ders \u00e7al\u0131\u015fmak bir al\u0131\u015fkanl\u0131k i\u015fidir. Bu al\u0131\u015fkanl\u0131\u011f\u0131 \u00e7ocu\u011fa kazand\u0131rma \u00e7abas\u0131 okul hayat\u0131yla ba\u015flamal\u0131d\u0131r. \u0130lk\u00f6\u011fretimin ilk kademesi, \u00e7al\u0131\u015fma al\u0131\u015fkanl\u0131\u011f\u0131n\u0131n olu\u015ftu\u011fu y\u0131llard\u0131r. Okul hayat\u0131n\u0131n ilk y\u0131llar\u0131nda \u00e7ocu\u011fun ders \u00e7al\u0131\u015fma al\u0131\u015fkanl\u0131\u011f\u0131 kazanmas\u0131 sonraki y\u0131llara nazaran daha kolayd\u0131r. Aileler bu kitapta okuyacaklar\u0131 temel prensipler \u00e7er\u00e7evesinde \u00e7ocuklar\u0131na; etkili, verimli ve beyin uyumlu bir ders \u00f6\u011frenme program\u0131 uygulama al\u0131\u015fkanl\u0131\u011f\u0131 kazand\u0131rabilirler. Olumlu sonu\u00e7lar alabilmek i\u00e7in; e\u011fitimin \u00fc\u00e7 \u00f6nemli fakt\u00f6r\u00fc olan \u00f6\u011frenci, aile ve e\u011fitimci birlikte ve uyumlu \u00e7al\u0131\u015fmal\u0131d\u0131r. Bu kitap, yapmaktan ho\u015fland\u0131\u011f\u0131n\u0131z \u015feylere daha \u00e7ok zaman ay\u0131rabilmek i\u00e7in yapmak zorunda oldu\u011funuz i\u015fleri s\u0131k\u0131lmadan, pratik ve sistemli bir \u015fekilde yapman\u0131za ve olumlu sonu\u00e7lar elde etmenize yard\u0131mc\u0131 olacak ara\u00e7lar sunuyor. Ancak istemedi\u011finiz s\u00fcrece kimse size bir \u015fey \u00f6\u011fretemez, hayat tecr\u00fcbesi de en pahal\u0131 \u00f6\u011frenme arac\u0131d\u0131r. Bunu bazen a\u011f\u0131r bedeller \u00f6deyerek anlayacaks\u0131n\u0131z. Bir \u00f6\u011frencinin ba\u015farmak i\u00e7in haz\u0131rland\u0131\u011f\u0131 s\u0131navlar\u0131n hayattaki ba\u015far\u0131lar i\u00e7in \u00f6nemli oldu\u011funu ama yeterli olmad\u0131\u011f\u0131n\u0131, ki\u015fisel kararlar\u0131n\u0131z ve kararl\u0131l\u0131klar\u0131n\u0131z olmazsa, sizinle payla\u015ft\u0131\u011f\u0131m\u0131z bilgilerin size faydas\u0131 olmayaca\u011f\u0131n\u0131 bilmelisiniz. Kitab\u0131m\u0131zda \u00f6\u011frenme ve ba\u015far\u0131 b\u00fct\u00fcnc\u00fcl bir yakla\u015f\u0131mla ele al\u0131nm\u0131\u015ft\u0131r. Sonuca etki eden t\u00fcm unsurlar incelenmi\u015f ve yap\u0131lmas\u0131 gerekenler tespit edilmi\u015ftir. \u00d6\u011frenmenin bilimsel boyutlar\u0131 incelenmi\u015f, ba\u015far\u0131l\u0131 \u00f6\u011frencilerin uygulamalar\u0131 ile kar\u015f\u0131la\u015ft\u0131r\u0131lm\u0131\u015f ve e\u011fitimin her kademesindeki insanlarla birlikte ba\u015far\u0131l\u0131 e\u011f itim uygulamas\u0131n\u0131n nas\u0131l olmas\u0131 gerekti\u011fi tespit edilmi\u015ftir. <\/p>\n","protected":false},"excerpt":{"rendered":"<p>Ders \u00e7al\u0131\u015fmak bir al\u0131\u015fkanl\u0131k i\u015fidir. Bu al\u0131\u015fkanl\u0131\u011f\u0131 \u00e7ocu\u011fa kazand\u0131rma \u00e7abas\u0131 okul hayat\u0131yla ba\u015flamal\u0131d\u0131r. \u0130lk\u00f6\u011fretimin ilk kademesi, \u00e7al\u0131\u015fma al\u0131\u015fkanl\u0131\u011f\u0131n\u0131n olu\u015ftu\u011fu y\u0131llard\u0131r. Okul hayat\u0131n\u0131n ilk y\u0131llar\u0131nda \u00e7ocu\u011fun ders<span class=\"excerpt-hellip\"> [\u2026]<\/span><\/p>\n","protected":false},"featured_media":0,"template":"","meta":{"_monsterinsights_skip_tracking":false,"_monsterinsights_sitenote_active":false,"_monsterinsights_sitenote_note":"","_monsterinsights_sitenote_category":0},"product_brand":[],"product_cat":[12364,12376],"product_tag":[],"class_list":{"0":"post-711045","1":"product","2":"type-product","3":"status-publish","5":"product_cat-genel-konular","6":"product_cat-kisisel-gelisim","7":"pa_cilt-ciltsiz","8":"pa_tur-kitap","9":"pa_yayinevi-hayat-yayinlari","10":"pa_yazar-ahmet-altintas","12":"first","13":"instock","14":"sale","15":"shipping-taxable","16":"purchasable","17":"product-type-simple"},"_links":{"self":[{"href":"https:\/\/roveyayinevi.com.tr\/index.php\/wp-json\/wp\/v2\/product\/711045","targetHints":{"allow":["GET"]}}],"collection":[{"href":"https:\/\/roveyayinevi.com.tr\/index.php\/wp-json\/wp\/v2\/product"}],"about":[{"href":"https:\/\/roveyayinevi.com.tr\/index.php\/wp-json\/wp\/v2\/types\/product"}],"wp:attachment":[{"href":"https:\/\/roveyayinevi.com.tr\/index.php\/wp-json\/wp\/v2\/media?parent=711045"}],"wp:term":[{"taxonomy":"product_brand","embeddable":true,"href":"https:\/\/roveyayinevi.com.tr\/index.php\/wp-json\/wp\/v2\/product_brand?post=711045"},{"taxonomy":"product_cat","embeddable":true,"href":"https:\/\/roveyayinevi.com.tr\/index.php\/wp-json\/wp\/v2\/product_cat?post=711045"},{"taxonomy":"product_tag","embeddable":true,"href":"https:\/\/roveyayinevi.com.tr\/index.php\/wp-json\/wp\/v2\/product_tag?post=711045"}],"curies":[{"name":"wp","href":"https:\/\/api.w.org\/{rel}","templated":true}]}}