{"id":711044,"date":"2025-08-27T16:41:44","date_gmt":"2025-08-27T13:41:44","guid":{"rendered":"https:\/\/roveyayinevi.com.tr\/index.php\/urun\/gorucu-usulu-ask-3-ikinci-bahar\/"},"modified":"2026-04-16T02:19:46","modified_gmt":"2026-04-15T23:19:46","slug":"gorucu-usulu-ask-3-ikinci-bahar","status":"publish","type":"product","link":"https:\/\/roveyayinevi.com.tr\/index.php\/urun\/gorucu-usulu-ask-3-ikinci-bahar\/","title":{"rendered":"G\u00f6r\u00fcc\u00fc Usul\u00fc A\u015fk 3 &#8211; \u0130kinci Bahar"},"content":{"rendered":"<p>G\u00f6r\u00fcc\u00fc usul\u00fc bir evlikle ba\u015flayan Nazl\u0131\u2019n\u0131n hik\u00e2yesi \u201cVuslat\u201d ile devam edip \u201c\u0130kinci Bahar\u201d ile son buluyor\u2026 Sahi a\u015fk neydi? Bir tarifi var m\u0131yd\u0131 ya da bir kal\u0131ba sokulabilir miydi? Amac\u0131 neydi? D\u00fcnyadaki her \u015feyin bir varolu\u015f sebebi varken a\u015fk duygusu sebepsiz de\u011fildi ya! Yery\u00fcz\u00fcndeki t\u00fcm canl\u0131lar f\u0131trat\u0131 gere\u011fi kar\u015f\u0131 cinse ilgi duyar. \u00c7\u00fcnk\u00fc kar\u015f\u0131 cinsleri birbirine \u00e7eken bir his, bir duygu, bir g\u00fc\u00e7 vard\u0131. Bu ink\u00e2r edilemez ger\u00e7ekti de neydi bu hissin ad\u0131, tan\u0131m\u0131? \u0130nsano\u011flu i\u00e7in anlam\u0131? Kimileri bu duyguya \u015fehvet deyip a\u015fa\u011f\u0131 \u00e7ekti, kimileri a\u015fk deyip y\u00fcceltti. Peki, ger\u00e7ek tan\u0131m\u0131 hangisiydi? Bu soruda ki\u015fiden ki\u015fiye de\u011fi\u015fen bir cevap sakl\u0131&#8230; T\u0131pk\u0131 karakter misali&#8230; Bu duygu kimileri i\u00e7in gelip ge&amp;cced il;ici bir heves, kimileri i\u00e7in son nefesti&#8230; \ufffcTan\u0131t\u0131m Metni<\/p>\n","protected":false},"excerpt":{"rendered":"<p>G\u00f6r\u00fcc\u00fc usul\u00fc bir evlikle ba\u015flayan Nazl\u0131\u2019n\u0131n hik\u00e2yesi \u201cVuslat\u201d ile devam edip \u201c\u0130kinci Bahar\u201d ile son buluyor\u2026 Sahi a\u015fk neydi? Bir tarifi var m\u0131yd\u0131 ya da bir<span class=\"excerpt-hellip\"> [\u2026]<\/span><\/p>\n","protected":false},"featured_media":0,"template":"","meta":{"_monsterinsights_skip_tracking":false,"_monsterinsights_sitenote_active":false,"_monsterinsights_sitenote_note":"","_monsterinsights_sitenote_category":0},"product_brand":[],"product_cat":[12291,12711],"product_tag":[],"class_list":{"0":"post-711044","1":"product","2":"type-product","3":"status-publish","5":"product_cat-edebiyat","6":"product_cat-roman-oyku","7":"pa_cilt-ciltsiz","8":"pa_tur-kitap","9":"pa_yayinevi-hayat-yayinlari","10":"pa_yazar-nejla-arslan-kurt","12":"first","13":"instock","14":"sale","15":"shipping-taxable","16":"purchasable","17":"product-type-simple"},"_links":{"self":[{"href":"https:\/\/roveyayinevi.com.tr\/index.php\/wp-json\/wp\/v2\/product\/711044","targetHints":{"allow":["GET"]}}],"collection":[{"href":"https:\/\/roveyayinevi.com.tr\/index.php\/wp-json\/wp\/v2\/product"}],"about":[{"href":"https:\/\/roveyayinevi.com.tr\/index.php\/wp-json\/wp\/v2\/types\/product"}],"wp:attachment":[{"href":"https:\/\/roveyayinevi.com.tr\/index.php\/wp-json\/wp\/v2\/media?parent=711044"}],"wp:term":[{"taxonomy":"product_brand","embeddable":true,"href":"https:\/\/roveyayinevi.com.tr\/index.php\/wp-json\/wp\/v2\/product_brand?post=711044"},{"taxonomy":"product_cat","embeddable":true,"href":"https:\/\/roveyayinevi.com.tr\/index.php\/wp-json\/wp\/v2\/product_cat?post=711044"},{"taxonomy":"product_tag","embeddable":true,"href":"https:\/\/roveyayinevi.com.tr\/index.php\/wp-json\/wp\/v2\/product_tag?post=711044"}],"curies":[{"name":"wp","href":"https:\/\/api.w.org\/{rel}","templated":true}]}}