{"id":711037,"date":"2025-08-27T16:41:40","date_gmt":"2025-08-27T13:41:40","guid":{"rendered":"https:\/\/roveyayinevi.com.tr\/index.php\/urun\/gorunuyorum-o-halde-varim\/"},"modified":"2026-04-16T02:19:46","modified_gmt":"2026-04-15T23:19:46","slug":"gorunuyorum-o-halde-varim","status":"publish","type":"product","link":"https:\/\/roveyayinevi.com.tr\/index.php\/urun\/gorunuyorum-o-halde-varim\/","title":{"rendered":"G\u00f6r\u00fcn\u00fcyorum O Halde Var\u0131m"},"content":{"rendered":"<p>T\u00fcrkiye, Bat\u0131\u2019dan esen r\u00fczg\u00e2rlar\u0131n etkisinde kitlesel bir \u201cme\u015fhurluk\u201d hevesine hanidir kap\u0131lm\u0131\u015f g\u00f6r\u00fcnmekte. Andy Warhol\u2019un, \u201cBir g\u00fcn herkes 15 dakikal\u0131\u011f\u0131na me\u015fhur olacak,\u201d s\u00f6z\u00fcn\u00fcn ge\u00e7erlik kazand\u0131\u011f\u0131 g\u00fcnlerin i\u00e7inde gibiyiz. Var olman\u0131n yolunun d\u00fc\u015f\u00fcnmekten de\u011fil \u201cg\u00f6r\u00fcnmek\u201dten ge\u00e7ti\u011fi san\u0131s\u0131n\u0131n yayg\u0131nla\u015ft\u0131\u011f\u0131 bir d\u00fcnya bu. Okumadan duramayan yaz\u0131l\u0131 k\u00fclt\u00fcr insan\u0131n\u0131n \u00e7ok gerilerde kald\u0131\u011f\u0131, seyretmeden duramayan g\u00f6rsel k\u00fclt\u00fcr insan\u0131n\u0131n d\u00fcnyas\u0131&#8230; B\u00f6yle bir d\u00fcnyada okumaktan \u00e7ok seyretmek, bilmekten \u00e7ok g\u00f6r\u00fcnmek, akla hitap etmekten \u00e7ok g\u00f6ze hitap etmek, kafa yormaktan \u00e7ok \u201cyorma kafan\u0131\u201d telkinine u\u011framak s\u00f6z konusu. G\u00f6r\u00fcn\u00fcyorum O Halde Var\u0131m, bu d\u00fcnya insan\u0131n\u0131n ruh haline, itki ve y\u00f6nelimlerine kar\u015f\u0131l\u0131k gelen bir ifade. Ancak kimsenin kimseyi umursamad\u0131\u011f\u0131, herkesin herkesten \u00fcrkt\u00fc\u011f\u00fc \u201ckalabal\u0131k yaln\u0131zl\u0131klar\u201d d\u00fcnyas\u0131nda, \u201cVar olmak g\u00f6r\u00fcnmektir,\u201d ifadesi asl\u0131nda bir \u201csan\u0131\u201ddan ibaret olmaktan \u00f6teye de gitmiyor. Peki ya ger\u00e7ekler?.. Ger\u00e7ekler kar\u015f\u0131s\u0131nda \u201cyorma kafan\u0131\u201d diyen \u00e7ok olsa da\u2026 H\u00e2l\u00e2 kafa yormadan duramaman\u0131n mutlulu\u011fuyla yazd\u0131\u011f\u0131 bu kitab\u0131nda Tayfun Atay, ger\u00e7ekler \u00fczerine bir tart\u0131\u015fma a\u00e7may\u0131 hedefliyor. <\/p>\n","protected":false},"excerpt":{"rendered":"<p>T\u00fcrkiye, Bat\u0131\u2019dan esen r\u00fczg\u00e2rlar\u0131n etkisinde kitlesel bir \u201cme\u015fhurluk\u201d hevesine hanidir kap\u0131lm\u0131\u015f g\u00f6r\u00fcnmekte. Andy Warhol\u2019un, \u201cBir g\u00fcn herkes 15 dakikal\u0131\u011f\u0131na me\u015fhur olacak,\u201d s\u00f6z\u00fcn\u00fcn ge\u00e7erlik kazand\u0131\u011f\u0131 g\u00fcnlerin i\u00e7inde<span class=\"excerpt-hellip\"> [\u2026]<\/span><\/p>\n","protected":false},"featured_media":0,"template":"","meta":{"_monsterinsights_skip_tracking":false,"_monsterinsights_sitenote_active":false,"_monsterinsights_sitenote_note":"","_monsterinsights_sitenote_category":0},"product_brand":[],"product_cat":[13072,12291],"product_tag":[],"class_list":{"0":"post-711037","1":"product","2":"type-product","3":"status-publish","5":"product_cat-arastirma-inceleme-referans","6":"product_cat-edebiyat","7":"pa_cilt-ciltsiz","8":"pa_tur-kitap","9":"pa_yayinevi-can-yayinlari","10":"pa_yazar-tayfun-atay","12":"first","13":"instock","14":"sale","15":"shipping-taxable","16":"purchasable","17":"product-type-simple"},"_links":{"self":[{"href":"https:\/\/roveyayinevi.com.tr\/index.php\/wp-json\/wp\/v2\/product\/711037","targetHints":{"allow":["GET"]}}],"collection":[{"href":"https:\/\/roveyayinevi.com.tr\/index.php\/wp-json\/wp\/v2\/product"}],"about":[{"href":"https:\/\/roveyayinevi.com.tr\/index.php\/wp-json\/wp\/v2\/types\/product"}],"wp:attachment":[{"href":"https:\/\/roveyayinevi.com.tr\/index.php\/wp-json\/wp\/v2\/media?parent=711037"}],"wp:term":[{"taxonomy":"product_brand","embeddable":true,"href":"https:\/\/roveyayinevi.com.tr\/index.php\/wp-json\/wp\/v2\/product_brand?post=711037"},{"taxonomy":"product_cat","embeddable":true,"href":"https:\/\/roveyayinevi.com.tr\/index.php\/wp-json\/wp\/v2\/product_cat?post=711037"},{"taxonomy":"product_tag","embeddable":true,"href":"https:\/\/roveyayinevi.com.tr\/index.php\/wp-json\/wp\/v2\/product_tag?post=711037"}],"curies":[{"name":"wp","href":"https:\/\/api.w.org\/{rel}","templated":true}]}}