{"id":711034,"date":"2025-08-27T16:41:33","date_gmt":"2025-08-27T13:41:33","guid":{"rendered":"https:\/\/roveyayinevi.com.tr\/index.php\/urun\/dis-politika-yazilari\/"},"modified":"2026-04-16T02:19:46","modified_gmt":"2026-04-15T23:19:46","slug":"dis-politika-yazilari","status":"publish","type":"product","link":"https:\/\/roveyayinevi.com.tr\/index.php\/urun\/dis-politika-yazilari\/","title":{"rendered":"D\u0131\u015f Politika Yaz\u0131lar\u0131"},"content":{"rendered":"<p>T\u00fcrk Edebiyat\u0131n\u0131 merkeze alan en ilgin\u00e7 serilerden biri olan Bahama Ku\u015fkusu Serisinin yeni halkas\u0131n\u0131 Alper \u00c7eker\u2019in D\u0131\u015f Politika Yaz\u0131lar\u0131 olu\u015fturuyor.   T\u00fcrk edebiyat\u0131n\u0131n en ayr\u0131ks\u0131 yazarlar\u0131ndan biri olan Alper \u00c7eker\u2019in \u00f6zellikle Rus d\u0131\u015f politikas\u0131n\u0131 merkeze alan bu kitab\u0131 hi\u00e7 de alternatif olmayan bir yak\u0131n t\u00fcrk edebiyat\u0131 tarihi olarak da okunabilir. <\/p>\n","protected":false},"excerpt":{"rendered":"<p>T\u00fcrk Edebiyat\u0131n\u0131 merkeze alan en ilgin\u00e7 serilerden biri olan Bahama Ku\u015fkusu Serisinin yeni halkas\u0131n\u0131 Alper \u00c7eker\u2019in D\u0131\u015f Politika Yaz\u0131lar\u0131 olu\u015fturuyor. T\u00fcrk edebiyat\u0131n\u0131n en ayr\u0131ks\u0131 yazarlar\u0131ndan biri<span class=\"excerpt-hellip\"> [\u2026]<\/span><\/p>\n","protected":false},"featured_media":0,"template":"","meta":{"_monsterinsights_skip_tracking":false,"_monsterinsights_sitenote_active":false,"_monsterinsights_sitenote_note":"","_monsterinsights_sitenote_category":0},"product_brand":[],"product_cat":[12274,12284],"product_tag":[],"class_list":{"0":"post-711034","1":"product","2":"type-product","3":"status-publish","5":"product_cat-cocuk-ve-genclik-kitaplari","6":"product_cat-hikayeler","7":"pa_cilt-ciltsiz","8":"pa_tur-kitap","9":"pa_yayinevi-altikirkbes-yayinlari","10":"pa_yazar-alper-ceker","12":"first","13":"instock","14":"sale","15":"shipping-taxable","16":"purchasable","17":"product-type-simple"},"_links":{"self":[{"href":"https:\/\/roveyayinevi.com.tr\/index.php\/wp-json\/wp\/v2\/product\/711034","targetHints":{"allow":["GET"]}}],"collection":[{"href":"https:\/\/roveyayinevi.com.tr\/index.php\/wp-json\/wp\/v2\/product"}],"about":[{"href":"https:\/\/roveyayinevi.com.tr\/index.php\/wp-json\/wp\/v2\/types\/product"}],"wp:attachment":[{"href":"https:\/\/roveyayinevi.com.tr\/index.php\/wp-json\/wp\/v2\/media?parent=711034"}],"wp:term":[{"taxonomy":"product_brand","embeddable":true,"href":"https:\/\/roveyayinevi.com.tr\/index.php\/wp-json\/wp\/v2\/product_brand?post=711034"},{"taxonomy":"product_cat","embeddable":true,"href":"https:\/\/roveyayinevi.com.tr\/index.php\/wp-json\/wp\/v2\/product_cat?post=711034"},{"taxonomy":"product_tag","embeddable":true,"href":"https:\/\/roveyayinevi.com.tr\/index.php\/wp-json\/wp\/v2\/product_tag?post=711034"}],"curies":[{"name":"wp","href":"https:\/\/api.w.org\/{rel}","templated":true}]}}