{"id":711032,"date":"2025-08-27T16:41:32","date_gmt":"2025-08-27T13:41:32","guid":{"rendered":"https:\/\/roveyayinevi.com.tr\/index.php\/urun\/4n1k-2-on-ikiden-sonra\/"},"modified":"2025-12-30T10:10:08","modified_gmt":"2025-12-30T07:10:08","slug":"4n1k-2-on-ikiden-sonra","status":"publish","type":"product","link":"https:\/\/roveyayinevi.com.tr\/index.php\/urun\/4n1k-2-on-ikiden-sonra\/","title":{"rendered":"4N1K &#8211; 2 On \u0130kiden Sonra"},"content":{"rendered":"<p>\u00c7ETE GER\u0130 D\u00d6N\u00dcYOR!  \u201cA\u015fk i\u00e7in yap\u0131lacaklar listesi\u201dne uymak zorunda olan Yaprak, \u00e7eteyi toparlamakta giderek zorluk \u00e7eken Ali, mikser gibi s\u00fcrekli ortal\u0131\u011f\u0131 kar\u0131\u015ft\u0131ran O\u011fuz, \u00f6fke, k\u00fcf\u00fcr ve k\u0131skan\u00e7l\u0131k problemini kontrol alt\u0131na  almak i\u00e7in psikolo\u011fa giden G\u00f6khan ve hayat\u0131n\u0131n kad\u0131n\u0131n\u0131 bulmak i\u00e7in gizemli bir internet karakteri yaratan Sinan\u2026  Bar\u0131\u015f, Yaprak\u2019a a\u015fk ko\u00e7lu\u011fu yapmak i\u00e7in gizlice \u00e7etenin karma\u015f\u0131k hayat\u0131n\u0131n tam ortas\u0131nda biter.  Ve en \u00f6nemlisi, Yaprak ge\u00e7mi\u015ften gelen b\u00fcy\u00fck gizemi \u00e7\u00f6zebilecek midir? <\/p>\n","protected":false},"excerpt":{"rendered":"<p>\u00c7ETE GER\u0130 D\u00d6N\u00dcYOR! \u201cA\u015fk i\u00e7in yap\u0131lacaklar listesi\u201dne uymak zorunda olan Yaprak, \u00e7eteyi toparlamakta giderek zorluk \u00e7eken Ali, mikser gibi s\u00fcrekli ortal\u0131\u011f\u0131 kar\u0131\u015ft\u0131ran O\u011fuz, \u00f6fke, k\u00fcf\u00fcr ve<span class=\"excerpt-hellip\"> [\u2026]<\/span><\/p>\n","protected":false},"featured_media":0,"template":"","meta":{"_monsterinsights_skip_tracking":false,"_monsterinsights_sitenote_active":false,"_monsterinsights_sitenote_note":"","_monsterinsights_sitenote_category":0},"product_brand":[],"product_cat":[12291,12711],"product_tag":[],"class_list":{"0":"post-711032","1":"product","2":"type-product","3":"status-publish","5":"product_cat-edebiyat","6":"product_cat-roman-oyku","7":"pa_cilt-ciltsiz","8":"pa_tur-kitap","9":"pa_yayinevi-epsilon-yayinlari","10":"pa_yazar-busra-yilmaz","12":"first","13":"instock","14":"sale","15":"shipping-taxable","16":"purchasable","17":"product-type-simple"},"_links":{"self":[{"href":"https:\/\/roveyayinevi.com.tr\/index.php\/wp-json\/wp\/v2\/product\/711032","targetHints":{"allow":["GET"]}}],"collection":[{"href":"https:\/\/roveyayinevi.com.tr\/index.php\/wp-json\/wp\/v2\/product"}],"about":[{"href":"https:\/\/roveyayinevi.com.tr\/index.php\/wp-json\/wp\/v2\/types\/product"}],"wp:attachment":[{"href":"https:\/\/roveyayinevi.com.tr\/index.php\/wp-json\/wp\/v2\/media?parent=711032"}],"wp:term":[{"taxonomy":"product_brand","embeddable":true,"href":"https:\/\/roveyayinevi.com.tr\/index.php\/wp-json\/wp\/v2\/product_brand?post=711032"},{"taxonomy":"product_cat","embeddable":true,"href":"https:\/\/roveyayinevi.com.tr\/index.php\/wp-json\/wp\/v2\/product_cat?post=711032"},{"taxonomy":"product_tag","embeddable":true,"href":"https:\/\/roveyayinevi.com.tr\/index.php\/wp-json\/wp\/v2\/product_tag?post=711032"}],"curies":[{"name":"wp","href":"https:\/\/api.w.org\/{rel}","templated":true}]}}