{"id":711030,"date":"2025-08-27T16:41:31","date_gmt":"2025-08-27T13:41:31","guid":{"rendered":"https:\/\/roveyayinevi.com.tr\/index.php\/urun\/iki-devir-iki-kadin\/"},"modified":"2026-04-16T02:19:46","modified_gmt":"2026-04-15T23:19:46","slug":"iki-devir-iki-kadin","status":"publish","type":"product","link":"https:\/\/roveyayinevi.com.tr\/index.php\/urun\/iki-devir-iki-kadin\/","title":{"rendered":"\u0130ki Devir \u0130ki Kad\u0131n"},"content":{"rendered":"<p>\u0130ki Devir \u0130ki Kad\u0131n M\u00fcnevver ile Perizat&#8217;\u0131n Roman\u0131     \u0130ki Devir \u0130ki Kad\u0131n, \u0130kinci Me\u015frutiyet\u2019in ilan\u0131ndan sekiz y\u0131l sonra ba\u015flay\u0131p, Cumhuriyet\u2019in seksen d\u00f6rd\u00fcnc\u00fc y\u0131l\u0131na kadar uzanan zaman diliminde iki kad\u0131n\u0131n ya\u015fam\u0131ndan kesitler sunuyor. M\u00fcnevver ve k\u0131z\u0131 Perizat\u2019\u0131n \u00e7evresinde \u00f6r\u00fclen roman, sava\u015flar, g\u00f6\u00e7ler ve k\u00f6kl\u00fc de\u011fi\u015fimlerle \u00e7alkalanan d\u00f6nemde, onlar\u0131n kad\u0131n olarak var olma m\u00fccadelelerine ve hayata tutunma \u00e7abalar\u0131na ayna tutuyor. \u00dclker Banguo\u011flu Bilgin\u2019in bu ilk roman\u0131, bir ge\u00e7i\u015f d\u00f6nemi \u00f6yk\u00fcs\u00fc olarak \u00fclkemizin toplumsal d\u00f6n\u00fc\u015f\u00fcmlerine de tan\u0131kl\u0131k ediyor. <\/p>\n","protected":false},"excerpt":{"rendered":"<p>\u0130ki Devir \u0130ki Kad\u0131n M\u00fcnevver ile Perizat&#8217;\u0131n Roman\u0131 \u0130ki Devir \u0130ki Kad\u0131n, \u0130kinci Me\u015frutiyet\u2019in ilan\u0131ndan sekiz y\u0131l sonra ba\u015flay\u0131p, Cumhuriyet\u2019in seksen d\u00f6rd\u00fcnc\u00fc y\u0131l\u0131na kadar uzanan zaman<span class=\"excerpt-hellip\"> [\u2026]<\/span><\/p>\n","protected":false},"featured_media":0,"template":"","meta":{"_monsterinsights_skip_tracking":false,"_monsterinsights_sitenote_active":false,"_monsterinsights_sitenote_note":"","_monsterinsights_sitenote_category":0},"product_brand":[],"product_cat":[12291,12711],"product_tag":[],"class_list":{"0":"post-711030","1":"product","2":"type-product","3":"status-publish","5":"product_cat-edebiyat","6":"product_cat-roman-oyku","7":"pa_cilt-ciltsiz","8":"pa_tur-kitap","9":"pa_yayinevi-remzi-kitabevi","10":"pa_yazar-ulker-banguoglu-bilgin","12":"first","13":"instock","14":"sale","15":"shipping-taxable","16":"purchasable","17":"product-type-simple"},"_links":{"self":[{"href":"https:\/\/roveyayinevi.com.tr\/index.php\/wp-json\/wp\/v2\/product\/711030","targetHints":{"allow":["GET"]}}],"collection":[{"href":"https:\/\/roveyayinevi.com.tr\/index.php\/wp-json\/wp\/v2\/product"}],"about":[{"href":"https:\/\/roveyayinevi.com.tr\/index.php\/wp-json\/wp\/v2\/types\/product"}],"wp:attachment":[{"href":"https:\/\/roveyayinevi.com.tr\/index.php\/wp-json\/wp\/v2\/media?parent=711030"}],"wp:term":[{"taxonomy":"product_brand","embeddable":true,"href":"https:\/\/roveyayinevi.com.tr\/index.php\/wp-json\/wp\/v2\/product_brand?post=711030"},{"taxonomy":"product_cat","embeddable":true,"href":"https:\/\/roveyayinevi.com.tr\/index.php\/wp-json\/wp\/v2\/product_cat?post=711030"},{"taxonomy":"product_tag","embeddable":true,"href":"https:\/\/roveyayinevi.com.tr\/index.php\/wp-json\/wp\/v2\/product_tag?post=711030"}],"curies":[{"name":"wp","href":"https:\/\/api.w.org\/{rel}","templated":true}]}}