{"id":711028,"date":"2025-08-27T16:41:30","date_gmt":"2025-08-27T13:41:30","guid":{"rendered":"https:\/\/roveyayinevi.com.tr\/index.php\/urun\/antikcagda-korsanlik\/"},"modified":"2026-04-16T02:19:46","modified_gmt":"2026-04-15T23:19:46","slug":"antikcagda-korsanlik","status":"publish","type":"product","link":"https:\/\/roveyayinevi.com.tr\/index.php\/urun\/antikcagda-korsanlik\/","title":{"rendered":"Antik\u00e7a\u011f&#8217;da Korsanl\u0131k"},"content":{"rendered":"<p>Akdeniz\u2019e k\u0131y\u0131s\u0131 olan t\u00fcm halklar\u0131n korsanl\u0131kla ilgili uzun bir tarihi vard\u0131r. Bu tarihle ilgili de \u00e7ok say\u0131da kitap\u2026 J.-M. Sestier, Akdeniz merkezinde korsanl\u0131k ve denizcilik tarihi ile ilgilenen okurlar\u0131n g\u00f6zden ka\u00e7\u0131rmamas\u0131 gereken bir \u00e7al\u0131\u015fmay\u0131 kaleme al\u0131yor. Antik\u00e7a\u011f\u2019da yaz\u0131lan metinler aras\u0131ndan y\u00fczlercesini belirleyip, bunlara modern ara\u015ft\u0131rmac\u0131lar\u0131n metinlerinde yakalad\u0131\u011f\u0131 ilgin\u00e7 verileri de ekleyerek Akdeniz\u2019e \u00f6zg\u00fc nitelikli bir korsanlar ve korsanl\u0131k tarihini ortaya \u00e7\u0131kar\u0131yor. Bin y\u0131ldan \u00e7ok daha uzun bir s\u00fcre korsanl\u0131\u011f\u0131n t\u00fcm Akdeniz\u2019de ni\u00e7in sayg\u0131n bir meslek olarak kabul g\u00f6rd\u00fc\u011f\u00fcn\u00fc ve bu zihniyete Roma\u2019n\u0131n ne zaman ve nas\u0131l son verdi\u011fini derinlemesine a\u00e7\u0131kl\u0131yor. Sonunda korsanl\u0131\u011f\u0131 yasa d\u0131\u015f\u0131 bir eylem olarak kabul eden Roma ger\u00e7ekle\u015ftirdi\u011fi zihniyet de\u011fi\u015fikli\u011fi sayesinde Akdeniz\u2019in y\u00fczy\u0131llar boyunca sakin, huzurlu bir denize d\u00f6n\u00fc\u015fmesini sa\u011flam\u0131\u015ft\u0131r. B\u00f6ylelikle d\u00fcnyan\u0131n bu co\u011frafyas\u0131nda ticaret, k\u00fclt\u00fcr-zihniyet alan\u0131nda \u00e7ok h\u0131zl\u0131 bir geli\u015fme ya\u015fanm\u0131\u015f, refah da artm\u0131\u015ft\u0131r. Bu yar\u0131 masals\u0131 yar\u0131 ger\u00e7ek g\u00f6r\u00fcn\u00fcme sahip bir denizin tarihinde \u00f6zellikle Ege Denizi ve Akdeniz b\u00f6lgesiyle ilgili ilgin\u00e7 veriler yer almaktad\u0131r. Alt\u0131n Post, Korsan prenslerin adas\u0131 Samos, Sak\u0131z, Marsilya\u2019ya g\u00f6\u00e7 eden Fo\u00e7al\u0131lar, Didim\u2019in kar\u015f\u0131s\u0131ndaki bir adada korsanlara esir d\u00fc\u015fen Julius Sezar, muhte\u015fem korsan kad\u0131rgalar\u0131, Kilikya olarak an\u0131lan Toroslardaki korsan, e\u015fk\u0131ya yuvalar\u0131 ve s\u0131ra d\u0131\u015f\u0131 daha pek \u00e7ok olay\u0131n ya\u015fand\u0131\u011f\u0131 bu co\u011frafyan\u0131n ge\u00e7mi\u015fi hakk\u0131nda bize \u015fa\u015f\u0131rt\u0131c\u0131 bilgiler sunuyor. Korsanlar\u0131n Akdeniz\u2019de hi\u00e7 bitmeyen yolculu\u011fu, deniz imparatorluklar\u0131, k\u0131y\u0131 ve koylardaki amans\u0131z h\u00e2kimiyet m\u00fccadeleleri, sava\u015flar, esirler, k\u00f6le ticareti ve ganimet pe\u015finde ko\u015fan say\u0131s\u0131z maceraperest\u2026 Tarih ile denizcili\u011fi bulu\u015fturan herkesin merakla okuyaca\u011f\u0131 bir kitap. <\/p>\n","protected":false},"excerpt":{"rendered":"<p>Akdeniz\u2019e k\u0131y\u0131s\u0131 olan t\u00fcm halklar\u0131n korsanl\u0131kla ilgili uzun bir tarihi vard\u0131r. Bu tarihle ilgili de \u00e7ok say\u0131da kitap\u2026 J.-M. Sestier, Akdeniz merkezinde korsanl\u0131k ve denizcilik tarihi<span class=\"excerpt-hellip\"> [\u2026]<\/span><\/p>\n","protected":false},"featured_media":0,"template":"","meta":{"_monsterinsights_skip_tracking":false,"_monsterinsights_sitenote_active":false,"_monsterinsights_sitenote_note":"","_monsterinsights_sitenote_category":0},"product_brand":[],"product_cat":[12305,12304],"product_tag":[],"class_list":{"0":"post-711028","1":"product","2":"type-product","3":"status-publish","5":"product_cat-dunya-tarihi","6":"product_cat-tarih","7":"pa_cilt-ciltsiz","8":"pa_tur-kitap","9":"pa_yayinevi-dogu-bati-yayinlari","10":"pa_yazar-j-m-sestier","12":"first","13":"instock","14":"sale","15":"shipping-taxable","16":"purchasable","17":"product-type-simple"},"_links":{"self":[{"href":"https:\/\/roveyayinevi.com.tr\/index.php\/wp-json\/wp\/v2\/product\/711028","targetHints":{"allow":["GET"]}}],"collection":[{"href":"https:\/\/roveyayinevi.com.tr\/index.php\/wp-json\/wp\/v2\/product"}],"about":[{"href":"https:\/\/roveyayinevi.com.tr\/index.php\/wp-json\/wp\/v2\/types\/product"}],"wp:attachment":[{"href":"https:\/\/roveyayinevi.com.tr\/index.php\/wp-json\/wp\/v2\/media?parent=711028"}],"wp:term":[{"taxonomy":"product_brand","embeddable":true,"href":"https:\/\/roveyayinevi.com.tr\/index.php\/wp-json\/wp\/v2\/product_brand?post=711028"},{"taxonomy":"product_cat","embeddable":true,"href":"https:\/\/roveyayinevi.com.tr\/index.php\/wp-json\/wp\/v2\/product_cat?post=711028"},{"taxonomy":"product_tag","embeddable":true,"href":"https:\/\/roveyayinevi.com.tr\/index.php\/wp-json\/wp\/v2\/product_tag?post=711028"}],"curies":[{"name":"wp","href":"https:\/\/api.w.org\/{rel}","templated":true}]}}