{"id":711023,"date":"2025-08-27T16:41:27","date_gmt":"2025-08-27T13:41:27","guid":{"rendered":"https:\/\/roveyayinevi.com.tr\/index.php\/urun\/dinozor-yumurtasi\/"},"modified":"2026-04-16T02:19:45","modified_gmt":"2026-04-15T23:19:45","slug":"dinozor-yumurtasi","status":"publish","type":"product","link":"https:\/\/roveyayinevi.com.tr\/index.php\/urun\/dinozor-yumurtasi\/","title":{"rendered":"Dinozor Yumurtas\u0131"},"content":{"rendered":"<p>Bana bunlar\u0131 Erendiz \u00d6nal ad\u0131nda, \u00fc\u00e7 bu\u00e7uk ya\u015f\u0131ndaki bir \u00e7ocuk anlatt\u0131. \u201cBir s\u0131rr\u0131m var,\u201d dedi. \u201cDinlemek ister misin?\u201d Anlatt\u0131, ben de onun kalemi oldum. Bir yazar i\u00e7in en de\u011ferli hediye, hi\u00e7 ku\u015fkusuz bir \u00e7ocuktan ald\u0131\u011f\u0131 \u00f6yk\u00fcd\u00fcr. Erendiz sessizce yan\u0131ma geldi, etraf\u0131na bakt\u0131, kimseler yoktu. F\u0131s\u0131lt\u0131yla anlatmaya ba\u015flad\u0131:\u201cBir s\u0131rr\u0131m var\u2026\u201d <\/p>\n","protected":false},"excerpt":{"rendered":"<p>Bana bunlar\u0131 Erendiz \u00d6nal ad\u0131nda, \u00fc\u00e7 bu\u00e7uk ya\u015f\u0131ndaki bir \u00e7ocuk anlatt\u0131. \u201cBir s\u0131rr\u0131m var,\u201d dedi. \u201cDinlemek ister misin?\u201d Anlatt\u0131, ben de onun kalemi oldum. Bir yazar<span class=\"excerpt-hellip\"> [\u2026]<\/span><\/p>\n","protected":false},"featured_media":0,"template":"","meta":{"_monsterinsights_skip_tracking":false,"_monsterinsights_sitenote_active":false,"_monsterinsights_sitenote_note":"","_monsterinsights_sitenote_category":0},"product_brand":[],"product_cat":[12275,12274],"product_tag":[],"class_list":{"0":"post-711023","1":"product","2":"type-product","3":"status-publish","5":"product_cat-6-12-yas-kitaplari","6":"product_cat-cocuk-ve-genclik-kitaplari","7":"pa_cilt-ciltsiz","8":"pa_tur-kitap","9":"pa_yayinevi-pegasus-yayinlari","10":"pa_yazar-asa-lind-emelie-ostergren","12":"first","13":"instock","14":"sale","15":"shipping-taxable","16":"purchasable","17":"product-type-simple"},"_links":{"self":[{"href":"https:\/\/roveyayinevi.com.tr\/index.php\/wp-json\/wp\/v2\/product\/711023","targetHints":{"allow":["GET"]}}],"collection":[{"href":"https:\/\/roveyayinevi.com.tr\/index.php\/wp-json\/wp\/v2\/product"}],"about":[{"href":"https:\/\/roveyayinevi.com.tr\/index.php\/wp-json\/wp\/v2\/types\/product"}],"wp:attachment":[{"href":"https:\/\/roveyayinevi.com.tr\/index.php\/wp-json\/wp\/v2\/media?parent=711023"}],"wp:term":[{"taxonomy":"product_brand","embeddable":true,"href":"https:\/\/roveyayinevi.com.tr\/index.php\/wp-json\/wp\/v2\/product_brand?post=711023"},{"taxonomy":"product_cat","embeddable":true,"href":"https:\/\/roveyayinevi.com.tr\/index.php\/wp-json\/wp\/v2\/product_cat?post=711023"},{"taxonomy":"product_tag","embeddable":true,"href":"https:\/\/roveyayinevi.com.tr\/index.php\/wp-json\/wp\/v2\/product_tag?post=711023"}],"curies":[{"name":"wp","href":"https:\/\/api.w.org\/{rel}","templated":true}]}}