{"id":711022,"date":"2025-08-27T16:41:26","date_gmt":"2025-08-27T13:41:26","guid":{"rendered":"https:\/\/roveyayinevi.com.tr\/index.php\/urun\/oyku-cemberi-set-10-kitap-takim\/"},"modified":"2026-04-16T02:19:45","modified_gmt":"2026-04-15T23:19:45","slug":"oyku-cemberi-set-10-kitap-takim","status":"publish","type":"product","link":"https:\/\/roveyayinevi.com.tr\/index.php\/urun\/oyku-cemberi-set-10-kitap-takim\/","title":{"rendered":"\u00d6yk\u00fc \u00c7emberi Set &#8211; 10 Kitap Tak\u0131m"},"content":{"rendered":"<p>\u00d6yk\u00fc \u00c7emberi setinde yer alan kitaplar, okul \u00f6ncesi \u00e7a\u011f\u0131ndaki \u00e7ocuklar\u0131n de\u011ferler e\u011fitimine katk\u0131da bulunuyor. Farkl\u0131 kavramlar\u0131 yal\u0131n bir dille ele alan bu \u00f6yk\u00fcler, e\u011fitimcilerin ve ebeveynlerin \u00e7ocuklar\u0131yla diyalojik okuma yapmas\u0131 i\u00e7in 200&#8217;\u00fc a\u015fk\u0131n etkinlik \u00f6nerisi i\u00e7eriyor.\u00d6yk\u00fc \u00c7emberi&#8217;nin her bir kitab\u0131nda okuru, \u00e7ocuklar\u0131n karakter geli\u015fimini do\u011frudan etkileyen bir de\u011ferin ak\u0131lda kal\u0131c\u0131 bir hik\u00e2ye ve ola\u011fan\u00fcst\u00fc ahenkli resimlerle sunuldu\u011fu e\u011flenceli dakikalar bekliyor.\u00d6yk\u00fc \u00c7emberi &#8211; Etkinlikli Okul \u00d6ncesi \u00d6yk\u00fc Seti, edebi ve g\u00f6rsel niteli\u011fi y\u00fcksek toplam on \u00f6yk\u00fc kitab\u0131ndan olu\u015fuyor. Yirmi d\u00f6rt sayfal\u0131k \u00f6yk\u00fc kitaplar\u0131n\u0131n isimleri ve kitaplarda ele al\u0131nan de\u011ferler ise \u015funlar:Evim Evim G\u00fczel Evim (Yard\u0131mla\u015fma)Canavar Otu (Bar\u0131\u015f)Kirpicik ve Farecik (Sorumluluk)Z\u0131plamaktan Yoruldum! (D\u00fcr\u00fcstl\u00fck)K\u00fc\u00e7\u00fck Dinozor Resim Yapmak \u0130stemiyor! (\u00d6zg\u00fcven)Dans Eden Ar\u0131lar (Sab\u0131r)Yusuf&#8217;un \u00c7i\u00e7ekleri (Nezaket)Tatil Bitti K\u0131rlang\u0131\u00e7lar Nereye Gitti? (Temizlik)Aceleci Sincab\u0131n En G\u00fczel G\u00fcn\u00fc (\u00c7al\u0131\u015fkanl\u0131k)Badem G\u00f6zl\u00fcm (Empati) <\/p>\n","protected":false},"excerpt":{"rendered":"<p>\u00d6yk\u00fc \u00c7emberi setinde yer alan kitaplar, okul \u00f6ncesi \u00e7a\u011f\u0131ndaki \u00e7ocuklar\u0131n de\u011ferler e\u011fitimine katk\u0131da bulunuyor. Farkl\u0131 kavramlar\u0131 yal\u0131n bir dille ele alan bu \u00f6yk\u00fcler, e\u011fitimcilerin ve ebeveynlerin<span class=\"excerpt-hellip\"> [\u2026]<\/span><\/p>\n","protected":false},"featured_media":0,"template":"","meta":{"_monsterinsights_skip_tracking":false,"_monsterinsights_sitenote_active":false,"_monsterinsights_sitenote_note":"","_monsterinsights_sitenote_category":0},"product_brand":[],"product_cat":[12274,12518],"product_tag":[],"class_list":{"0":"post-711022","1":"product","2":"type-product","3":"status-publish","5":"product_cat-cocuk-ve-genclik-kitaplari","6":"product_cat-okul-oncesi-kitaplar","7":"pa_cilt-ciltsiz","8":"pa_tur-kitap","9":"pa_yayinevi-timas-cocuk","10":"pa_yazar-aysel-gurmen","12":"first","13":"instock","14":"sale","15":"shipping-taxable","16":"purchasable","17":"product-type-simple"},"_links":{"self":[{"href":"https:\/\/roveyayinevi.com.tr\/index.php\/wp-json\/wp\/v2\/product\/711022","targetHints":{"allow":["GET"]}}],"collection":[{"href":"https:\/\/roveyayinevi.com.tr\/index.php\/wp-json\/wp\/v2\/product"}],"about":[{"href":"https:\/\/roveyayinevi.com.tr\/index.php\/wp-json\/wp\/v2\/types\/product"}],"wp:attachment":[{"href":"https:\/\/roveyayinevi.com.tr\/index.php\/wp-json\/wp\/v2\/media?parent=711022"}],"wp:term":[{"taxonomy":"product_brand","embeddable":true,"href":"https:\/\/roveyayinevi.com.tr\/index.php\/wp-json\/wp\/v2\/product_brand?post=711022"},{"taxonomy":"product_cat","embeddable":true,"href":"https:\/\/roveyayinevi.com.tr\/index.php\/wp-json\/wp\/v2\/product_cat?post=711022"},{"taxonomy":"product_tag","embeddable":true,"href":"https:\/\/roveyayinevi.com.tr\/index.php\/wp-json\/wp\/v2\/product_tag?post=711022"}],"curies":[{"name":"wp","href":"https:\/\/api.w.org\/{rel}","templated":true}]}}