{"id":711021,"date":"2025-08-27T16:41:26","date_gmt":"2025-08-27T13:41:26","guid":{"rendered":"https:\/\/roveyayinevi.com.tr\/index.php\/urun\/emiyor-mu-mukemmel-annelik-beni-teget-gecti\/"},"modified":"2026-04-16T02:19:45","modified_gmt":"2026-04-15T23:19:45","slug":"emiyor-mu-mukemmel-annelik-beni-teget-gecti","status":"publish","type":"product","link":"https:\/\/roveyayinevi.com.tr\/index.php\/urun\/emiyor-mu-mukemmel-annelik-beni-teget-gecti\/","title":{"rendered":"Emiyor mu? M\u00fckemmel Annelik Beni Te\u011fet Ge\u00e7ti"},"content":{"rendered":"<p>M\u00dcKEMMEL ANNEL\u0130K BEN\u0130 TE\u011eET GE\u00c7T\u0130 &#8220;Nas\u0131l do\u011fdu?&#8221;\u201cNormal do\u011furdun de\u011fil mi?\u201d\u201cNiye a\u011fl\u0131yor?\u201d\u201cBu \u00e7ocuk a\u00e7.\u201d&#8221;Kuca\u011fa al\u0131\u015ft\u0131rm\u0131\u015fs\u0131n.&#8221;&#8221;Ben hamileyken 2 kilo alm\u0131\u015ft\u0131m, emzirirken 32 kilo verdim.&#8221;\u201cSen daha dur, bunlar iyi g\u00fcnlerin.\u201d\u201cSa\u00e7\u0131n\u0131 kestir, erkek \u00e7ocuk uzun sa\u00e7l\u0131 olmaz.\u201d Ve hemen her yeni annenin duydu\u011fu o me\u015fhur soru: &#8220;Emiyor mu?&#8221; Anneli\u011fimin ilk zamanlar\u0131nda kendimle ve kitaplardan okuyup da \u201cB\u00f6yle bir anne olaca\u011f\u0131m\u201d diye yemin etti\u011fim, ancak \u00e7ok k\u0131sa s\u00fcrede tarumar olan m\u00fckemmel annelik hayallerimle sava\u015ft\u0131\u011f\u0131m yetmiyormu\u015f gibi bir de yeni anne dedekt\u00f6rleriyle sava\u015ft\u0131m; bu topraklarda do\u011furan t\u00fcm analar gibi. Sonra bunlardan rahats\u0131z olmamaya, hatta kendi \u00fczerimizde kurdu\u011fumuz ve farkl\u0131 bi\u00e7imlerde kar\u015f\u0131m\u0131za \u00e7\u0131kan t\u00fcm bu bask\u0131larla e\u011flenmeye; ba\u015fta kendime, t\u00fcm b\u00fcy\u00fck konu\u015ftuklar\u0131ma, hepsine #hihieved demeye ba\u015flad\u0131m. Annelik deneyimimde hi\u00e7bir \u015fey, herkesin her \u015feyi bildi\u011fi ve anlatt\u0131\u011f\u0131 gibi olmad\u0131.M\u00fckemmel annelik beni te\u011fet ge\u00e7ti. \u0130yi ki de ge\u00e7ti. <\/p>\n","protected":false},"excerpt":{"rendered":"<p>M\u00dcKEMMEL ANNEL\u0130K BEN\u0130 TE\u011eET GE\u00c7T\u0130 &#8220;Nas\u0131l do\u011fdu?&#8221;\u201cNormal do\u011furdun de\u011fil mi?\u201d\u201cNiye a\u011fl\u0131yor?\u201d\u201cBu \u00e7ocuk a\u00e7.\u201d&#8221;Kuca\u011fa al\u0131\u015ft\u0131rm\u0131\u015fs\u0131n.&#8221;&#8221;Ben hamileyken 2 kilo alm\u0131\u015ft\u0131m, emzirirken 32 kilo verdim.&#8221;\u201cSen daha dur, bunlar iyi<span class=\"excerpt-hellip\"> [\u2026]<\/span><\/p>\n","protected":false},"featured_media":0,"template":"","meta":{"_monsterinsights_skip_tracking":false,"_monsterinsights_sitenote_active":false,"_monsterinsights_sitenote_note":"","_monsterinsights_sitenote_category":0},"product_brand":[],"product_cat":[12831,12324],"product_tag":[],"class_list":{"0":"post-711021","1":"product","2":"type-product","3":"status-publish","5":"product_cat-aile-ve-cocuk","6":"product_cat-sosyoloji","7":"pa_cilt-ciltsiz","8":"pa_tur-kitap","9":"pa_yayinevi-indigo-kitap","10":"pa_yazar-hande-birsay","12":"first","13":"instock","14":"sale","15":"shipping-taxable","16":"purchasable","17":"product-type-simple"},"_links":{"self":[{"href":"https:\/\/roveyayinevi.com.tr\/index.php\/wp-json\/wp\/v2\/product\/711021","targetHints":{"allow":["GET"]}}],"collection":[{"href":"https:\/\/roveyayinevi.com.tr\/index.php\/wp-json\/wp\/v2\/product"}],"about":[{"href":"https:\/\/roveyayinevi.com.tr\/index.php\/wp-json\/wp\/v2\/types\/product"}],"wp:attachment":[{"href":"https:\/\/roveyayinevi.com.tr\/index.php\/wp-json\/wp\/v2\/media?parent=711021"}],"wp:term":[{"taxonomy":"product_brand","embeddable":true,"href":"https:\/\/roveyayinevi.com.tr\/index.php\/wp-json\/wp\/v2\/product_brand?post=711021"},{"taxonomy":"product_cat","embeddable":true,"href":"https:\/\/roveyayinevi.com.tr\/index.php\/wp-json\/wp\/v2\/product_cat?post=711021"},{"taxonomy":"product_tag","embeddable":true,"href":"https:\/\/roveyayinevi.com.tr\/index.php\/wp-json\/wp\/v2\/product_tag?post=711021"}],"curies":[{"name":"wp","href":"https:\/\/api.w.org\/{rel}","templated":true}]}}