{"id":711019,"date":"2025-08-27T16:41:25","date_gmt":"2025-08-27T13:41:25","guid":{"rendered":"https:\/\/roveyayinevi.com.tr\/index.php\/urun\/buddhizm-sozlugu\/"},"modified":"2026-04-16T02:19:45","modified_gmt":"2026-04-15T23:19:45","slug":"buddhizm-sozlugu","status":"publish","type":"product","link":"https:\/\/roveyayinevi.com.tr\/index.php\/urun\/buddhizm-sozlugu\/","title":{"rendered":"Buddhizm S\u00f6zl\u00fc\u011f\u00fc"},"content":{"rendered":"<p>Hindistan, Bat\u0131\u2019y\u0131 masal edebiyat\u0131yla, Do\u011fu\u2019yu ise Buddhizm yoluyla etkilemi\u015ftir. 2500 y\u0131ll\u0131k bir ge\u00e7mi\u015fe sahip olan Buddhizmi, yay\u0131ld\u0131\u011f\u0131 sahalar\u0131n \u00f6zelliklerini de g\u00f6z \u00f6n\u00fcne alarak tam m\u00e2n\u00e2s\u0131yla anlamak i\u00e7in, konuyla ilgili kitaplar okumak, terimlere al\u0131\u015fmak ve biraz gayret sarf etmek \u015fartt\u0131r. Korhan Kaya\u2019n\u0131n Buddhizm S\u00f6zl\u00fc\u011f\u00fc ise bu alanda b\u00fcy\u00fck bir bo\u015flu\u011fu dolduruyor. Yaln\u0131zca bir s\u00f6zl\u00fck olarak de\u011fil, bir kitap gibi ba\u015ftan sona okundu\u011funda neredeyse her maddede Do\u011fu bilgeli\u011finin b\u00fcy\u00fck yol izleri g\u00f6r\u00fclecektir. Buddha\u2019n\u0131n felsefesini, Buddha \u00f6ld\u00fckten yakla\u015f\u0131k y\u00fcz y\u0131l sonra ba\u015flayan hizip hareketlerinin neticesinde ortaya \u00e7\u0131kan iki ana ak\u0131m\u0131, yani H\u012bn\u0101yana ve Mah\u0101y\u0101na\u2019y\u0131 tam olarak anlamak, \u015er\u012bLank\u0101 ba\u015fta olmak \u00fczere G\u00fcney Asya\u2019ya yay\u0131lm\u0131\u015f olan G\u00fcney Buddhizmini (Therav\u0101da\u2019y\u0131) ve \u00f6zellikle de Kuzey Asya\u2019da \u00e7ok etkin olan Mah\u0101y\u0101naBuddhizmi\u2019nin \u00c7in, Kore, Japon ve Tibet varyantlar\u0131n\u0131 do\u011fru anlayabilmek i\u00e7in bir k\u0131lavuza gereksinim vard\u0131r. Bu s\u00f6zl\u00fck, ba\u015fta Hint Buddhizmi olmak \u00fczere, Hindistan d\u0131\u015f\u0131nda yay\u0131ld\u0131\u011f\u0131 co\u011frafyalar\u0131n farkl\u0131 dil ve k\u00fclt\u00fcrlerindeki Buddhist olu\u015fumlar\u0131n\u0131n en belli ba\u015fl\u0131 yer, kavram ve ki\u015filerini do\u011fru izah edebilmek ve okuyucuyu Buddhizm konusunda ayd\u0131nlatmak \u00fczere haz\u0131rlanm\u0131\u015ft\u0131r. Uygur Buddhizmi ile ilgili konulara da de\u011finen bu s\u00f6zl\u00fck, sosyal bilimlerin pek \u00e7ok farkl\u0131 disiplinine ve ayr\u0131ca teoloji ile ilgilenen her t\u00fcrl\u00fc okuyucuya hitap etmektedir. <\/p>\n","protected":false},"excerpt":{"rendered":"<p>Hindistan, Bat\u0131\u2019y\u0131 masal edebiyat\u0131yla, Do\u011fu\u2019yu ise Buddhizm yoluyla etkilemi\u015ftir. 2500 y\u0131ll\u0131k bir ge\u00e7mi\u015fe sahip olan Buddhizmi, yay\u0131ld\u0131\u011f\u0131 sahalar\u0131n \u00f6zelliklerini de g\u00f6z \u00f6n\u00fcne alarak tam m\u00e2n\u00e2s\u0131yla anlamak<span class=\"excerpt-hellip\"> [\u2026]<\/span><\/p>\n","protected":false},"featured_media":0,"template":"","meta":{"_monsterinsights_skip_tracking":false,"_monsterinsights_sitenote_active":false,"_monsterinsights_sitenote_note":"","_monsterinsights_sitenote_category":0},"product_brand":[],"product_cat":[12718,16794],"product_tag":[],"class_list":{"0":"post-711019","1":"product","2":"type-product","3":"status-publish","5":"product_cat-din","6":"product_cat-dinler-tarihi","7":"pa_cilt-ciltsiz","8":"pa_tur-dergi","9":"pa_yayinevi-dogu-bati-yayinlari","10":"pa_yazar-korhan-kaya","12":"first","13":"instock","14":"sale","15":"shipping-taxable","16":"purchasable","17":"product-type-simple"},"_links":{"self":[{"href":"https:\/\/roveyayinevi.com.tr\/index.php\/wp-json\/wp\/v2\/product\/711019","targetHints":{"allow":["GET"]}}],"collection":[{"href":"https:\/\/roveyayinevi.com.tr\/index.php\/wp-json\/wp\/v2\/product"}],"about":[{"href":"https:\/\/roveyayinevi.com.tr\/index.php\/wp-json\/wp\/v2\/types\/product"}],"wp:attachment":[{"href":"https:\/\/roveyayinevi.com.tr\/index.php\/wp-json\/wp\/v2\/media?parent=711019"}],"wp:term":[{"taxonomy":"product_brand","embeddable":true,"href":"https:\/\/roveyayinevi.com.tr\/index.php\/wp-json\/wp\/v2\/product_brand?post=711019"},{"taxonomy":"product_cat","embeddable":true,"href":"https:\/\/roveyayinevi.com.tr\/index.php\/wp-json\/wp\/v2\/product_cat?post=711019"},{"taxonomy":"product_tag","embeddable":true,"href":"https:\/\/roveyayinevi.com.tr\/index.php\/wp-json\/wp\/v2\/product_tag?post=711019"}],"curies":[{"name":"wp","href":"https:\/\/api.w.org\/{rel}","templated":true}]}}