{"id":711018,"date":"2025-08-27T16:41:24","date_gmt":"2025-08-27T13:41:24","guid":{"rendered":"https:\/\/roveyayinevi.com.tr\/index.php\/urun\/benim-evim-nerede\/"},"modified":"2026-04-16T02:19:45","modified_gmt":"2026-04-15T23:19:45","slug":"benim-evim-nerede","status":"publish","type":"product","link":"https:\/\/roveyayinevi.com.tr\/index.php\/urun\/benim-evim-nerede\/","title":{"rendered":"Benim Evim Nerede?"},"content":{"rendered":"<p>&#8220;Evrenin en g\u00fczel gezegeniymi\u015f D\u00fcnya&#8230; G\u00f6rkemli, berrak, mavi bir g\u00f6ky\u00fcz\u00fcne, ye\u015fil u\u00e7suz bucaks\u0131z bir yery\u00fcz\u00fcne sahipmi\u015f. Ama zamanla her \u015fey de\u011fi\u015fmi\u015f&#8230; G\u00f6ky\u00fcz\u00fcndeki mavi, yery\u00fcz\u00fcndeki ye\u015fil art\u0131k eskisi gibi de\u011filmi\u015f.&#8221; \u00c7evre bilincine sahip olmayan insanlar\u0131n m\u00fcdahalesi ile de\u011fi\u015fen d\u00fcnyaya, evini kaybeden Sincap&#8217;\u0131n naif \u00f6yk\u00fcs\u00fcyle \u015fahit oluyoruz.D\u00fcnyay\u0131 ke\u015ffetme \u00e7a\u011f\u0131nda olan okul \u00f6ncesi ya\u015f grubundaki \u00e7ocuklara  \u00e7evre bilinci kazand\u0131rman\u0131n en g\u00fczel yollar\u0131ndan biri; iyi bir kitap okumakt\u0131r. &#8220;Benim Evim Nerede?&#8221;  tam da bunun i\u00e7in okunacak bir kitap. Evrenin en g\u00fczel gezegenine ve \u00fczerinde ya\u015fayan t\u00fcm canl\u0131lara&#8230;<\/p>\n","protected":false},"excerpt":{"rendered":"<p>&#8220;Evrenin en g\u00fczel gezegeniymi\u015f D\u00fcnya&#8230; G\u00f6rkemli, berrak, mavi bir g\u00f6ky\u00fcz\u00fcne, ye\u015fil u\u00e7suz bucaks\u0131z bir yery\u00fcz\u00fcne sahipmi\u015f. Ama zamanla her \u015fey de\u011fi\u015fmi\u015f&#8230; G\u00f6ky\u00fcz\u00fcndeki mavi, yery\u00fcz\u00fcndeki ye\u015fil art\u0131k<span class=\"excerpt-hellip\"> [\u2026]<\/span><\/p>\n","protected":false},"featured_media":0,"template":"","meta":{"_monsterinsights_skip_tracking":false,"_monsterinsights_sitenote_active":false,"_monsterinsights_sitenote_note":"","_monsterinsights_sitenote_category":0},"product_brand":[],"product_cat":[15192,12274],"product_tag":[],"class_list":{"0":"post-711018","1":"product","2":"type-product","3":"status-publish","5":"product_cat-1-3-yas-kitaplari","6":"product_cat-cocuk-ve-genclik-kitaplari","7":"pa_cilt-ciltsiz","8":"pa_tur-kitap","9":"pa_yayinevi-timas-cocuk","10":"pa_yazar-sezen-aksu-tasyurek","12":"first","13":"instock","14":"sale","15":"shipping-taxable","16":"purchasable","17":"product-type-simple"},"_links":{"self":[{"href":"https:\/\/roveyayinevi.com.tr\/index.php\/wp-json\/wp\/v2\/product\/711018","targetHints":{"allow":["GET"]}}],"collection":[{"href":"https:\/\/roveyayinevi.com.tr\/index.php\/wp-json\/wp\/v2\/product"}],"about":[{"href":"https:\/\/roveyayinevi.com.tr\/index.php\/wp-json\/wp\/v2\/types\/product"}],"wp:attachment":[{"href":"https:\/\/roveyayinevi.com.tr\/index.php\/wp-json\/wp\/v2\/media?parent=711018"}],"wp:term":[{"taxonomy":"product_brand","embeddable":true,"href":"https:\/\/roveyayinevi.com.tr\/index.php\/wp-json\/wp\/v2\/product_brand?post=711018"},{"taxonomy":"product_cat","embeddable":true,"href":"https:\/\/roveyayinevi.com.tr\/index.php\/wp-json\/wp\/v2\/product_cat?post=711018"},{"taxonomy":"product_tag","embeddable":true,"href":"https:\/\/roveyayinevi.com.tr\/index.php\/wp-json\/wp\/v2\/product_tag?post=711018"}],"curies":[{"name":"wp","href":"https:\/\/api.w.org\/{rel}","templated":true}]}}