{"id":711017,"date":"2025-08-27T16:41:24","date_gmt":"2025-08-27T13:41:24","guid":{"rendered":"https:\/\/roveyayinevi.com.tr\/index.php\/urun\/dogunun-hukumdari\/"},"modified":"2026-04-16T02:19:45","modified_gmt":"2026-04-15T23:19:45","slug":"dogunun-hukumdari","status":"publish","type":"product","link":"https:\/\/roveyayinevi.com.tr\/index.php\/urun\/dogunun-hukumdari\/","title":{"rendered":"Do\u011funun H\u00fck\u00fcmdar\u0131"},"content":{"rendered":"<p>Araba Sevdas\u0131Yeni Kitap! &#8211; Da\u011f\u0131l\u0131m 06.11.2017\ufffcISBN: 978-605-4985-84-5Barkod: 9786054985845Ebat: 13,5*21Sayfa: 224T\u00fcr: T\u00fcrk KlasikleriRaf: Klasik, T\u00fcrk Klasikleri, RomanYazar(lar): Recaizade Mahmud EkremBask\u0131 Say\u0131s\u0131: 1Kitap kapa\u011f\u0131 i\u00e7in: t\u0131klay\u0131n\u0131z.Fiyat: 12,50 TLMaceraperest, \u015f\u0131mar\u0131k ve sorumsuz, babas\u0131ndan kalan miras\u0131 f\u00fctursuzca harcayan, me\u015fhur \u201calafranga z\u00fcppe\u201d Bihruz Bey\u2019in roman\u0131&#8230; Bihruz Bey, bir g\u00fcn son derece g\u00f6steri\u015fli landosuyla e\u011flence yerlerini ar\u015f\u0131nlarken, sar\u0131\u015f\u0131n g\u00fczel Perive\u015f Han\u0131m\u2019\u0131 g\u00f6r\u00fcp \u00e2\u015f\u0131k olur. Landosunun ihti\u015fam\u0131na aldan\u0131p y\u00fcksek bir mevkiden sand\u0131\u011f\u0131 Perive\u015f Han\u0131m asl\u0131nda hafifme\u015frep bir kad\u0131nd\u0131r. Kafas\u0131ndans\u0131z romanlar\u0131ndan ve \u015fiirlerinden okudu\u011fu a\u015fklara benzer, hayali bir a\u015fk kurgulayan Bihruz Bey b\u0131k\u0131p usanmadan \u201casil sar\u0131\u015f\u0131n&#8221;\u0131yla tekrar bulu\u015faca\u011f\u0131 g\u00fcn\u00fc bekler. T\u00fcrk edebiyat\u0131n\u0131n ilk ger\u00e7ek\u00e7i romanlar\u0131ndan biri olan Araba Sevdas\u0131, \u0130stanbul\u2019un Bat\u0131\u2019ya \u00f6zenen sosyete ya\u015fam\u0131n\u0131 komik ve alayc\u0131 bir dille ele al\u0131r. Recaizade Mahmut Ekrem, son d\u00f6nem Osmanl\u0131\u2019da Bat\u0131l\u0131la\u015fma hareketiyle birlikte ya\u015fanan de\u011fi\u015fimi Bihruz karakteri ile ironik bi\u00e7imde anlat\u0131r.Do\u011funun H\u00fck\u00fcmdar\u0131Yeni Kitap! &#8211; Da\u011f\u0131l\u0131m 06.11.2017\ufffcISBN: 978-605-4985-57-9Barkod: 9786054985579Ebat: 13.5x21Sayfa: 96T\u00fcr: Do\u011fu KlasikleriRaf: FelsefeYazar(lar): Abd\u00fclhamid El KatipBask\u0131 Say\u0131s\u0131: 1Kitap kapa\u011f\u0131 i\u00e7in: t\u0131klay\u0131n\u0131z.Fiyat: 10,00 TLDo\u011fu&#8217;nun H\u00fck\u00fcmdar\u0131, &#8220;siyaset teorisinin kay\u0131p halkas\u0131&#8221;d\u0131r. \u00dclkemizde pek bilinmeyen bu eser, Arap edebiyat\u0131nda siyasetname gelene\u011finin ilk \u00f6zg\u00fcn klasi\u011fidir. Asl\u0131nda sadece Arap edebiyat\u0131n\u0131n de\u011fil, t\u00fcm Do\u011fu d\u00fcnyas\u0131n\u0131n \u00f6nc\u00fc siyasetnamesi say\u0131labilir. Eser sahibi Abd\u00fclham\u00eed el-K\u00e2tib\u2019i edebiyattaki ustal\u0131\u011f\u0131, b\u00fcrokrat ve diplomat ki\u015fili\u011fi ve yazd\u0131\u011f\u0131 eseri tecr\u00fcbelerinden yararlanarak olu\u015fturmas\u0131 bak\u0131m\u0131ndan Do\u011fu&#8217;nun Machiavelli\u2019i olarak anabiliriz. Fakat \u015funu da kaydetmek gerekir ki bu eser, Machiavelli\u2019in H\u00fck\u00fcmdar\u2019\u0131ndan tam sekiz as\u0131r \u00f6nce, 746\u2019da yaz\u0131lm\u0131\u015ft\u0131r.Eserin ay\u0131r\u0131c\u0131 \u00f6zelliklerinden biri de siyaset kavram\u0131n\u0131 sadece devleti idare etmek de\u011fil, nefsi kontrol alt\u0131na tutmakla da ba\u011flant\u0131l\u0131 g\u00f6ren bir anlay\u0131\u015fa sahip olmas\u0131d\u0131r. <\/p>\n","protected":false},"excerpt":{"rendered":"<p>Araba Sevdas\u0131Yeni Kitap! &#8211; Da\u011f\u0131l\u0131m 06.11.2017\ufffcISBN: 978-605-4985-84-5Barkod: 9786054985845Ebat: 13,5*21Sayfa: 224T\u00fcr: T\u00fcrk KlasikleriRaf: Klasik, T\u00fcrk Klasikleri, RomanYazar(lar): Recaizade Mahmud EkremBask\u0131 Say\u0131s\u0131: 1Kitap kapa\u011f\u0131 i\u00e7in: t\u0131klay\u0131n\u0131z.Fiyat: 12,50 TLMaceraperest,<span class=\"excerpt-hellip\"> [\u2026]<\/span><\/p>\n","protected":false},"featured_media":0,"template":"","meta":{"_monsterinsights_skip_tracking":false,"_monsterinsights_sitenote_active":false,"_monsterinsights_sitenote_note":"","_monsterinsights_sitenote_category":0},"product_brand":[],"product_cat":[12291,13872],"product_tag":[],"class_list":{"0":"post-711017","1":"product","2":"type-product","3":"status-publish","5":"product_cat-edebiyat","6":"product_cat-klasikler","7":"pa_cilt-ciltsiz","8":"pa_tur-kitap","9":"pa_yayinevi-antik-kitap","10":"pa_yazar-abdulhamid-el-katip","12":"first","13":"instock","14":"sale","15":"shipping-taxable","16":"purchasable","17":"product-type-simple"},"_links":{"self":[{"href":"https:\/\/roveyayinevi.com.tr\/index.php\/wp-json\/wp\/v2\/product\/711017","targetHints":{"allow":["GET"]}}],"collection":[{"href":"https:\/\/roveyayinevi.com.tr\/index.php\/wp-json\/wp\/v2\/product"}],"about":[{"href":"https:\/\/roveyayinevi.com.tr\/index.php\/wp-json\/wp\/v2\/types\/product"}],"wp:attachment":[{"href":"https:\/\/roveyayinevi.com.tr\/index.php\/wp-json\/wp\/v2\/media?parent=711017"}],"wp:term":[{"taxonomy":"product_brand","embeddable":true,"href":"https:\/\/roveyayinevi.com.tr\/index.php\/wp-json\/wp\/v2\/product_brand?post=711017"},{"taxonomy":"product_cat","embeddable":true,"href":"https:\/\/roveyayinevi.com.tr\/index.php\/wp-json\/wp\/v2\/product_cat?post=711017"},{"taxonomy":"product_tag","embeddable":true,"href":"https:\/\/roveyayinevi.com.tr\/index.php\/wp-json\/wp\/v2\/product_tag?post=711017"}],"curies":[{"name":"wp","href":"https:\/\/api.w.org\/{rel}","templated":true}]}}