{"id":711016,"date":"2025-08-27T16:41:23","date_gmt":"2025-08-27T13:41:23","guid":{"rendered":"https:\/\/roveyayinevi.com.tr\/index.php\/urun\/haremin-padisahi-valide-sultan\/"},"modified":"2026-04-16T02:19:45","modified_gmt":"2026-04-15T23:19:45","slug":"haremin-padisahi-valide-sultan","status":"publish","type":"product","link":"https:\/\/roveyayinevi.com.tr\/index.php\/urun\/haremin-padisahi-valide-sultan\/","title":{"rendered":"Haremin Padi\u015fah\u0131 Valide Sultan"},"content":{"rendered":"<p>Haremin Padi\u015fah\u0131\/Valide Sultan kitab\u0131, Osmanl\u0131 tarihi alan\u0131nda \u00f6zellikle birinci el kaynaklar\u0131 kullanarak yapt\u0131\u011f\u0131 titiz ara\u015ft\u0131rmalarla tan\u0131d\u0131\u011f\u0131m\u0131z Prof. Dr. Ali Aky\u0131ld\u0131z\u2019\u0131n y\u0131llarca emek verdi\u011fi bir \u00e7al\u0131\u015fman\u0131n \u00fcr\u00fcn\u00fc\u2026 Aky\u0131ld\u0131z, bu kitapta Osmanl\u0131 tarihinin en esrarengiz konular\u0131n\u0131n ba\u015f\u0131nda gelmesine ve \u00fczerinde \u00e7ok konu\u015fulmas\u0131na ra\u011fmen hakk\u0131nda \u00e7ok az \u015fey bilinen padi\u015fah haremindeki ya\u015fam\u0131n ayr\u0131nt\u0131lar\u0131n\u0131, d\u0131\u015far\u0131ya tamamen kapal\u0131 olan bu d\u00fcnyan\u0131n en n\u00fcfuzlu ve yetkili kad\u0131n\u0131 olan valide sultan ba\u011flam\u0131nda ele al\u0131yor. Ayr\u0131ca \u015fimdiye kadar yap\u0131lanlardan farkl\u0131 olarak validelerin kulland\u0131klar\u0131 e\u015fyalar\u0131 merkeze al\u0131p g\u00fcnl\u00fck ya\u015fant\u0131lar\u0131n\u0131 ayr\u0131nt\u0131l\u0131 bir \u015fekilde tasvir ediyor.\u2022 Haremle ilgili Oryantalist bak\u0131\u015f ve sorunlar\u0131&#8230;\u2022 Valide Sultanl\u0131k kurumu hangi padi\u015fah zaman\u0131nda \u00f6n plana \u00e7\u0131kmaya ba\u015flad\u0131? \u2022 Valide sultanlar\u0131n devlet i\u015flerine m\u00fcdahaleleri: Kad\u0131nlar Saltanat\u0131 m\u0131, Zorunlu N\u00e2ibelik mi?\u2022 Valide sultanlar tekrar evlenebilirler miydi?\u2022 Valide sultanlar\u0131n maiyetlerinde kimler vard\u0131?\u2022 \u0130lk Valide Alay\u0131 ne zaman, nas\u0131l yap\u0131ld\u0131?\u2022 Haremde merasimler, bayramlar ve hediyele\u015fmeler nas\u0131l olurdu?\u2022 Harem kad\u0131nlar\u0131 fitre ve zek\u00e2tlar\u0131n\u0131 nas\u0131l verirlerdi?\u2022 Hangi valide sultan vek\u00e2leten Umre yapt\u0131rd\u0131?\u2022 Hangi padi\u015fah ba\u015f\u0131 kesilerek \u00f6ld\u00fcr\u00fcld\u00fc?\u2022 Harem kad\u0131nlar\u0131n\u0131n H\u0131rka-i Saadet ziyaretleri ne zaman ba\u015flad\u0131?\u2022 Harem kad\u0131nlar\u0131 nas\u0131l seyahat eder, nas\u0131l e\u011flenirlerdi?\u2022 Haremde fal ve b\u00fcy\u00fc uygulamalar\u0131 yayg\u0131n m\u0131yd\u0131?\u2022 Valide sultanlar\u0131n cenaze t\u00f6renleri nas\u0131l yap\u0131l\u0131rd\u0131?\u2022 Valide sultanlar gelirlerini nerelere harcarlard\u0131?\u2022 Modernle\u015fme d\u00f6neminde Osmanl\u0131 hareminde neler, nas\u0131l de\u011fi\u015fti?\u2022 Valide sultanlar\u0131n haremdeki ya\u015fant\u0131lar\u0131n\u0131n s\u0131n\u0131rlar\u0131\u2026\u2022 Valide sultanlar\u0131n kurduklar\u0131 vak\u0131flar, yapt\u0131rd\u0131klar\u0131 hay\u0131r eserleri\u2026Osmanl\u0131\u2019n\u0131n g\u00f6r\u00fcnmeyen \u201cmec\u00e2zi\u201d ve \u201cmanevi\u201d padi\u015fahlar\u0131n\u0131 tan\u0131madan, imparatorluk tarihi eksik kal\u0131r. Prof. Dr. Ali Aky\u0131ld\u0131z, bu eksikli\u011fi tamaml\u0131yor ve yeni bir tarih yaz\u0131yor\u2026 <\/p>\n","protected":false},"excerpt":{"rendered":"<p>Haremin Padi\u015fah\u0131\/Valide Sultan kitab\u0131, Osmanl\u0131 tarihi alan\u0131nda \u00f6zellikle birinci el kaynaklar\u0131 kullanarak yapt\u0131\u011f\u0131 titiz ara\u015ft\u0131rmalarla tan\u0131d\u0131\u011f\u0131m\u0131z Prof. Dr. Ali Aky\u0131ld\u0131z\u2019\u0131n y\u0131llarca emek verdi\u011fi bir \u00e7al\u0131\u015fman\u0131n \u00fcr\u00fcn\u00fc\u2026<span class=\"excerpt-hellip\"> [\u2026]<\/span><\/p>\n","protected":false},"featured_media":0,"template":"","meta":{"_monsterinsights_skip_tracking":false,"_monsterinsights_sitenote_active":false,"_monsterinsights_sitenote_note":"","_monsterinsights_sitenote_category":0},"product_brand":[],"product_cat":[13517,12304],"product_tag":[],"class_list":{"0":"post-711016","1":"product","2":"type-product","3":"status-publish","5":"product_cat-osmanli-tarihi","6":"product_cat-tarih","7":"pa_cilt-ciltsiz","8":"pa_tur-kitap","9":"pa_yayinevi-timas-yayinlari","10":"pa_yazar-ali-akyildiz","12":"first","13":"instock","14":"sale","15":"shipping-taxable","16":"purchasable","17":"product-type-simple"},"_links":{"self":[{"href":"https:\/\/roveyayinevi.com.tr\/index.php\/wp-json\/wp\/v2\/product\/711016","targetHints":{"allow":["GET"]}}],"collection":[{"href":"https:\/\/roveyayinevi.com.tr\/index.php\/wp-json\/wp\/v2\/product"}],"about":[{"href":"https:\/\/roveyayinevi.com.tr\/index.php\/wp-json\/wp\/v2\/types\/product"}],"wp:attachment":[{"href":"https:\/\/roveyayinevi.com.tr\/index.php\/wp-json\/wp\/v2\/media?parent=711016"}],"wp:term":[{"taxonomy":"product_brand","embeddable":true,"href":"https:\/\/roveyayinevi.com.tr\/index.php\/wp-json\/wp\/v2\/product_brand?post=711016"},{"taxonomy":"product_cat","embeddable":true,"href":"https:\/\/roveyayinevi.com.tr\/index.php\/wp-json\/wp\/v2\/product_cat?post=711016"},{"taxonomy":"product_tag","embeddable":true,"href":"https:\/\/roveyayinevi.com.tr\/index.php\/wp-json\/wp\/v2\/product_tag?post=711016"}],"curies":[{"name":"wp","href":"https:\/\/api.w.org\/{rel}","templated":true}]}}