{"id":711013,"date":"2025-08-27T16:41:22","date_gmt":"2025-08-27T13:41:22","guid":{"rendered":"https:\/\/roveyayinevi.com.tr\/index.php\/urun\/yazarin-odasi-2\/"},"modified":"2026-04-16T02:19:45","modified_gmt":"2026-04-15T23:19:45","slug":"yazarin-odasi-2","status":"publish","type":"product","link":"https:\/\/roveyayinevi.com.tr\/index.php\/urun\/yazarin-odasi-2\/","title":{"rendered":"Yazar\u0131n Odas\u0131 &#8211; 2"},"content":{"rendered":"<p>Yar\u0131m y\u00fczy\u0131ldan uzun bir s\u00fcredir d\u00fcnyan\u0131n en prestijli edebiyat dergilerinden The Paris Review\u2019da yay\u0131mlanan r\u00f6portajlar, edebiyat d\u00fcnyas\u0131n\u0131n gizli kalm\u0131\u015f, bilinmeyen s\u0131rlar\u0131n\u0131 okurlarla bulu\u015fturuyor. D\u00fcnya edebiyat\u0131na y\u00f6n vermi\u015f romanc\u0131lar, \u00f6yk\u00fcc\u00fcler ve \u015fairler, kendi ba\u015flar\u0131na bir t\u00fcr olarak par\u0131ldayan bu r\u00f6portajlarda bir araya geliyor. Edeb\u00ee tav\u0131rlar\u0131, hayat g\u00f6r\u00fc\u015fleri, yazma al\u0131\u015fkanl\u0131klar\u0131, \u00e7evreleri, eserleri ve edebiyata dair g\u00f6r\u00fc\u015fleriyle okura kendi d\u00fcnyalar\u0131n\u0131 aralayan bu muhte\u015fem kadroda kimler mi var?.. Haruki Murakami, Toni Morrison, Orhan Pamuk, Alice Munro, Raymond Carver, Saul Bellow, Philip Roth ve Ezra Pound&#8230; Margaret Atwood\u2019un \u00f6ns\u00f6z\u00fcnden:\u201c&#8230;\u00c7o\u011fu zaman yaln\u0131z olan yazarlar bu r\u00f6portajlar arac\u0131l\u0131\u011f\u0131yla yaln\u0131z olmad\u0131klar\u0131n\u0131 fark ederler. Ba\u015fkalar\u0131 da \u015f\u00fcpheye d\u00fc\u015f\u00fcyor, t\u0131kan\u0131yor ve sarpa sar\u0131yordur; ba\u015fkalar\u0131 da zavall\u0131 ve ihmal edilmi\u015ftir; ba\u015fkalar\u0131 da ama\u00e7s\u0131z edeb\u00ee tart\u0131\u015fmalara s\u00fcr\u00fcklenmi\u015f ve bas\u0131n taraf\u0131ndan karalanm\u0131\u015ft\u0131r; ba\u015fkalar\u0131 da yoluna devam edip engelleri a\u015fm\u0131\u015f ve direnmi\u015ftir.\u201d \u201cEn sevdi\u011finiz yazarla tan\u0131\u015fmak istiyorsan\u0131z bir imza g\u00fcn\u00fcne ya da okuma etkinli\u011fine gidersiniz. Ama onlar\u0131 ger\u00e7ekten tan\u0131mak istiyorsan\u0131z The Paris Review r\u00f6portajlar\u0131n\u0131 okumal\u0131s\u0131n\u0131z.\u201d \u2014The Times \u201cHem yazarlar hem de okurlar i\u00e7in bir kutsal kitap niteli\u011finde. Edebiyat hakk\u0131nda tutkulu olanlar\u0131n muhte\u015fem sohbetleri.\u201d \u2014Observer \u201cYazarlar nas\u0131l \u00e7al\u0131\u015f\u0131yor ve edebiyat nas\u0131l h\u00e2l\u00e2 var olmaya devam ediyor diye merak edenler i\u00e7in vazge\u00e7ilmez bir kaynak.\u201d \u2014Daily Telegraph \u201cGizli cevherlerle dolu, edebiyata dair muhte\u015fem bir derleme.\u201d \u2014Guardian \u201cBu r\u00f6portajlar, edebiyatla ilgilenen her okur ve yazar\u0131n vazge\u00e7ilmezi olacak. \u0130lham verici&#8230;\u201d \u2014Times Literary Supplement  \u201cSahip olabilece\u011finiz en kapsaml\u0131 ve ihti\u015faml\u0131 r\u00f6portaj projesi.\u201d \u2014New York Times <\/p>\n","protected":false},"excerpt":{"rendered":"<p>Yar\u0131m y\u00fczy\u0131ldan uzun bir s\u00fcredir d\u00fcnyan\u0131n en prestijli edebiyat dergilerinden The Paris Review\u2019da yay\u0131mlanan r\u00f6portajlar, edebiyat d\u00fcnyas\u0131n\u0131n gizli kalm\u0131\u015f, bilinmeyen s\u0131rlar\u0131n\u0131 okurlarla bulu\u015fturuyor. D\u00fcnya edebiyat\u0131na y\u00f6n<span class=\"excerpt-hellip\"> [\u2026]<\/span><\/p>\n","protected":false},"featured_media":0,"template":"","meta":{"_monsterinsights_skip_tracking":false,"_monsterinsights_sitenote_active":false,"_monsterinsights_sitenote_note":"","_monsterinsights_sitenote_category":0},"product_brand":[],"product_cat":[13072,12291],"product_tag":[],"class_list":{"0":"post-711013","1":"product","2":"type-product","3":"status-publish","5":"product_cat-arastirma-inceleme-referans","6":"product_cat-edebiyat","7":"pa_cilt-ciltsiz","8":"pa_tur-kitap","9":"pa_yayinevi-timas-yayinlari","10":"pa_yazar-kollektif","12":"first","13":"instock","14":"sale","15":"shipping-taxable","16":"purchasable","17":"product-type-simple"},"_links":{"self":[{"href":"https:\/\/roveyayinevi.com.tr\/index.php\/wp-json\/wp\/v2\/product\/711013","targetHints":{"allow":["GET"]}}],"collection":[{"href":"https:\/\/roveyayinevi.com.tr\/index.php\/wp-json\/wp\/v2\/product"}],"about":[{"href":"https:\/\/roveyayinevi.com.tr\/index.php\/wp-json\/wp\/v2\/types\/product"}],"wp:attachment":[{"href":"https:\/\/roveyayinevi.com.tr\/index.php\/wp-json\/wp\/v2\/media?parent=711013"}],"wp:term":[{"taxonomy":"product_brand","embeddable":true,"href":"https:\/\/roveyayinevi.com.tr\/index.php\/wp-json\/wp\/v2\/product_brand?post=711013"},{"taxonomy":"product_cat","embeddable":true,"href":"https:\/\/roveyayinevi.com.tr\/index.php\/wp-json\/wp\/v2\/product_cat?post=711013"},{"taxonomy":"product_tag","embeddable":true,"href":"https:\/\/roveyayinevi.com.tr\/index.php\/wp-json\/wp\/v2\/product_tag?post=711013"}],"curies":[{"name":"wp","href":"https:\/\/api.w.org\/{rel}","templated":true}]}}