{"id":711008,"date":"2025-08-27T16:41:19","date_gmt":"2025-08-27T13:41:19","guid":{"rendered":"https:\/\/roveyayinevi.com.tr\/index.php\/urun\/soz-verilmis-bahce\/"},"modified":"2026-04-16T02:19:45","modified_gmt":"2026-04-15T23:19:45","slug":"soz-verilmis-bahce","status":"publish","type":"product","link":"https:\/\/roveyayinevi.com.tr\/index.php\/urun\/soz-verilmis-bahce\/","title":{"rendered":"S\u00f6z Verilmi\u015f Bah\u00e7e"},"content":{"rendered":"<p>Anekdotlar, epigraflar, hat\u0131ralar, notlar, aforizmalar, epizotlar, ne\u015fideler, de\u011finiler, \u00fclkeler, seyahatler, k\u0131sa hik\u00e2yeler, an\u0131lar, \u015fehirler, sahneler ve \u00e7i\u00e7ekler\u2026   kelimelerle \u00f6r\u00fclm\u00fc\u015f huzursuz bir bah\u00e7e; s\u00f6z bah\u00e7esi   s\u00f6z verilmi\u015f bah\u00e7e!     uzun soluklu yorgun y\u00fcr\u00fcy\u00fc\u015flere, d\u00fcnya haritalar\u0131na s\u0131\u011fmayan d\u00fcnyalara, kendi mezar\u0131na \u00e7i\u00e7ek b\u0131rakan adamlara ve refiksiz de revan olmaya de\u011fecek o yollara \u015f\u00e2hit olmaya haz\u0131rlan\u0131n.   yarada b\u00fcy\u00fcyen kur\u015fun gibi ahzen ve gemini az\u0131ya alm\u0131\u015f atlar gibi co\u015fkun!     g\u00fcven ad\u0131g\u00fczel\u2019den haysiyetli c\u00fcmlelerin ota\u011f\u0131nda ye\u015fermi\u015f a\u011f\u0131rkanl\u0131, buzk\u0131ran, yal\u0131nk\u0131l\u0131\u00e7 bir bah\u00e7e! <\/p>\n","protected":false},"excerpt":{"rendered":"<p>Anekdotlar, epigraflar, hat\u0131ralar, notlar, aforizmalar, epizotlar, ne\u015fideler, de\u011finiler, \u00fclkeler, seyahatler, k\u0131sa hik\u00e2yeler, an\u0131lar, \u015fehirler, sahneler ve \u00e7i\u00e7ekler\u2026 kelimelerle \u00f6r\u00fclm\u00fc\u015f huzursuz bir bah\u00e7e; s\u00f6z bah\u00e7esi s\u00f6z verilmi\u015f<span class=\"excerpt-hellip\"> [\u2026]<\/span><\/p>\n","protected":false},"featured_media":0,"template":"","meta":{"_monsterinsights_skip_tracking":false,"_monsterinsights_sitenote_active":false,"_monsterinsights_sitenote_note":"","_monsterinsights_sitenote_category":0},"product_brand":[],"product_cat":[12777,12291],"product_tag":[],"class_list":{"0":"post-711008","1":"product","2":"type-product","3":"status-publish","5":"product_cat-deneme","6":"product_cat-edebiyat","7":"pa_cilt-ciltsiz","8":"pa_tur-kitap","9":"pa_yayinevi-profil-kitap","10":"pa_yazar-guven-adiguzel","12":"first","13":"instock","14":"sale","15":"shipping-taxable","16":"purchasable","17":"product-type-simple"},"_links":{"self":[{"href":"https:\/\/roveyayinevi.com.tr\/index.php\/wp-json\/wp\/v2\/product\/711008","targetHints":{"allow":["GET"]}}],"collection":[{"href":"https:\/\/roveyayinevi.com.tr\/index.php\/wp-json\/wp\/v2\/product"}],"about":[{"href":"https:\/\/roveyayinevi.com.tr\/index.php\/wp-json\/wp\/v2\/types\/product"}],"wp:attachment":[{"href":"https:\/\/roveyayinevi.com.tr\/index.php\/wp-json\/wp\/v2\/media?parent=711008"}],"wp:term":[{"taxonomy":"product_brand","embeddable":true,"href":"https:\/\/roveyayinevi.com.tr\/index.php\/wp-json\/wp\/v2\/product_brand?post=711008"},{"taxonomy":"product_cat","embeddable":true,"href":"https:\/\/roveyayinevi.com.tr\/index.php\/wp-json\/wp\/v2\/product_cat?post=711008"},{"taxonomy":"product_tag","embeddable":true,"href":"https:\/\/roveyayinevi.com.tr\/index.php\/wp-json\/wp\/v2\/product_tag?post=711008"}],"curies":[{"name":"wp","href":"https:\/\/api.w.org\/{rel}","templated":true}]}}