{"id":711006,"date":"2025-08-27T16:41:17","date_gmt":"2025-08-27T13:41:17","guid":{"rendered":"https:\/\/roveyayinevi.com.tr\/index.php\/urun\/kedi-gozu\/"},"modified":"2026-04-16T02:19:45","modified_gmt":"2026-04-15T23:19:45","slug":"kedi-gozu","status":"publish","type":"product","link":"https:\/\/roveyayinevi.com.tr\/index.php\/urun\/kedi-gozu\/","title":{"rendered":"Kedi G\u00f6z\u00fc"},"content":{"rendered":"<p>\u201cEtraf\u0131m\u0131zda giderek betondan da\u011flar y\u00fckselirken, bir toprak par\u00e7as\u0131na aya\u011f\u0131m\u0131z\u0131 basamadan aylar ge\u00e7irince, i\u00e7imizde keskin karma\u015falar yaratmaya ba\u015flayan titre\u015fimler&#8230; Giderek daha yorgun kalk\u0131lan yataklar, daha hevessiz ba\u015flayan sabahlar&#8230; Bitti de kurtulduk dedirten g\u00fcn bat\u0131mlar\u0131\u2026 Oysa g\u00f6ky\u00fcz\u00fc hep ayn\u0131 yerde duruyor, d\u00fcnyan\u0131n hen\u00fcz yok etmeyi ba\u015faramad\u0131\u011f\u0131m\u0131z ku\u015flar\u0131, a\u011fa\u00e7lar\u0131, onlar\u0131 saymam\u0131z\u0131 bekleyen y\u0131ld\u0131zlar\u0131 d\u0131\u015far\u0131da bir yerlerde bizi \u00e7a\u011f\u0131r\u0131yor. Sar\u0131lmak i\u00e7in, avutmak i\u00e7in, hayat\u0131n g\u00fczel oldu\u011funu hat\u0131rlatmak i\u00e7in&#8230;\u201d G\u00f6zlerimizi k\u00f6r, kulaklar\u0131m\u0131z\u0131 sa\u011f\u0131r eden bu g\u00fcr\u00fclt\u00fcl\u00fc ve h\u0131zl\u0131 hayat\u0131n i\u00e7inde sahip olamad\u0131klar\u0131m\u0131za odaklanarak, bize verilenleri fark edemeden \u00f6mr\u00fcm\u00fcz\u00fc harc\u0131yoruz. Kedi G\u00f6z\u00fc, barda\u011f\u0131n bo\u015f taraf\u0131na kar\u015f\u0131 yaz\u0131lm\u0131\u015f bir manifesto gibi\u2026 Sedef Erken, hayat\u0131n anlaml\u0131 ve g\u00fczel yanlar\u0131na i\u015faret ederek etraf\u0131m\u0131zdaki u\u011fultudan s\u0131yr\u0131lmak, karga\u015fadan uzakla\u015f\u0131p kendimizle bulu\u015fmak i\u00e7in bir \u015feyleri yeniden hat\u0131rlamaya \u00e7a\u011f\u0131r\u0131yor bizi. Ya\u015fama de\u011fer katan k\u00fc\u00e7\u00fck ayr\u0131nt\u0131lar\u0131, g\u00f6z\u00fcm\u00fcz\u00fcn \u00f6n\u00fcnde durdu\u011fu halde fark edemediklerimizi anlat\u0131yor\u2026 <\/p>\n","protected":false},"excerpt":{"rendered":"<p>\u201cEtraf\u0131m\u0131zda giderek betondan da\u011flar y\u00fckselirken, bir toprak par\u00e7as\u0131na aya\u011f\u0131m\u0131z\u0131 basamadan aylar ge\u00e7irince, i\u00e7imizde keskin karma\u015falar yaratmaya ba\u015flayan titre\u015fimler&#8230; Giderek daha yorgun kalk\u0131lan yataklar, daha hevessiz ba\u015flayan<span class=\"excerpt-hellip\"> [\u2026]<\/span><\/p>\n","protected":false},"featured_media":0,"template":"","meta":{"_monsterinsights_skip_tracking":false,"_monsterinsights_sitenote_active":false,"_monsterinsights_sitenote_note":"","_monsterinsights_sitenote_category":0},"product_brand":[],"product_cat":[12777,12291],"product_tag":[],"class_list":{"0":"post-711006","1":"product","2":"type-product","3":"status-publish","5":"product_cat-deneme","6":"product_cat-edebiyat","7":"pa_cilt-ciltsiz","8":"pa_tur-kitap","9":"pa_yayinevi-profil-kitap","10":"pa_yazar-sedef-erken","12":"first","13":"instock","14":"sale","15":"shipping-taxable","16":"purchasable","17":"product-type-simple"},"_links":{"self":[{"href":"https:\/\/roveyayinevi.com.tr\/index.php\/wp-json\/wp\/v2\/product\/711006","targetHints":{"allow":["GET"]}}],"collection":[{"href":"https:\/\/roveyayinevi.com.tr\/index.php\/wp-json\/wp\/v2\/product"}],"about":[{"href":"https:\/\/roveyayinevi.com.tr\/index.php\/wp-json\/wp\/v2\/types\/product"}],"wp:attachment":[{"href":"https:\/\/roveyayinevi.com.tr\/index.php\/wp-json\/wp\/v2\/media?parent=711006"}],"wp:term":[{"taxonomy":"product_brand","embeddable":true,"href":"https:\/\/roveyayinevi.com.tr\/index.php\/wp-json\/wp\/v2\/product_brand?post=711006"},{"taxonomy":"product_cat","embeddable":true,"href":"https:\/\/roveyayinevi.com.tr\/index.php\/wp-json\/wp\/v2\/product_cat?post=711006"},{"taxonomy":"product_tag","embeddable":true,"href":"https:\/\/roveyayinevi.com.tr\/index.php\/wp-json\/wp\/v2\/product_tag?post=711006"}],"curies":[{"name":"wp","href":"https:\/\/api.w.org\/{rel}","templated":true}]}}