{"id":711005,"date":"2025-08-27T16:41:17","date_gmt":"2025-08-27T13:41:17","guid":{"rendered":"https:\/\/roveyayinevi.com.tr\/index.php\/urun\/geldik-sayilir\/"},"modified":"2026-04-16T02:19:45","modified_gmt":"2026-04-15T23:19:45","slug":"geldik-sayilir","status":"publish","type":"product","link":"https:\/\/roveyayinevi.com.tr\/index.php\/urun\/geldik-sayilir\/","title":{"rendered":"Geldik Say\u0131l\u0131r"},"content":{"rendered":"<p>\u0130nsan yorgunluktan ibarettir. Gelir, yorulur ve gider. Hayat\u0131n bir yolculuk oldu\u011funa inan\u0131yoruz. Gitmek i\u00e7in geldik. Bu ya\u015f\u0131ma kadar g\u00f6rd\u00fc\u011f\u00fcm g\u00fczellik ve inceliklerin bir k\u0131sm\u0131 bu kitapta bulunuyor. Geldik Say\u0131l\u0131r, on be\u015f y\u0131l boyunca kaleme ald\u0131\u011f\u0131m gezi ve dostluk yaz\u0131lar\u0131ndan olu\u015fuyor. Biraz da hat\u0131ralar, hevesler. Elbette gitmek istedi\u011fim halde gidemedi\u011fim yerler de var. Ahlat, Gelendost, Sultanda\u011f\u0131 gibi. Belki oralar\u0131 da g\u00f6rme imk\u00e2n\u0131m olur ve kitaptaki yerlerini al\u0131rlar. <\/p>\n","protected":false},"excerpt":{"rendered":"<p>\u0130nsan yorgunluktan ibarettir. Gelir, yorulur ve gider. Hayat\u0131n bir yolculuk oldu\u011funa inan\u0131yoruz. Gitmek i\u00e7in geldik. Bu ya\u015f\u0131ma kadar g\u00f6rd\u00fc\u011f\u00fcm g\u00fczellik ve inceliklerin bir k\u0131sm\u0131 bu kitapta<span class=\"excerpt-hellip\"> [\u2026]<\/span><\/p>\n","protected":false},"featured_media":0,"template":"","meta":{"_monsterinsights_skip_tracking":false,"_monsterinsights_sitenote_active":false,"_monsterinsights_sitenote_note":"","_monsterinsights_sitenote_category":0},"product_brand":[],"product_cat":[18545,12291],"product_tag":[],"class_list":{"0":"post-711005","1":"product","2":"type-product","3":"status-publish","5":"product_cat-anlati","6":"product_cat-edebiyat","7":"pa_cilt-ciltsiz","8":"pa_tur-kitap","9":"pa_yayinevi-profil-kitap","10":"pa_yazar-ibrahim-tenekeci","12":"first","13":"instock","14":"sale","15":"shipping-taxable","16":"purchasable","17":"product-type-simple"},"_links":{"self":[{"href":"https:\/\/roveyayinevi.com.tr\/index.php\/wp-json\/wp\/v2\/product\/711005","targetHints":{"allow":["GET"]}}],"collection":[{"href":"https:\/\/roveyayinevi.com.tr\/index.php\/wp-json\/wp\/v2\/product"}],"about":[{"href":"https:\/\/roveyayinevi.com.tr\/index.php\/wp-json\/wp\/v2\/types\/product"}],"wp:attachment":[{"href":"https:\/\/roveyayinevi.com.tr\/index.php\/wp-json\/wp\/v2\/media?parent=711005"}],"wp:term":[{"taxonomy":"product_brand","embeddable":true,"href":"https:\/\/roveyayinevi.com.tr\/index.php\/wp-json\/wp\/v2\/product_brand?post=711005"},{"taxonomy":"product_cat","embeddable":true,"href":"https:\/\/roveyayinevi.com.tr\/index.php\/wp-json\/wp\/v2\/product_cat?post=711005"},{"taxonomy":"product_tag","embeddable":true,"href":"https:\/\/roveyayinevi.com.tr\/index.php\/wp-json\/wp\/v2\/product_tag?post=711005"}],"curies":[{"name":"wp","href":"https:\/\/api.w.org\/{rel}","templated":true}]}}