{"id":711004,"date":"2025-08-27T16:41:16","date_gmt":"2025-08-27T13:41:16","guid":{"rendered":"https:\/\/roveyayinevi.com.tr\/index.php\/urun\/metindilbilim-ve-turkce-ogretimi-uygulamali-bir-yaklasim\/"},"modified":"2026-04-16T02:19:45","modified_gmt":"2026-04-15T23:19:45","slug":"metindilbilim-ve-turkce-ogretimi-uygulamali-bir-yaklasim","status":"publish","type":"product","link":"https:\/\/roveyayinevi.com.tr\/index.php\/urun\/metindilbilim-ve-turkce-ogretimi-uygulamali-bir-yaklasim\/","title":{"rendered":"Metindilbilim Ve T\u00fcrk\u00e7e \u00d6\u011fretimi Uygulamal\u0131 Bir Yakla\u015f\u0131m"},"content":{"rendered":"<p>T\u00fcrk\u00e7e \u00f6\u011fretiminin genel amac\u0131; \u00f6\u011frencilerin anlama ve anlatma becerileri kapsam\u0131nda her t\u00fcrl\u00fc yaz\u0131l\u0131 ve s\u00f6zl\u00fc ileti\u015fim ortam\u0131na yetkin olarak kat\u0131labilecekleri ileti\u015fimsel yetilerini geli\u015ftirmek; dili de\u011fil dil kullan\u0131m\u0131n\u0131 i\u00e7selle\u015ftirmelerini sa\u011flamakt\u0131r. Bir dilde s\u00f6zc\u00fcklerin anlamlar\u0131n\u0131 ve dil yap\u0131lar\u0131n\u0131n i\u015flevini bilmek o dili kullanabilmek i\u00e7in yeterli de\u011fildir. T\u00fcrk\u00e7e dersi, bir bilgi dersi de\u011fil beceri dersi olmal\u0131d\u0131r. T\u00fcrk\u00e7e derslerinde \u00f6\u011frencilere dille d\u00fc\u015f\u00fcnerek dili kullanma ortamlar\u0131 yarat\u0131lmal\u0131d\u0131r. S\u00f6zc\u00fckler ve dil yap\u0131lar\u0131 anlam ve i\u015flevlerini ancak kullan\u0131ld\u0131klar\u0131 ba\u011flam i\u00e7inde kazan\u0131rlar; dil yap\u0131lar\u0131n\u0131n ba\u011flam i\u00e7inde anlam kazanmas\u0131yla ileti\u015fimsel bir amac\u0131n olu\u015fturulaca\u011f\u0131 en k\u00fc\u00e7\u00fck birim ise metindir. <\/p>\n","protected":false},"excerpt":{"rendered":"<p>T\u00fcrk\u00e7e \u00f6\u011fretiminin genel amac\u0131; \u00f6\u011frencilerin anlama ve anlatma becerileri kapsam\u0131nda her t\u00fcrl\u00fc yaz\u0131l\u0131 ve s\u00f6zl\u00fc ileti\u015fim ortam\u0131na yetkin olarak kat\u0131labilecekleri ileti\u015fimsel yetilerini geli\u015ftirmek; dili de\u011fil dil<span class=\"excerpt-hellip\"> [\u2026]<\/span><\/p>\n","protected":false},"featured_media":0,"template":"","meta":{"_monsterinsights_skip_tracking":false,"_monsterinsights_sitenote_active":false,"_monsterinsights_sitenote_note":"","_monsterinsights_sitenote_category":0},"product_brand":[],"product_cat":[15351,15350],"product_tag":[],"class_list":{"0":"post-711004","1":"product","2":"type-product","3":"status-publish","5":"product_cat-ders-kitaplari","6":"product_cat-hukuk","7":"pa_cilt-ciltsiz","8":"pa_tur-kitap","9":"pa_yayinevi-ani-yayincilik","10":"pa_yazar-sukran-diliduzgun","12":"first","13":"instock","14":"sale","15":"shipping-taxable","16":"purchasable","17":"product-type-simple"},"_links":{"self":[{"href":"https:\/\/roveyayinevi.com.tr\/index.php\/wp-json\/wp\/v2\/product\/711004","targetHints":{"allow":["GET"]}}],"collection":[{"href":"https:\/\/roveyayinevi.com.tr\/index.php\/wp-json\/wp\/v2\/product"}],"about":[{"href":"https:\/\/roveyayinevi.com.tr\/index.php\/wp-json\/wp\/v2\/types\/product"}],"wp:attachment":[{"href":"https:\/\/roveyayinevi.com.tr\/index.php\/wp-json\/wp\/v2\/media?parent=711004"}],"wp:term":[{"taxonomy":"product_brand","embeddable":true,"href":"https:\/\/roveyayinevi.com.tr\/index.php\/wp-json\/wp\/v2\/product_brand?post=711004"},{"taxonomy":"product_cat","embeddable":true,"href":"https:\/\/roveyayinevi.com.tr\/index.php\/wp-json\/wp\/v2\/product_cat?post=711004"},{"taxonomy":"product_tag","embeddable":true,"href":"https:\/\/roveyayinevi.com.tr\/index.php\/wp-json\/wp\/v2\/product_tag?post=711004"}],"curies":[{"name":"wp","href":"https:\/\/api.w.org\/{rel}","templated":true}]}}