{"id":711003,"date":"2025-08-27T16:41:16","date_gmt":"2025-08-27T13:41:16","guid":{"rendered":"https:\/\/roveyayinevi.com.tr\/index.php\/urun\/berhayat\/"},"modified":"2026-04-16T02:19:45","modified_gmt":"2026-04-15T23:19:45","slug":"berhayat","status":"publish","type":"product","link":"https:\/\/roveyayinevi.com.tr\/index.php\/urun\/berhayat\/","title":{"rendered":"Berhayat"},"content":{"rendered":"<p>Hat\u0131rlar m\u0131s\u0131n, insan gitmekten yap\u0131lm\u0131\u015ft\u0131r D\u00fcnya kalmaktan Kal benimle, gitme, d\u00fcnya dar Alan a\u00e7\u0131k, denizler var Allah\u2019\u0131n da\u011flar\u0131 ve evliyas\u0131 ayn\u0131 ya\u015ftalar Bunu ancak ikimiz bilebiliriz Yalpa yalpa merhamet Yalpa yalpa vicdan \u0130nsan, gitmekten&#8230; <\/p>\n","protected":false},"excerpt":{"rendered":"<p>Hat\u0131rlar m\u0131s\u0131n, insan gitmekten yap\u0131lm\u0131\u015ft\u0131r D\u00fcnya kalmaktan Kal benimle, gitme, d\u00fcnya dar Alan a\u00e7\u0131k, denizler var Allah\u2019\u0131n da\u011flar\u0131 ve evliyas\u0131 ayn\u0131 ya\u015ftalar Bunu ancak ikimiz bilebiliriz<span class=\"excerpt-hellip\"> [\u2026]<\/span><\/p>\n","protected":false},"featured_media":0,"template":"","meta":{"_monsterinsights_skip_tracking":false,"_monsterinsights_sitenote_active":false,"_monsterinsights_sitenote_note":"","_monsterinsights_sitenote_category":0},"product_brand":[],"product_cat":[12291,12509],"product_tag":[],"class_list":{"0":"post-711003","1":"product","2":"type-product","3":"status-publish","5":"product_cat-edebiyat","6":"product_cat-siir","7":"pa_cilt-ciltsiz","8":"pa_tur-kitap","9":"pa_yayinevi-profil-kitap","10":"pa_yazar-mustafa-akar","12":"first","13":"instock","14":"sale","15":"shipping-taxable","16":"purchasable","17":"product-type-simple"},"_links":{"self":[{"href":"https:\/\/roveyayinevi.com.tr\/index.php\/wp-json\/wp\/v2\/product\/711003","targetHints":{"allow":["GET"]}}],"collection":[{"href":"https:\/\/roveyayinevi.com.tr\/index.php\/wp-json\/wp\/v2\/product"}],"about":[{"href":"https:\/\/roveyayinevi.com.tr\/index.php\/wp-json\/wp\/v2\/types\/product"}],"wp:attachment":[{"href":"https:\/\/roveyayinevi.com.tr\/index.php\/wp-json\/wp\/v2\/media?parent=711003"}],"wp:term":[{"taxonomy":"product_brand","embeddable":true,"href":"https:\/\/roveyayinevi.com.tr\/index.php\/wp-json\/wp\/v2\/product_brand?post=711003"},{"taxonomy":"product_cat","embeddable":true,"href":"https:\/\/roveyayinevi.com.tr\/index.php\/wp-json\/wp\/v2\/product_cat?post=711003"},{"taxonomy":"product_tag","embeddable":true,"href":"https:\/\/roveyayinevi.com.tr\/index.php\/wp-json\/wp\/v2\/product_tag?post=711003"}],"curies":[{"name":"wp","href":"https:\/\/api.w.org\/{rel}","templated":true}]}}