{"id":711000,"date":"2025-08-27T16:41:14","date_gmt":"2025-08-27T13:41:14","guid":{"rendered":"https:\/\/roveyayinevi.com.tr\/index.php\/urun\/sapiens-hayvanlardan-tanrilara-ciltli\/"},"modified":"2026-04-16T02:19:44","modified_gmt":"2026-04-15T23:19:44","slug":"sapiens-hayvanlardan-tanrilara-ciltli","status":"publish","type":"product","link":"https:\/\/roveyayinevi.com.tr\/index.php\/urun\/sapiens-hayvanlardan-tanrilara-ciltli\/","title":{"rendered":"Sapiens: Hayvanlardan Tanr\u0131lara (Ciltli)"},"content":{"rendered":"<p>Homo sapiens neden ekolojik bir seri katile d\u00f6n\u00fc\u015ft\u00fc? Para neden herkesin g\u00fcvendi\u011fi tek \u015fey? Kad\u0131nlar \u00fcst\u00fcn sosyal becerilere sahipken, neden \u00e7o\u011fu toplum erkek egemen? G\u00fc\u00e7 elde etmekte b\u00f6ylesine yetenekli olan insanlar neden bu g\u00fcc\u00fc mutlulu\u011fa d\u00f6n\u00fc\u015ft\u00fcrmekte ba\u015far\u0131s\u0131zlar? Gelece\u011fin dini bilim mi? \u0130nsanlar\u0131n miad\u0131 \u00e7oktan doldu mu? 100 bin y\u0131l \u00f6nce yery\u00fcz\u00fcnde en az alt\u0131 farkl\u0131 insan t\u00fcr\u00fc vard\u0131. G\u00fcn\u00fcm\u00fczdeyse sadece Homo Sapiens var. Di\u011ferlerinin ba\u015f\u0131na ne geldi ve bize ne olacak? \u00c7o\u011fu \u00e7al\u0131\u015fma insanl\u0131\u011f\u0131n ser\u00fcvenini ya tarihi ya da biyolojik bir yakla\u015f\u0131mla ele al\u0131r, ancak Harari 70 bin y\u0131l \u00f6nce ger\u00e7ekle\u015fen Bili\u015fsel Devrim\u2019le ba\u015flatt\u0131\u011f\u0131 bu kitab\u0131nda gelenekleri yerle bir ediyor. \u0130nsanlar\u0131n k\u00fcresel ekosistemde oynad\u0131klar\u0131 rolden imparatorluklar\u0131n y\u00fckseli\u015fine ve modern d\u00fcnyaya kadar pek \u00e7ok konuyu irdeleyen Sapiens, tarihle bilimi bir araya getirerek kabul g\u00f6rm\u00fc\u015f anlat\u0131lar\u0131 yeniden ele al\u0131yor. Harari ayr\u0131ca gelece\u011fe bakmaya da zorluyor okuru. Yak\u0131n zamanda insanlar, d\u00f6rt milyar y\u0131ld\u0131r ya\u015fama h\u00fckmeden do\u011fal se\u00e7ilim yasalar\u0131n\u0131 esnetmeye ba\u015flad\u0131lar. Art\u0131k sadece d\u00fcnyay\u0131 de\u011fil, kendimizi ve di\u011fer canl\u0131lar\u0131 tasarlama becerisi de kazand\u0131k. Peki bu bizi nereye g\u00f6t\u00fcr\u00fcyor, bizi neye d\u00f6n\u00fc\u015ft\u00fcrebilir? 30\u2019dan fazla dile \u00e7evrilmi\u015f bu k\u0131\u015fk\u0131rt\u0131c\u0131 \u00e7al\u0131\u015fma \u00f6zellikle Jared Diamond, James Gleick, Matt Ridley ve Robert Wright\u2019\u0131n eserlerine a\u015fina okurlar i\u00e7in muhte\u015fem bir kaynak. \u201cSapiens, tarihin ve modern d\u00fcnyan\u0131n en b\u00fcy\u00fck sorular\u0131n\u0131 gayet yal\u0131n bir dille ele al\u0131yor. \u00c7ok seveceksiniz!\u201d Jared Diamond, T\u00fcfek, Mikrop ve \u00c7elik\u2019in yazar\u0131 \u201cHarari\u2019nin eseri kabul g\u00f6rm\u00fc\u015f doktrinlerin kar\u015f\u0131s\u0131nda duran fikirler ve \u015fa\u015f\u0131rt\u0131c\u0131 ger\u00e7eklerle bezeli.\u201d John Gray, Financial Times <\/p>\n","protected":false},"excerpt":{"rendered":"<p>Homo sapiens neden ekolojik bir seri katile d\u00f6n\u00fc\u015ft\u00fc? Para neden herkesin g\u00fcvendi\u011fi tek \u015fey? Kad\u0131nlar \u00fcst\u00fcn sosyal becerilere sahipken, neden \u00e7o\u011fu toplum erkek egemen? G\u00fc\u00e7 elde<span class=\"excerpt-hellip\"> [\u2026]<\/span><\/p>\n","protected":false},"featured_media":0,"template":"","meta":{"_monsterinsights_skip_tracking":false,"_monsterinsights_sitenote_active":false,"_monsterinsights_sitenote_note":"","_monsterinsights_sitenote_category":0},"product_brand":[],"product_cat":[15499,13488],"product_tag":[],"class_list":{"0":"post-711000","1":"product","2":"type-product","3":"status-publish","5":"product_cat-antropoloji","6":"product_cat-toplum-ve-insan","7":"pa_cilt-ciltli","8":"pa_tur-kitap","9":"pa_yayinevi-kolektif-ozel-prestij","10":"pa_yazar-yuval-noah-harari","12":"first","13":"instock","14":"sale","15":"shipping-taxable","16":"purchasable","17":"product-type-simple"},"_links":{"self":[{"href":"https:\/\/roveyayinevi.com.tr\/index.php\/wp-json\/wp\/v2\/product\/711000","targetHints":{"allow":["GET"]}}],"collection":[{"href":"https:\/\/roveyayinevi.com.tr\/index.php\/wp-json\/wp\/v2\/product"}],"about":[{"href":"https:\/\/roveyayinevi.com.tr\/index.php\/wp-json\/wp\/v2\/types\/product"}],"wp:attachment":[{"href":"https:\/\/roveyayinevi.com.tr\/index.php\/wp-json\/wp\/v2\/media?parent=711000"}],"wp:term":[{"taxonomy":"product_brand","embeddable":true,"href":"https:\/\/roveyayinevi.com.tr\/index.php\/wp-json\/wp\/v2\/product_brand?post=711000"},{"taxonomy":"product_cat","embeddable":true,"href":"https:\/\/roveyayinevi.com.tr\/index.php\/wp-json\/wp\/v2\/product_cat?post=711000"},{"taxonomy":"product_tag","embeddable":true,"href":"https:\/\/roveyayinevi.com.tr\/index.php\/wp-json\/wp\/v2\/product_tag?post=711000"}],"curies":[{"name":"wp","href":"https:\/\/api.w.org\/{rel}","templated":true}]}}