{"id":710999,"date":"2025-08-27T16:41:14","date_gmt":"2025-08-27T13:41:14","guid":{"rendered":"https:\/\/roveyayinevi.com.tr\/index.php\/urun\/kosarken-belli-olmaz\/"},"modified":"2026-04-16T02:19:44","modified_gmt":"2026-04-15T23:19:44","slug":"kosarken-belli-olmaz","status":"publish","type":"product","link":"https:\/\/roveyayinevi.com.tr\/index.php\/urun\/kosarken-belli-olmaz\/","title":{"rendered":"Ko\u015farken Belli Olmaz"},"content":{"rendered":"<p>Daha iyisinin pe\u015finden ko\u015farken elde kalan hayata ne olur?   Burcu Arman ilk roman\u0131 Ko\u015farken Belli Olmaz\u2019da sevilmeden payla\u015f\u0131lan hayatlar\u0131n hik\u00e2yesini anlat\u0131yor. \u00dc\u00e7\u00fcnc\u00fc sayfadan ger\u00e7e\u011fe d\u00f6n\u00fc\u015fen \u201cbenim ba\u015f\u0131ma gelmez\u201dli c\u00fcmlelerin b\u00fct\u00fcn\u00fc var bu romanda. Evlili\u011finde sorunlar ya\u015fayan gazeteci Nisan\u2019\u0131n kocas\u0131 ortadan kaybolur. Ayn\u0131 g\u00fcn kom\u015fusu Mutlu da \u00f6ld\u00fcr\u00fcl\u00fcr. Nisan, gazeteden arkada\u015f\u0131 Onur\u2019la birlikte hem biten bir ili\u015fkinin, hem de faili me\u00e7hul bir cinayetin pe\u015fine d\u00fc\u015fer. Burcu Arman, karanl\u0131k bir hik\u00e2ye anlat\u0131rken bile kaleminden \u0131\u015f\u0131klar sa\u00e7\u0131yor. Ko\u015farken Belli Olmaz <\/p>\n","protected":false},"excerpt":{"rendered":"<p>Daha iyisinin pe\u015finden ko\u015farken elde kalan hayata ne olur? Burcu Arman ilk roman\u0131 Ko\u015farken Belli Olmaz\u2019da sevilmeden payla\u015f\u0131lan hayatlar\u0131n hik\u00e2yesini anlat\u0131yor. \u00dc\u00e7\u00fcnc\u00fc sayfadan ger\u00e7e\u011fe d\u00f6n\u00fc\u015fen \u201cbenim<span class=\"excerpt-hellip\"> [\u2026]<\/span><\/p>\n","protected":false},"featured_media":0,"template":"","meta":{"_monsterinsights_skip_tracking":false,"_monsterinsights_sitenote_active":false,"_monsterinsights_sitenote_note":"","_monsterinsights_sitenote_category":0},"product_brand":[],"product_cat":[12291,12711],"product_tag":[],"class_list":{"0":"post-710999","1":"product","2":"type-product","3":"status-publish","5":"product_cat-edebiyat","6":"product_cat-roman-oyku","7":"pa_cilt-ciltsiz","8":"pa_tur-kitap","9":"pa_yayinevi-cinar-yayinlari","10":"pa_yazar-burcu-arman","12":"first","13":"instock","14":"sale","15":"shipping-taxable","16":"purchasable","17":"product-type-simple"},"_links":{"self":[{"href":"https:\/\/roveyayinevi.com.tr\/index.php\/wp-json\/wp\/v2\/product\/710999","targetHints":{"allow":["GET"]}}],"collection":[{"href":"https:\/\/roveyayinevi.com.tr\/index.php\/wp-json\/wp\/v2\/product"}],"about":[{"href":"https:\/\/roveyayinevi.com.tr\/index.php\/wp-json\/wp\/v2\/types\/product"}],"wp:attachment":[{"href":"https:\/\/roveyayinevi.com.tr\/index.php\/wp-json\/wp\/v2\/media?parent=710999"}],"wp:term":[{"taxonomy":"product_brand","embeddable":true,"href":"https:\/\/roveyayinevi.com.tr\/index.php\/wp-json\/wp\/v2\/product_brand?post=710999"},{"taxonomy":"product_cat","embeddable":true,"href":"https:\/\/roveyayinevi.com.tr\/index.php\/wp-json\/wp\/v2\/product_cat?post=710999"},{"taxonomy":"product_tag","embeddable":true,"href":"https:\/\/roveyayinevi.com.tr\/index.php\/wp-json\/wp\/v2\/product_tag?post=710999"}],"curies":[{"name":"wp","href":"https:\/\/api.w.org\/{rel}","templated":true}]}}