{"id":710996,"date":"2025-08-27T16:41:12","date_gmt":"2025-08-27T13:41:12","guid":{"rendered":"https:\/\/roveyayinevi.com.tr\/index.php\/urun\/harry-potter-ve-azkaban-tutsagi-3-resimli-ozel-baski-ciltli\/"},"modified":"2026-04-16T02:19:44","modified_gmt":"2026-04-15T23:19:44","slug":"harry-potter-ve-azkaban-tutsagi-3-resimli-ozel-baski-ciltli","status":"publish","type":"product","link":"https:\/\/roveyayinevi.com.tr\/index.php\/urun\/harry-potter-ve-azkaban-tutsagi-3-resimli-ozel-baski-ciltli\/","title":{"rendered":"Harry Potter ve Azkaban Tutsa\u011f\u0131 \u2013 3 (Resimli \u00d6zel Bask\u0131 &#8211; Ciltli)"},"content":{"rendered":"<p>\u201cKaranl\u0131k Lord yaln\u0131z ve dostsuz, m\u00fcritleri taraf\u0131ndan terk edilmi\u015f durumda. U\u015fa\u011f\u0131 \u015fu son on iki y\u0131ld\u0131r zincir alt\u0131nda. Bu gece, geceyar\u0131s\u0131ndan \u00f6nce, hizmetk\u00e2r serbest kalacak ve yeniden efendisine kat\u0131lmaya gidecek.\u201d   Harry Potter, inan\u0131lmaz b\u00fcy\u00fckl\u00fckte sihirli bir kaza sonras\u0131 ba\u015f\u0131n\u0131n derde girece\u011finden emin, H\u0131z\u0131r Otob\u00fcs\u2019le Dursley\u2019lerden ve Little Whinging\u2019den ka\u00e7ar. Tabii Sihir Bakanl\u0131\u011f\u0131\u2019n\u0131n \u00e7ok daha \u00f6nemli bir sorunu vard\u0131r\u2014Lord Voldemort\u2019un sad\u0131k m\u00fcridi az\u0131l\u0131 tutsak Sirius Black, Azkaban kalesinden ka\u00e7m\u0131\u015ft\u0131r ve Harry\u2019nin pe\u015finde oldu\u011fu s\u00f6ylenmektedir. Sihir Bakanl\u0131\u011f\u0131 ise ruh emici \u00f6p\u00fcc\u00fckleriyle kol gezen Azkaban\u2019\u0131n Ruh Emici\u2019lerini Hogwarts\u2019a g\u00f6ndermi\u015ftir. Hogwarts\u2019daki \u00fc\u00e7\u00fcnc\u00fc y\u0131l\u0131nda, ge\u00e7mi\u015fiyle ilgili yeni ger\u00e7ekleri \u00f6\u011frenmesi ve Karanl\u0131k Lord\u2019un gelmi\u015f ge\u00e7mi\u015f en sad\u0131k hizmetk\u00e2rlar\u0131ndan biriyle kar\u015f\u0131 kar\u015f\u0131ya gelmesiyle karanl\u0131k s\u00f6ylentiler ve \u00f6l\u00fcm kehanetleri Harry\u2019nin pe\u015fini b\u0131rakmaz&#8230; J.K. Rowling\u2019in klasikle\u015fen serisinin \u00fc\u00e7\u00fcnc\u00fc kitab\u0131n\u0131n hevesle beklenen bu resimli \u00f6zel bask\u0131s\u0131 Kate Greenaway Madalyas\u0131 sahibi Jim Kay\u2019in boya, karakalem ve piksellerinden ortaya \u00e7\u0131kan sihirli anlarla dolup ta\u015f\u0131yor. <\/p>\n","protected":false},"excerpt":{"rendered":"<p>\u201cKaranl\u0131k Lord yaln\u0131z ve dostsuz, m\u00fcritleri taraf\u0131ndan terk edilmi\u015f durumda. U\u015fa\u011f\u0131 \u015fu son on iki y\u0131ld\u0131r zincir alt\u0131nda. Bu gece, geceyar\u0131s\u0131ndan \u00f6nce, hizmetk\u00e2r serbest kalacak ve<span class=\"excerpt-hellip\"> [\u2026]<\/span><\/p>\n","protected":false},"featured_media":0,"template":"","meta":{"_monsterinsights_skip_tracking":false,"_monsterinsights_sitenote_active":false,"_monsterinsights_sitenote_note":"","_monsterinsights_sitenote_category":0},"product_brand":[],"product_cat":[12291,14777],"product_tag":[],"class_list":{"0":"post-710996","1":"product","2":"type-product","3":"status-publish","5":"product_cat-edebiyat","6":"product_cat-fantastik","7":"pa_cilt-ciltli","8":"pa_tur-kitap","9":"pa_yayinevi-yapi-kredi-yayinlari-kultur","10":"pa_yazar-j-k-rowling","12":"first","13":"instock","14":"sale","15":"shipping-taxable","16":"purchasable","17":"product-type-simple"},"_links":{"self":[{"href":"https:\/\/roveyayinevi.com.tr\/index.php\/wp-json\/wp\/v2\/product\/710996","targetHints":{"allow":["GET"]}}],"collection":[{"href":"https:\/\/roveyayinevi.com.tr\/index.php\/wp-json\/wp\/v2\/product"}],"about":[{"href":"https:\/\/roveyayinevi.com.tr\/index.php\/wp-json\/wp\/v2\/types\/product"}],"wp:attachment":[{"href":"https:\/\/roveyayinevi.com.tr\/index.php\/wp-json\/wp\/v2\/media?parent=710996"}],"wp:term":[{"taxonomy":"product_brand","embeddable":true,"href":"https:\/\/roveyayinevi.com.tr\/index.php\/wp-json\/wp\/v2\/product_brand?post=710996"},{"taxonomy":"product_cat","embeddable":true,"href":"https:\/\/roveyayinevi.com.tr\/index.php\/wp-json\/wp\/v2\/product_cat?post=710996"},{"taxonomy":"product_tag","embeddable":true,"href":"https:\/\/roveyayinevi.com.tr\/index.php\/wp-json\/wp\/v2\/product_tag?post=710996"}],"curies":[{"name":"wp","href":"https:\/\/api.w.org\/{rel}","templated":true}]}}