{"id":710995,"date":"2025-08-27T16:41:12","date_gmt":"2025-08-27T13:41:12","guid":{"rendered":"https:\/\/roveyayinevi.com.tr\/index.php\/urun\/turk-dis-politikasi-2-cilt-takim-ciltli\/"},"modified":"2026-04-16T02:19:44","modified_gmt":"2026-04-15T23:19:44","slug":"turk-dis-politikasi-2-cilt-takim-ciltli","status":"publish","type":"product","link":"https:\/\/roveyayinevi.com.tr\/index.php\/urun\/turk-dis-politikasi-2-cilt-takim-ciltli\/","title":{"rendered":"T\u00fcrk D\u0131\u015f Politikas\u0131 ( 2 Cilt Tak\u0131m ) Ciltli"},"content":{"rendered":"<p>1. Cilt Osmanl\u0131\u2019dan Cumhuriyet\u2019e (1789-1920) 2. Cilt Cumhuriyet D\u00f6nemi ( 1920-2002)  &#8220;De\u011ferli diplomat ve bilim insan\u0131 H\u00fcner Tuncer&#8217;in iki cilt halinde yazd\u0131\u011f\u0131 ve Kaynak Yay\u0131nlar\u0131&#8217;ndan \u00e7\u0131kan \u201cT\u00fcrk D\u0131\u015f Politikas\u0131\u201d isimli eseri, 1789 Frans\u0131z \u0130htilali&#8217;nden 2002 y\u0131l\u0131na kadar T\u00fcrkiye&#8217;nin d\u0131\u015f politikas\u0131 ve d\u00fcnyayla ili\u015fkileri konusunda son derece kapsaml\u0131 bilgiler ve de\u011ferlendirmeler i\u00e7ermektedir. H\u00fcner Tuncer&#8217;in bu eseri, bilimsel alandaki birikimlerine ilaveten diplomat kimli\u011fiyle de edindi\u011fi tecr\u00fcbelerin katk\u0131s\u0131yla meydana getirilmi\u015f \u00e7ok de\u011ferli bir \u00e7al\u0131\u015fmad\u0131r. Bu kitaptan, diplomasi e\u011fitimi g\u00f6ren gen\u00e7lerimizin bir kaynak eser olarak yararlanmalar\u0131n\u0131 ve bu kitab\u0131n ilgili e\u011fitim kurumlar\u0131m\u0131zda ders kitab\u0131 olarak okutulmas\u0131n\u0131 \u00f6neriyorum. Ayr\u0131ca, d\u0131\u015f politikayla ilgilenen ara\u015ft\u0131rmac\u0131lar\u0131n, bas\u0131n mensuplar\u0131n\u0131n ve ayd\u0131nlar\u0131n bu kitaptan de\u011ferli bir kaynak olarak yararlanmalar\u0131n\u0131 ve b\u00fct\u00fcn diplomatlar\u0131m\u0131z\u0131n bu eserdeki bilgileri mesleki birikimlerine katk\u0131 sa\u011flayacak bir eser olarak de\u011ferlendirmelerini tavsiye ediyorum.&#8221; ONUR \u00d6YMEN <\/p>\n","protected":false},"excerpt":{"rendered":"<p>1. Cilt Osmanl\u0131\u2019dan Cumhuriyet\u2019e (1789-1920) 2. Cilt Cumhuriyet D\u00f6nemi ( 1920-2002) &#8220;De\u011ferli diplomat ve bilim insan\u0131 H\u00fcner Tuncer&#8217;in iki cilt halinde yazd\u0131\u011f\u0131 ve Kaynak Yay\u0131nlar\u0131&#8217;ndan \u00e7\u0131kan<span class=\"excerpt-hellip\"> [\u2026]<\/span><\/p>\n","protected":false},"featured_media":0,"template":"","meta":{"_monsterinsights_skip_tracking":false,"_monsterinsights_sitenote_active":false,"_monsterinsights_sitenote_note":"","_monsterinsights_sitenote_category":0},"product_brand":[],"product_cat":[31194,12337],"product_tag":[],"class_list":{"0":"post-710995","1":"product","2":"type-product","3":"status-publish","5":"product_cat-guncel-siyaset","6":"product_cat-politika-siyaset","7":"pa_cilt-ciltli","8":"pa_tur-kitap","9":"pa_yayinevi-kaynak-yayinlari","10":"pa_yazar-huner-tuncer","12":"first","13":"instock","14":"sale","15":"shipping-taxable","16":"purchasable","17":"product-type-simple"},"_links":{"self":[{"href":"https:\/\/roveyayinevi.com.tr\/index.php\/wp-json\/wp\/v2\/product\/710995","targetHints":{"allow":["GET"]}}],"collection":[{"href":"https:\/\/roveyayinevi.com.tr\/index.php\/wp-json\/wp\/v2\/product"}],"about":[{"href":"https:\/\/roveyayinevi.com.tr\/index.php\/wp-json\/wp\/v2\/types\/product"}],"wp:attachment":[{"href":"https:\/\/roveyayinevi.com.tr\/index.php\/wp-json\/wp\/v2\/media?parent=710995"}],"wp:term":[{"taxonomy":"product_brand","embeddable":true,"href":"https:\/\/roveyayinevi.com.tr\/index.php\/wp-json\/wp\/v2\/product_brand?post=710995"},{"taxonomy":"product_cat","embeddable":true,"href":"https:\/\/roveyayinevi.com.tr\/index.php\/wp-json\/wp\/v2\/product_cat?post=710995"},{"taxonomy":"product_tag","embeddable":true,"href":"https:\/\/roveyayinevi.com.tr\/index.php\/wp-json\/wp\/v2\/product_tag?post=710995"}],"curies":[{"name":"wp","href":"https:\/\/api.w.org\/{rel}","templated":true}]}}