{"id":710992,"date":"2025-08-27T16:41:10","date_gmt":"2025-08-27T13:41:10","guid":{"rendered":"https:\/\/roveyayinevi.com.tr\/index.php\/urun\/mutareke-donemi-ve-bekiraga-bolugu\/"},"modified":"2026-04-16T02:19:44","modified_gmt":"2026-04-15T23:19:44","slug":"mutareke-donemi-ve-bekiraga-bolugu","status":"publish","type":"product","link":"https:\/\/roveyayinevi.com.tr\/index.php\/urun\/mutareke-donemi-ve-bekiraga-bolugu\/","title":{"rendered":"M\u00fctareke D\u00f6nemi Ve Bekira\u011fa B\u00f6l\u00fc\u011f\u00fc"},"content":{"rendered":"<p>Mustafa Kemal Pa\u015fa\u2019n\u0131n kadrosuyla birlikte ba\u015flatt\u0131\u011f\u0131 Milli M\u00fccadele ve Anadolu \u0130htilali siyasi ve iktisadi bak\u0131mdan b\u00fct\u00fcn d\u00fcnya dengelerini sarsm\u0131\u015ft\u0131. Bu belgesel b\u00fct\u00fcn d\u00fcnya dengelerini sarsan Milli M\u00fccadele ve Anadolu \u0130htilalinin ba\u015flat\u0131ld\u0131\u011f\u0131 g\u00fcnleri anlatmaktad\u0131r. Tamamen belgelere ve birebir anlat\u0131lanlarla d\u00fczenlenmi\u015ftir. Milli M\u00fccadele ve Anadolu \u0130htilali; kad\u0131nlar\u0131, gen\u00e7leri ve ordusuyla bir b\u00fcy\u00fck destand\u0131r, ama unutulmamal\u0131d\u0131r ki emperyalizmin ordular\u0131yla sava\u015f\u0131rken 16 i\u00e7 ayaklanma \u00e7\u0131kartan emperyalizmin i\u015fbirlik\u00e7ileri Kuvayi Millyecileri ve ordumuzu arkadan vurmu\u015ftu. <\/p>\n","protected":false},"excerpt":{"rendered":"<p>Mustafa Kemal Pa\u015fa\u2019n\u0131n kadrosuyla birlikte ba\u015flatt\u0131\u011f\u0131 Milli M\u00fccadele ve Anadolu \u0130htilali siyasi ve iktisadi bak\u0131mdan b\u00fct\u00fcn d\u00fcnya dengelerini sarsm\u0131\u015ft\u0131. Bu belgesel b\u00fct\u00fcn d\u00fcnya dengelerini sarsan Milli<span class=\"excerpt-hellip\"> [\u2026]<\/span><\/p>\n","protected":false},"featured_media":0,"template":"","meta":{"_monsterinsights_skip_tracking":false,"_monsterinsights_sitenote_active":false,"_monsterinsights_sitenote_note":"","_monsterinsights_sitenote_category":0},"product_brand":[],"product_cat":[12304,14128],"product_tag":[],"class_list":{"0":"post-710992","1":"product","2":"type-product","3":"status-publish","5":"product_cat-tarih","6":"product_cat-yakin-tarih","7":"pa_cilt-ciltsiz","8":"pa_tur-kitap","9":"pa_yayinevi-kaynak-yayinlari","10":"pa_yazar-taylan-sorgun","12":"first","13":"instock","14":"sale","15":"shipping-taxable","16":"purchasable","17":"product-type-simple"},"_links":{"self":[{"href":"https:\/\/roveyayinevi.com.tr\/index.php\/wp-json\/wp\/v2\/product\/710992","targetHints":{"allow":["GET"]}}],"collection":[{"href":"https:\/\/roveyayinevi.com.tr\/index.php\/wp-json\/wp\/v2\/product"}],"about":[{"href":"https:\/\/roveyayinevi.com.tr\/index.php\/wp-json\/wp\/v2\/types\/product"}],"wp:attachment":[{"href":"https:\/\/roveyayinevi.com.tr\/index.php\/wp-json\/wp\/v2\/media?parent=710992"}],"wp:term":[{"taxonomy":"product_brand","embeddable":true,"href":"https:\/\/roveyayinevi.com.tr\/index.php\/wp-json\/wp\/v2\/product_brand?post=710992"},{"taxonomy":"product_cat","embeddable":true,"href":"https:\/\/roveyayinevi.com.tr\/index.php\/wp-json\/wp\/v2\/product_cat?post=710992"},{"taxonomy":"product_tag","embeddable":true,"href":"https:\/\/roveyayinevi.com.tr\/index.php\/wp-json\/wp\/v2\/product_tag?post=710992"}],"curies":[{"name":"wp","href":"https:\/\/api.w.org\/{rel}","templated":true}]}}