{"id":710990,"date":"2025-08-27T16:41:09","date_gmt":"2025-08-27T13:41:09","guid":{"rendered":"https:\/\/roveyayinevi.com.tr\/index.php\/urun\/saskin-ellie-belly-cantanda-kedi-var\/"},"modified":"2026-04-16T02:19:44","modified_gmt":"2026-04-15T23:19:44","slug":"saskin-ellie-belly-cantanda-kedi-var","status":"publish","type":"product","link":"https:\/\/roveyayinevi.com.tr\/index.php\/urun\/saskin-ellie-belly-cantanda-kedi-var\/","title":{"rendered":"\u015ea\u015fk\u0131n Ellie Belly &#8211; \u00c7antanda Kedi Var"},"content":{"rendered":"<p>Ben Ellie Belly. Ba\u015f\u0131m yine dertte! Ne felaket ama! M\u00fcd\u00fcr beni teneff\u00fcsten sonra okulun koridorlar\u0131nda Cammy ile dola\u015f\u0131rken yakalad\u0131. Yaramazl\u0131k yapmaya \u00e7al\u0131\u015fm\u0131yorduk. GER\u00c7EKTEN! Sadece bir yavru kedi bulmu\u015ftuk. K\u00fc\u00e7\u00fck, tatl\u0131 kedicik bana, \u201cKayboldum! L\u00fctfen annemi bulmama yard\u0131m et!\u201d dedi. Evet, aynen duydu\u011funuz gibi, kedi benimle konu\u015ftu. Ben hayvanlarla konu\u015fabiliyorum! Cammy\u2019yle birlikte bu zavall\u0131 kedici\u011fe yard\u0131m etmeliyiz. Ama \u00f6nce her \u015feye burnunu sokan Megan\u2019\u0131n bizi \u00f6\u011fretmene \u015fikayet etmesini engellemeliyiz! <\/p>\n","protected":false},"excerpt":{"rendered":"<p>Ben Ellie Belly. Ba\u015f\u0131m yine dertte! Ne felaket ama! M\u00fcd\u00fcr beni teneff\u00fcsten sonra okulun koridorlar\u0131nda Cammy ile dola\u015f\u0131rken yakalad\u0131. Yaramazl\u0131k yapmaya \u00e7al\u0131\u015fm\u0131yorduk. GER\u00c7EKTEN! Sadece bir yavru<span class=\"excerpt-hellip\"> [\u2026]<\/span><\/p>\n","protected":false},"featured_media":0,"template":"","meta":{"_monsterinsights_skip_tracking":false,"_monsterinsights_sitenote_active":false,"_monsterinsights_sitenote_note":"","_monsterinsights_sitenote_category":0},"product_brand":[],"product_cat":[12913,12274],"product_tag":[],"class_list":{"0":"post-710990","1":"product","2":"type-product","3":"status-publish","5":"product_cat-3-6-yas-kitaplari","6":"product_cat-cocuk-ve-genclik-kitaplari","7":"pa_cilt-ciltsiz","8":"pa_tur-kitap","9":"pa_yayinevi-mavi-kirpi-yayinlari","10":"pa_yazar-eliza-teoh","12":"first","13":"instock","14":"sale","15":"shipping-taxable","16":"purchasable","17":"product-type-simple"},"_links":{"self":[{"href":"https:\/\/roveyayinevi.com.tr\/index.php\/wp-json\/wp\/v2\/product\/710990","targetHints":{"allow":["GET"]}}],"collection":[{"href":"https:\/\/roveyayinevi.com.tr\/index.php\/wp-json\/wp\/v2\/product"}],"about":[{"href":"https:\/\/roveyayinevi.com.tr\/index.php\/wp-json\/wp\/v2\/types\/product"}],"wp:attachment":[{"href":"https:\/\/roveyayinevi.com.tr\/index.php\/wp-json\/wp\/v2\/media?parent=710990"}],"wp:term":[{"taxonomy":"product_brand","embeddable":true,"href":"https:\/\/roveyayinevi.com.tr\/index.php\/wp-json\/wp\/v2\/product_brand?post=710990"},{"taxonomy":"product_cat","embeddable":true,"href":"https:\/\/roveyayinevi.com.tr\/index.php\/wp-json\/wp\/v2\/product_cat?post=710990"},{"taxonomy":"product_tag","embeddable":true,"href":"https:\/\/roveyayinevi.com.tr\/index.php\/wp-json\/wp\/v2\/product_tag?post=710990"}],"curies":[{"name":"wp","href":"https:\/\/api.w.org\/{rel}","templated":true}]}}