{"id":710986,"date":"2025-08-27T16:41:07","date_gmt":"2025-08-27T13:41:07","guid":{"rendered":"https:\/\/roveyayinevi.com.tr\/index.php\/urun\/pines-adasi-kesfedilmemis-guney-ulkesinde-dorduncu-bir-adanin-gun-yuzune-cikmasi\/"},"modified":"2026-04-16T02:19:44","modified_gmt":"2026-04-15T23:19:44","slug":"pines-adasi-kesfedilmemis-guney-ulkesinde-dorduncu-bir-adanin-gun-yuzune-cikmasi","status":"publish","type":"product","link":"https:\/\/roveyayinevi.com.tr\/index.php\/urun\/pines-adasi-kesfedilmemis-guney-ulkesinde-dorduncu-bir-adanin-gun-yuzune-cikmasi\/","title":{"rendered":"Pines Adas\u0131 Ke\u015ffedilmemi\u015f G\u00fcney \u00dclkesinde D\u00f6rd\u00fcnc\u00fc Bir Adan\u0131n G\u00fcn Y\u00fcz\u00fcne \u00c7\u0131kmas\u0131"},"content":{"rendered":"<p>Pines Adas\u0131, 1668 y\u0131l\u0131nda yay\u0131nland\u0131\u011f\u0131nda \u015fa\u015f\u0131rt\u0131c\u0131 bir pop\u00fclerlik ve geni\u015f bir \u015f\u00f6hret kazand\u0131. Tabii bu durum eserin i\u00e7eri\u011finden ziyade sundu\u011fu f\u0131rsat sayesindeydi. Ke\u015ffedilmemi\u015f G\u00fcney \u00dclkesinde D\u00f6rd\u00fcnc\u00fc Bir Adan\u0131n G\u00fcn Y\u00fcz\u00fcne \u00c7\u0131kmas\u0131 s\u00f6m\u00fcrgecili\u011fin art\u0131k bir rekabete d\u00f6n\u00fc\u015ft\u00fc\u011f\u00fc Avrupal\u0131 devletler nezdinde b\u00fcy\u00fck ilgi \u00e7ekti. \u00d6yle ki sefere \u00e7\u0131kacak gemiler bir m\u00fcddet daha bekletildi, gidenler rotalar\u0131n\u0131 de\u011fi\u015ftirdi. \u0130ngilizce yay\u0131nlanan kitap, Felemenk\u00e7eye, Almancaya, \u0130talyancaya ve Frans\u0131zcaya \u00e7evrildi ve b\u00fct\u00fcn bu olaylar ger\u00e7ekle\u015fti\u011finde ilk n\u00fcsha matbaadan \u00e7\u0131kal\u0131 6 ay bile olmam\u0131\u015ft\u0131. D\u00f6nemin siyaset bilimcilerini uzun s\u00fcre me\u015fgul eden bu \u00e7al\u0131\u015fma, modern d\u00f6nemde haritac\u0131lar, tarih\u00e7iler ve k\u00fct\u00fcphaneciler i\u00e7in e\u015fsiz bir kaynak haline d\u00f6n\u00fc\u015ft\u00fc. Thomas More\u2019un \u00dctopya, Francis Bacon\u2019\u0131n Yeni Atlantis isimli \u00fctopik eserlerinin yan\u0131nda yerini alan Pines Adas\u0131 ayr\u0131ca Robinson Crusoe\u2019nin kaynaklar\u0131ndan biri olarak kabul edilir. <\/p>\n","protected":false},"excerpt":{"rendered":"<p>Pines Adas\u0131, 1668 y\u0131l\u0131nda yay\u0131nland\u0131\u011f\u0131nda \u015fa\u015f\u0131rt\u0131c\u0131 bir pop\u00fclerlik ve geni\u015f bir \u015f\u00f6hret kazand\u0131. Tabii bu durum eserin i\u00e7eri\u011finden ziyade sundu\u011fu f\u0131rsat sayesindeydi. Ke\u015ffedilmemi\u015f G\u00fcney \u00dclkesinde D\u00f6rd\u00fcnc\u00fc<span class=\"excerpt-hellip\"> [\u2026]<\/span><\/p>\n","protected":false},"featured_media":0,"template":"","meta":{"_monsterinsights_skip_tracking":false,"_monsterinsights_sitenote_active":false,"_monsterinsights_sitenote_note":"","_monsterinsights_sitenote_category":0},"product_brand":[],"product_cat":[12337],"product_tag":[],"class_list":{"0":"post-710986","1":"product","2":"type-product","3":"status-publish","5":"product_cat-politika-siyaset","6":"pa_cilt-ciltsiz","7":"pa_tur-kitap","8":"pa_yayinevi-pinhan-yayincilik","9":"pa_yazar-henry-neville","11":"first","12":"instock","13":"sale","14":"shipping-taxable","15":"purchasable","16":"product-type-simple"},"_links":{"self":[{"href":"https:\/\/roveyayinevi.com.tr\/index.php\/wp-json\/wp\/v2\/product\/710986","targetHints":{"allow":["GET"]}}],"collection":[{"href":"https:\/\/roveyayinevi.com.tr\/index.php\/wp-json\/wp\/v2\/product"}],"about":[{"href":"https:\/\/roveyayinevi.com.tr\/index.php\/wp-json\/wp\/v2\/types\/product"}],"wp:attachment":[{"href":"https:\/\/roveyayinevi.com.tr\/index.php\/wp-json\/wp\/v2\/media?parent=710986"}],"wp:term":[{"taxonomy":"product_brand","embeddable":true,"href":"https:\/\/roveyayinevi.com.tr\/index.php\/wp-json\/wp\/v2\/product_brand?post=710986"},{"taxonomy":"product_cat","embeddable":true,"href":"https:\/\/roveyayinevi.com.tr\/index.php\/wp-json\/wp\/v2\/product_cat?post=710986"},{"taxonomy":"product_tag","embeddable":true,"href":"https:\/\/roveyayinevi.com.tr\/index.php\/wp-json\/wp\/v2\/product_tag?post=710986"}],"curies":[{"name":"wp","href":"https:\/\/api.w.org\/{rel}","templated":true}]}}