{"id":710985,"date":"2025-08-27T16:41:06","date_gmt":"2025-08-27T13:41:06","guid":{"rendered":"https:\/\/roveyayinevi.com.tr\/index.php\/urun\/safahat-5\/"},"modified":"2026-04-16T02:19:44","modified_gmt":"2026-04-15T23:19:44","slug":"safahat-5","status":"publish","type":"product","link":"https:\/\/roveyayinevi.com.tr\/index.php\/urun\/safahat-5\/","title":{"rendered":"Safahat"},"content":{"rendered":"<p>Mehmet \u00c2kif Ersoy\u2019un \u00f6l\u00fcms\u00fcz eseri Safah\u00e2t kolay anla\u015f\u0131labilir \u015fiirler bir yana b\u0131rak\u0131l\u0131rsa, genel olarak Arap\u00e7a, Fars\u00e7a ikili, \u00fc\u00e7l\u00fc tamlamalar\u0131n bolca kullan\u0131ld\u0131\u011f\u0131 bir eserdir. Sunulan bu \u00e7al\u0131\u015fmada eserin ilk bask\u0131lar\u0131 dikkate al\u0131nm\u0131\u015f, Arap harfli metin yeniden dizilmi\u015f, Fars\u00e7a tamlamalar metin \u00fczerinde tamlama kesresiyle g\u00f6sterilmi\u015f, b\u00f6ylece metnin daha kolay okunmas\u0131 sa\u011flanm\u0131\u015ft\u0131r. \u00d6te yandan anla\u015f\u0131lmas\u0131 g\u00fc\u00e7 kelimelerin yan\u0131 s\u0131ra ikili, \u00fc\u00e7l\u00fc, d\u00f6rtl\u00fc Fars\u00e7a tamlamalar da madde ba\u015f\u0131 yap\u0131larak be\u015f bin maddelik bir s\u00f6zl\u00fck de \u00e7al\u0131\u015fman\u0131n sonuna yerle\u015ftirilmi\u015ftir. <\/p>\n","protected":false},"excerpt":{"rendered":"<p>Mehmet \u00c2kif Ersoy\u2019un \u00f6l\u00fcms\u00fcz eseri Safah\u00e2t kolay anla\u015f\u0131labilir \u015fiirler bir yana b\u0131rak\u0131l\u0131rsa, genel olarak Arap\u00e7a, Fars\u00e7a ikili, \u00fc\u00e7l\u00fc tamlamalar\u0131n bolca kullan\u0131ld\u0131\u011f\u0131 bir eserdir. Sunulan bu \u00e7al\u0131\u015fmada<span class=\"excerpt-hellip\"> [\u2026]<\/span><\/p>\n","protected":false},"featured_media":0,"template":"","meta":{"_monsterinsights_skip_tracking":false,"_monsterinsights_sitenote_active":false,"_monsterinsights_sitenote_note":"","_monsterinsights_sitenote_category":0},"product_brand":[],"product_cat":[13072,12291],"product_tag":[],"class_list":{"0":"post-710985","1":"product","2":"type-product","3":"status-publish","5":"product_cat-arastirma-inceleme-referans","6":"product_cat-edebiyat","7":"pa_cilt-ciltli","8":"pa_tur-kitap","9":"pa_yayinevi-say-yayinlari","10":"pa_yazar-mehmet-akif-ersoy","12":"first","13":"instock","14":"sale","15":"shipping-taxable","16":"purchasable","17":"product-type-simple"},"_links":{"self":[{"href":"https:\/\/roveyayinevi.com.tr\/index.php\/wp-json\/wp\/v2\/product\/710985","targetHints":{"allow":["GET"]}}],"collection":[{"href":"https:\/\/roveyayinevi.com.tr\/index.php\/wp-json\/wp\/v2\/product"}],"about":[{"href":"https:\/\/roveyayinevi.com.tr\/index.php\/wp-json\/wp\/v2\/types\/product"}],"wp:attachment":[{"href":"https:\/\/roveyayinevi.com.tr\/index.php\/wp-json\/wp\/v2\/media?parent=710985"}],"wp:term":[{"taxonomy":"product_brand","embeddable":true,"href":"https:\/\/roveyayinevi.com.tr\/index.php\/wp-json\/wp\/v2\/product_brand?post=710985"},{"taxonomy":"product_cat","embeddable":true,"href":"https:\/\/roveyayinevi.com.tr\/index.php\/wp-json\/wp\/v2\/product_cat?post=710985"},{"taxonomy":"product_tag","embeddable":true,"href":"https:\/\/roveyayinevi.com.tr\/index.php\/wp-json\/wp\/v2\/product_tag?post=710985"}],"curies":[{"name":"wp","href":"https:\/\/api.w.org\/{rel}","templated":true}]}}