{"id":710982,"date":"2025-08-27T16:41:05","date_gmt":"2025-08-27T13:41:05","guid":{"rendered":"https:\/\/roveyayinevi.com.tr\/index.php\/urun\/dinsel-deneyimin-cesitleri\/"},"modified":"2026-04-16T02:19:44","modified_gmt":"2026-04-15T23:19:44","slug":"dinsel-deneyimin-cesitleri","status":"publish","type":"product","link":"https:\/\/roveyayinevi.com.tr\/index.php\/urun\/dinsel-deneyimin-cesitleri\/","title":{"rendered":"Dinsel Deneyimin \u00c7e\u015fitleri"},"content":{"rendered":"<p>Bu eser, William James\u2019in ge\u00e7en y\u00fczy\u0131l ba\u015f\u0131nda \u201cDo\u011fal Teoloji\u201d veya \u201cDo\u011fal Din\u201d konusu \u00fczerine verdi\u011fi derslerden olu\u015fuyor. James, \u2018soyut kavramlar\u2019 alan\u0131nda de\u011fil daha \u00e7ok \u2018somut vaka \u00f6rnekleri\u2019 etraf\u0131nda dola\u015f\u0131yor. \u00c7al\u0131\u015fman\u0131n \u00f6zg\u00fcn y\u00f6nlerinden biri James\u2019in malzeme se\u00e7imindeki tutumu. \u00c7\u00fcnk\u00fc d\u00fc\u015f\u00fcn\u00fcr konusunu Aziz Augustinus, Azize Terasa, Jacop B\u00f6hme, Angelus Silesius gibi me\u015fhur aziz ve mistiklerin yan\u0131 s\u0131ra ortalama insanlar, s\u0131radan psikolojik vakalar, ula\u015f\u0131lmas\u0131 pek de kolay olmayan hasta g\u00fcnl\u00fckleri ve mektuplar\u0131 \u00fczerinden de ele al\u0131yor. Kitab\u0131n bir ba\u015fka \u00f6zg\u00fcn y\u00f6n\u00fc de d\u00fc\u015f\u00fcn\u00fcr\u00fcn kendisini yaln\u0131zca H\u0131ristiyan teolojisi ve mistisizmiyle s\u0131n\u0131rlamay\u0131p Budizm, Hinduizm ve \u0130slam sufizmi gibi \u2018\u00e7e\u015fitli deneyimlere\u2019 de yer vermesi. \u00d6te yandan bu eser, kurumsal ve d\u0131\u015fsal olanla bireysel ve i\u00e7sel olan, teolojiyle bireysel duygu, inan\u00e7 akidesiyle bireysel deneyim gibi kavram \u00e7iftleri aras\u0131ndaki \u00f6zsel farka odaklanarak bu fark\u0131n sonu\u00e7lar\u0131na dikkat \u00e7ekiyor. Meselenin n\u00f6rolojik, psikolojik ve felsefi boyutu, alelade ve samimi azizlik deneyimleri, anl\u0131k ve a\u011f\u0131r a\u011f\u0131r geli\u015fen ihtida, \u00e7e\u015fitli mistisizm t\u00fcrleri gibi de\u011fi\u015fik duraklara u\u011frad\u0131ktan sonra kesin birer yarg\u0131 olarak de\u011fil de birer \u00e7\u0131kar\u0131m olarak kendi sonu\u00e7lar\u0131n\u0131 ortaya koyuyor. B\u00f6ylece dersler boyunca her sat\u0131r\u0131n alt\u0131na gizlenmi\u015f ana kayg\u0131 olarak duran Din Bilimi\u2019nin olanakl\u0131 olup olmad\u0131\u011f\u0131 sorusu, din s\u00f6z konusu oldu\u011funda bilimsel kesinlik, nesnellik gibi niteliklerin muhtemel farkl\u0131 yorumlar\u0131na kap\u0131 aral\u0131yor. <\/p>\n","protected":false},"excerpt":{"rendered":"<p>Bu eser, William James\u2019in ge\u00e7en y\u00fczy\u0131l ba\u015f\u0131nda \u201cDo\u011fal Teoloji\u201d veya \u201cDo\u011fal Din\u201d konusu \u00fczerine verdi\u011fi derslerden olu\u015fuyor. James, \u2018soyut kavramlar\u2019 alan\u0131nda de\u011fil daha \u00e7ok \u2018somut vaka<span class=\"excerpt-hellip\"> [\u2026]<\/span><\/p>\n","protected":false},"featured_media":0,"template":"","meta":{"_monsterinsights_skip_tracking":false,"_monsterinsights_sitenote_active":false,"_monsterinsights_sitenote_note":"","_monsterinsights_sitenote_category":0},"product_brand":[],"product_cat":[12388,14717],"product_tag":[],"class_list":{"0":"post-710982","1":"product","2":"type-product","3":"status-publish","5":"product_cat-felsefe","6":"product_cat-felsefe-tarihi","7":"pa_cilt-ciltsiz","8":"pa_tur-kitap","9":"pa_yayinevi-pinhan-yayincilik","10":"pa_yazar-william-james","12":"first","13":"instock","14":"sale","15":"shipping-taxable","16":"purchasable","17":"product-type-simple"},"_links":{"self":[{"href":"https:\/\/roveyayinevi.com.tr\/index.php\/wp-json\/wp\/v2\/product\/710982","targetHints":{"allow":["GET"]}}],"collection":[{"href":"https:\/\/roveyayinevi.com.tr\/index.php\/wp-json\/wp\/v2\/product"}],"about":[{"href":"https:\/\/roveyayinevi.com.tr\/index.php\/wp-json\/wp\/v2\/types\/product"}],"wp:attachment":[{"href":"https:\/\/roveyayinevi.com.tr\/index.php\/wp-json\/wp\/v2\/media?parent=710982"}],"wp:term":[{"taxonomy":"product_brand","embeddable":true,"href":"https:\/\/roveyayinevi.com.tr\/index.php\/wp-json\/wp\/v2\/product_brand?post=710982"},{"taxonomy":"product_cat","embeddable":true,"href":"https:\/\/roveyayinevi.com.tr\/index.php\/wp-json\/wp\/v2\/product_cat?post=710982"},{"taxonomy":"product_tag","embeddable":true,"href":"https:\/\/roveyayinevi.com.tr\/index.php\/wp-json\/wp\/v2\/product_tag?post=710982"}],"curies":[{"name":"wp","href":"https:\/\/api.w.org\/{rel}","templated":true}]}}