{"id":710980,"date":"2025-08-27T16:41:04","date_gmt":"2025-08-27T13:41:04","guid":{"rendered":"https:\/\/roveyayinevi.com.tr\/index.php\/urun\/halklarin-rus-devrimi-tarihi\/"},"modified":"2026-04-16T02:19:44","modified_gmt":"2026-04-15T23:19:44","slug":"halklarin-rus-devrimi-tarihi","status":"publish","type":"product","link":"https:\/\/roveyayinevi.com.tr\/index.php\/urun\/halklarin-rus-devrimi-tarihi\/","title":{"rendered":"Halklar\u0131n Rus Devrimi Tarihi"},"content":{"rendered":"<p>G\u00fcn\u00fcm\u00fcz\u00fcn \u00f6nde gelen Marksist tarih\u00e7ileri aras\u0131nda yer alan Neil Faulkner, 1917 B\u00fcy\u00fck Ekim Devrimi\u2019nin 100. y\u0131l\u0131nda, devrime farkl\u0131 bir bak\u0131\u015f a\u00e7\u0131s\u0131yla yakla\u015fan, onun bir demokrasi ve yarat\u0131c\u0131l\u0131k patlamas\u0131 oldu\u011funu ileri s\u00fcren kitab\u0131yla yeni tart\u0131\u015fmalar a\u00e7\u0131yor. Yordam Kitap\u2019\u0131n Ge\u00e7mi\u015ften Gelece\u011fe Sosyalizm Dizisi\u2019nde her biri farkl\u0131 perspektif ve politik duru\u015fla kaleme al\u0131nm\u0131\u015f, birbirinden ayr\u0131lan g\u00f6r\u00fc\u015fler bar\u0131nd\u0131rsa da tart\u0131\u015fmac\u0131 nitelikleriyle birbirini b\u00fct\u00fcnleyebilen, sosyalizm deneyimlerini ve tarihsel s\u00fcre\u00e7leri Marksizmin metodolojisine dayanarak irdeleyen, tart\u0131\u015fma ve ufuk a\u00e7\u0131c\u0131 kitaplara yer veriliyor. Neil Faulkner\u2019\u0131n Halklar\u0131n Rus Devrimi Tarihi adl\u0131 yeni \u00e7al\u0131\u015fmas\u0131 da tam bu yakla\u015f\u0131ma uygun bir kitap. Kitab\u0131na \u201cRus Devrimi, d\u00fcnya tarihinin muhtemelen en yanl\u0131\u015f anla\u015f\u0131lm\u0131\u015f olay\u0131d\u0131r,\u201d diyerek ba\u015flayan Faulkner, devrimin \u00f6z\u00fc itibariyle a\u015fa\u011f\u0131dan y\u00fckselen bir demokrasi ve eylem patlamas\u0131 oldu\u011funu, kat\u0131lan milyonlarca insan\u0131 bizzat d\u00f6n\u00fc\u015ft\u00fcr\u00fcrken olup biteni takip eden on milyonlarca insana da esin verdi\u011fini, temellerinden sarst\u0131\u011f\u0131 d\u00fcnya kapitalist sistemini devirmenin e\u015fi\u011fine geldi\u011fini, ancak alabildi\u011fine farkl\u0131 bir d\u00fcnyan\u0131n umut verici bir anl\u0131k g\u00f6r\u00fcnt\u00fcs\u00fcn\u00fc sunduktan sonra da geri \u00e7ekildi\u011fini ve kar\u015f\u0131-devrimle y\u0131k\u0131ld\u0131\u011f\u0131n\u0131 ileri s\u00fcr\u00fcyor. Halklar\u0131n Rus Devrimi Tarihi\u2019nin birinci b\u00f6l\u00fcm\u00fcnde 1825-1916 d\u00f6nemi, devrimcilerin y\u00fckseli\u015fi, rejimin konumu, Lenin ve Bol\u015feviklerin tarih sahnesine \u00e7\u0131kmas\u0131 ve B\u00fcy\u00fck Sava\u015f ko\u015fullar\u0131yla birlikte de\u011ferlendiriliyor. \u0130kinci b\u00f6l\u00fcmde Faulkner, t\u00fcm\u00fcyle 1917 y\u0131l\u0131ndaki \u201cf\u0131rt\u0131na\u201dya odaklan\u0131rken; \u015eubat Devrimi\u2019ni, ikili iktidar olgusunu, Ekim g\u00fcnlerini ve kar\u015f\u0131-devrimi tart\u0131\u015f\u0131yor. \u00dc\u00e7\u00fcnc\u00fc ve son k\u0131s\u0131m ise 1918-38 y\u0131llar\u0131n\u0131 kaps\u0131yor ve bu d\u00f6nemi; d\u00fcnya devrimi, ku\u015fat\u0131lm\u0131\u015f devrim ve Stalin tart\u0131\u015fmalar\u0131 ekseninde ele al\u0131yor. \u201cRus Devrimi\u2019nin y\u00fcz\u00fcnc\u00fc y\u0131ld\u00f6n\u00fcm\u00fc yakla\u015f\u0131rken rafl arda yerini almaya ba\u015flayan say\u0131s\u0131z kitap aras\u0131nda sosyalist bak\u0131\u015f a\u00e7\u0131s\u0131yla kaleme al\u0131n\u0131p halka hitap eden, anla\u015f\u0131l\u0131r ve tarih\u00ee a\u00e7\u0131dan g\u00fcvenilir bir anlat\u0131ma ger\u00e7ekten ihtiya\u00e7var. Neil Faulkner\u2019\u0131n Halklar\u0131n Rus Devrimi Tarihi de bu ihtiyac\u0131 kar\u015f\u0131l\u0131yor.\u201d Neil Davidson \ufffcTan\u0131t\u0131m Metni<\/p>\n","protected":false},"excerpt":{"rendered":"<p>G\u00fcn\u00fcm\u00fcz\u00fcn \u00f6nde gelen Marksist tarih\u00e7ileri aras\u0131nda yer alan Neil Faulkner, 1917 B\u00fcy\u00fck Ekim Devrimi\u2019nin 100. y\u0131l\u0131nda, devrime farkl\u0131 bir bak\u0131\u015f a\u00e7\u0131s\u0131yla yakla\u015fan, onun bir demokrasi ve<span class=\"excerpt-hellip\"> [\u2026]<\/span><\/p>\n","protected":false},"featured_media":0,"template":"","meta":{"_monsterinsights_skip_tracking":false,"_monsterinsights_sitenote_active":false,"_monsterinsights_sitenote_note":"","_monsterinsights_sitenote_category":0},"product_brand":[],"product_cat":[12305,12304],"product_tag":[],"class_list":{"0":"post-710980","1":"product","2":"type-product","3":"status-publish","5":"product_cat-dunya-tarihi","6":"product_cat-tarih","7":"pa_cilt-ciltsiz","8":"pa_tur-kitap","9":"pa_yayinevi-yordam-kitap","10":"pa_yazar-neil-faulkner","12":"first","13":"instock","14":"sale","15":"shipping-taxable","16":"purchasable","17":"product-type-simple"},"_links":{"self":[{"href":"https:\/\/roveyayinevi.com.tr\/index.php\/wp-json\/wp\/v2\/product\/710980","targetHints":{"allow":["GET"]}}],"collection":[{"href":"https:\/\/roveyayinevi.com.tr\/index.php\/wp-json\/wp\/v2\/product"}],"about":[{"href":"https:\/\/roveyayinevi.com.tr\/index.php\/wp-json\/wp\/v2\/types\/product"}],"wp:attachment":[{"href":"https:\/\/roveyayinevi.com.tr\/index.php\/wp-json\/wp\/v2\/media?parent=710980"}],"wp:term":[{"taxonomy":"product_brand","embeddable":true,"href":"https:\/\/roveyayinevi.com.tr\/index.php\/wp-json\/wp\/v2\/product_brand?post=710980"},{"taxonomy":"product_cat","embeddable":true,"href":"https:\/\/roveyayinevi.com.tr\/index.php\/wp-json\/wp\/v2\/product_cat?post=710980"},{"taxonomy":"product_tag","embeddable":true,"href":"https:\/\/roveyayinevi.com.tr\/index.php\/wp-json\/wp\/v2\/product_tag?post=710980"}],"curies":[{"name":"wp","href":"https:\/\/api.w.org\/{rel}","templated":true}]}}