{"id":710979,"date":"2025-08-27T16:41:03","date_gmt":"2025-08-27T13:41:03","guid":{"rendered":"https:\/\/roveyayinevi.com.tr\/index.php\/urun\/hayirli-savas-soylencesi\/"},"modified":"2026-04-16T02:19:44","modified_gmt":"2026-04-15T23:19:44","slug":"hayirli-savas-soylencesi","status":"publish","type":"product","link":"https:\/\/roveyayinevi.com.tr\/index.php\/urun\/hayirli-savas-soylencesi\/","title":{"rendered":"Hay\u0131rl\u0131 Sava\u015f S\u00f6ylencesi"},"content":{"rendered":"<p>Jacques Pauwels, Amerika Birle\u015fik Devletleri\u2019nin \u0130kinci D\u00fcnya Sava\u015f\u0131\u2019nda oynad\u0131\u011f\u0131 rol\u00fc i      nceleyen kitab\u0131nda, bu sava\u015f\u0131n Amerikan tarihindeki en hay\u0131rl\u0131 sava\u015f oldu\u011funa dair s\u00f6ylenceyi sorguluyor. Bir anlamda ABD\u2019nin \u2018\u2018gizli tarihini\u2019\u2019 anlatan \u00e7al\u0131\u015fma, \u2018\u2018kirli ger\u00e7eklerin\u2019\u2019 \u00fczerine \u00f6rt\u00fclm\u00fc\u015f perdeyi aralamak i\u00e7in yan\u0131tlanmas\u0131 zor sorulara cevap ar\u0131yor: Neden bu kadar \u00e7ok Amerikal\u0131 sava\u015ftan \u00f6nce fa\u015fizme yak\u0131nl\u0131k duyuyordu? ABD\u2019li b\u00fcy\u00fck tekeller Nazilerle ne t\u00fcr kirli ili\u015fkiler kurmu\u015flard\u0131? Amerikal\u0131lar\u0131n Nazi Almanyas\u0131na kar\u015f\u0131 demokrasileri desteklemeye karar vermeleri neden bu kadar uzun s\u00fcrd\u00fc? Neden Birle\u015fik Devletler\u2019in Nazi Almanyas\u0131na kar\u015f\u0131 sava\u015fa s\u00fcr\u00fcklenmesi i\u00e7in Japonlar\u0131n bir Amerikan topra\u011f\u0131na sald\u0131rmas\u0131 gerekti? \u0130kinci D\u00fcnya Sava\u015f\u0131\u2019n\u0131n ger\u00e7ek d\u00f6n\u00fcm noktas\u0131 neydi? Ba\u015far\u0131s\u0131z Dieppe sald\u0131r\u0131s\u0131n\u0131n ya da Dresden kentini yerle bir eden bombard\u0131man\u0131n arkas\u0131nda hangi saikler vard\u0131? Bat\u0131 Avrupa\u2019da Hitler\u2019e kar\u015f\u0131 ikinci bir cephenin a\u00e7\u0131lmas\u0131 neden geciktirildi? Hiro\u015fima ve Nagazike\u2019ye at\u0131lan atom bombalar\u0131n\u0131n ger\u00e7ek hedefi neydi? So\u011fuk Sava\u015f neden \u00e7\u0131kt\u0131 ve nas\u0131l sona erdi? Pauwels bu ve benzeri ba\u015fka pek \u00e7ok soruyu, asker\u00ee tarihin ya da \u2018\u2018b\u00fcy\u00fck adamlar\u0131n\u2019\u2019 tarihinin \u00f6tesine ge\u00e7erek, Amerika\u2019n\u0131n iktidar se\u00e7kinlerinin \u00e7\u0131karlar\u0131n\u0131 ve emek\u00e7i s\u0131n\u0131fl ar\u0131n m\u00fccadelesini temel alan bir \u2018\u2018siyasal iktisat\u2019\u2019 yakla\u015f\u0131m\u0131yla ele al\u0131yor. Hay\u0131rl\u0131 Sava\u015f S\u00f6ylencesi ufuk a\u00e7\u0131c\u0131 tezleriyle ABD\u2019nin \u0130kinci D\u00fcnya Sava\u015f\u0131\u2019ndaki rol\u00fcne dair ezber bozacak bir \u00e7al\u0131\u015fma. <\/p>\n","protected":false},"excerpt":{"rendered":"<p>Jacques Pauwels, Amerika Birle\u015fik Devletleri\u2019nin \u0130kinci D\u00fcnya Sava\u015f\u0131\u2019nda oynad\u0131\u011f\u0131 rol\u00fc i nceleyen kitab\u0131nda, bu sava\u015f\u0131n Amerikan tarihindeki en hay\u0131rl\u0131 sava\u015f oldu\u011funa dair s\u00f6ylenceyi sorguluyor. Bir anlamda<span class=\"excerpt-hellip\"> [\u2026]<\/span><\/p>\n","protected":false},"featured_media":0,"template":"","meta":{"_monsterinsights_skip_tracking":false,"_monsterinsights_sitenote_active":false,"_monsterinsights_sitenote_note":"","_monsterinsights_sitenote_category":0},"product_brand":[],"product_cat":[12370,12304],"product_tag":[],"class_list":{"0":"post-710979","1":"product","2":"type-product","3":"status-publish","5":"product_cat-arastirma-inceleme","6":"product_cat-tarih","7":"pa_cilt-ciltsiz","8":"pa_tur-kitap","9":"pa_yayinevi-yordam-kitap","10":"pa_yazar-jacques-pauwels","12":"first","13":"instock","14":"sale","15":"shipping-taxable","16":"purchasable","17":"product-type-simple"},"_links":{"self":[{"href":"https:\/\/roveyayinevi.com.tr\/index.php\/wp-json\/wp\/v2\/product\/710979","targetHints":{"allow":["GET"]}}],"collection":[{"href":"https:\/\/roveyayinevi.com.tr\/index.php\/wp-json\/wp\/v2\/product"}],"about":[{"href":"https:\/\/roveyayinevi.com.tr\/index.php\/wp-json\/wp\/v2\/types\/product"}],"wp:attachment":[{"href":"https:\/\/roveyayinevi.com.tr\/index.php\/wp-json\/wp\/v2\/media?parent=710979"}],"wp:term":[{"taxonomy":"product_brand","embeddable":true,"href":"https:\/\/roveyayinevi.com.tr\/index.php\/wp-json\/wp\/v2\/product_brand?post=710979"},{"taxonomy":"product_cat","embeddable":true,"href":"https:\/\/roveyayinevi.com.tr\/index.php\/wp-json\/wp\/v2\/product_cat?post=710979"},{"taxonomy":"product_tag","embeddable":true,"href":"https:\/\/roveyayinevi.com.tr\/index.php\/wp-json\/wp\/v2\/product_tag?post=710979"}],"curies":[{"name":"wp","href":"https:\/\/api.w.org\/{rel}","templated":true}]}}