{"id":710975,"date":"2025-08-27T16:41:01","date_gmt":"2025-08-27T13:41:01","guid":{"rendered":"https:\/\/roveyayinevi.com.tr\/index.php\/urun\/bilinmeyen-devrim\/"},"modified":"2026-04-16T02:19:44","modified_gmt":"2026-04-15T23:19:44","slug":"bilinmeyen-devrim","status":"publish","type":"product","link":"https:\/\/roveyayinevi.com.tr\/index.php\/urun\/bilinmeyen-devrim\/","title":{"rendered":"Bilinmeyen Devrim"},"content":{"rendered":"<p>Her devrim, de\u011fi\u015fik e\u011filimdeki \u00e7ok say\u0131da yazar taraf\u0131ndan ve farkl\u0131 d\u00f6nemlerde yak\u0131ndan incelense bile, \u00f6zu\u0308ndebu\u0308yu\u0308k bir Bilinmeyen olarak kal\u0131r. Yu\u0308zy\u0131llar ge\u00e7er ve zaman zaman eski altu\u0308st olu\u015flar\u0131n kal\u0131nt\u0131lar\u0131n\u0131 kar\u0131\u015ft\u0131rarak h\u00e2l\u00e2 ve her zaman o gu\u0308ne dek gu\u0308nyu\u0308zu\u0308 g\u00f6rmemi\u015f olgular\u0131 ve belgeleri ke\u015ffeden birtak\u0131m insanlar \u00e7\u0131kar. \u00c7o\u011fu zaman bu ke\u015fifler, kesin kabul etti\u011fimiz bilgileri ve fikirleri ala\u015fa\u011f\u0131 eder. Genel olarak henu\u0308z bir Devrim\u2019in nas\u0131l incelenece\u011fi bilinmiyor (t\u0131pk\u0131 bir halk\u0131n tarihinin nas\u0131l yaz\u0131laca\u011f\u0131n\u0131n bilinmedi\u011fi gibi). \u00d6te yandan, deneyimli ve bilin\u00e7li de olsa birtak\u0131m yazarlar \u00f6yle hatalar yap\u0131yorlar ve insan\u0131 \u00e7ileden \u00e7\u0131karan ihmallerde bulunuyorlar ki okurlar\u0131n olan biteni do\u011fru anlamas\u0131 olanaks\u0131z hale geliyor. \u00d6rne\u011fin \u00e7arp\u0131c\u0131 olgular\u0131 ve olaylar\u0131, yani herkesin g\u00f6zleri \u00f6nu\u0308nde cereyan edenleri, debdebeli \u2018devrimci panay\u0131r\u2019\u0131 dibine kadar inceler ve bolca sergilerken, sessizce, Devrim\u2019in derinliklerinde, \u2018panay\u0131r\u2019\u0131n kenar\u0131nda olan bitenleri ise ku\u0308\u00e7u\u0308msu\u0308yor ve yok say\u0131yorlar. Volin *** Volin, bu m\u00fcthi\u015f \u00e7al\u0131\u015fmas\u0131nda bir bilinmeyen olarak Bol\u015fevik Devrimi\u2019ni, 1917-1921 tarihleri aras\u0131nda vuku bulan toplumsal ve politik olaylar\u0131 olanca titizli\u011fiyle masaya yat\u0131r\u0131yor; elbette \u201cpanay\u0131r\u0131n\u201d kenar\u0131nda kalanlar\u0131, devrimin mikro ama hayli \u00f6nemli ayr\u0131nt\u0131lar\u0131n\u0131 da ihmal etmeden&#8230; <\/p>\n","protected":false},"excerpt":{"rendered":"<p>Her devrim, de\u011fi\u015fik e\u011filimdeki \u00e7ok say\u0131da yazar taraf\u0131ndan ve farkl\u0131 d\u00f6nemlerde yak\u0131ndan incelense bile, \u00f6zu\u0308ndebu\u0308yu\u0308k bir Bilinmeyen olarak kal\u0131r. Yu\u0308zy\u0131llar ge\u00e7er ve zaman zaman eski altu\u0308st<span class=\"excerpt-hellip\"> [\u2026]<\/span><\/p>\n","protected":false},"featured_media":0,"template":"","meta":{"_monsterinsights_skip_tracking":false,"_monsterinsights_sitenote_active":false,"_monsterinsights_sitenote_note":"","_monsterinsights_sitenote_category":0},"product_brand":[],"product_cat":[12304,14128],"product_tag":[],"class_list":{"0":"post-710975","1":"product","2":"type-product","3":"status-publish","5":"product_cat-tarih","6":"product_cat-yakin-tarih","7":"pa_cilt-ciltsiz","8":"pa_tur-kitap","9":"pa_yayinevi-ayrinti-yayinlari","10":"pa_yazar-volin","12":"first","13":"instock","14":"sale","15":"shipping-taxable","16":"purchasable","17":"product-type-simple"},"_links":{"self":[{"href":"https:\/\/roveyayinevi.com.tr\/index.php\/wp-json\/wp\/v2\/product\/710975","targetHints":{"allow":["GET"]}}],"collection":[{"href":"https:\/\/roveyayinevi.com.tr\/index.php\/wp-json\/wp\/v2\/product"}],"about":[{"href":"https:\/\/roveyayinevi.com.tr\/index.php\/wp-json\/wp\/v2\/types\/product"}],"wp:attachment":[{"href":"https:\/\/roveyayinevi.com.tr\/index.php\/wp-json\/wp\/v2\/media?parent=710975"}],"wp:term":[{"taxonomy":"product_brand","embeddable":true,"href":"https:\/\/roveyayinevi.com.tr\/index.php\/wp-json\/wp\/v2\/product_brand?post=710975"},{"taxonomy":"product_cat","embeddable":true,"href":"https:\/\/roveyayinevi.com.tr\/index.php\/wp-json\/wp\/v2\/product_cat?post=710975"},{"taxonomy":"product_tag","embeddable":true,"href":"https:\/\/roveyayinevi.com.tr\/index.php\/wp-json\/wp\/v2\/product_tag?post=710975"}],"curies":[{"name":"wp","href":"https:\/\/api.w.org\/{rel}","templated":true}]}}