{"id":710974,"date":"2025-08-27T16:41:01","date_gmt":"2025-08-27T13:41:01","guid":{"rendered":"https:\/\/roveyayinevi.com.tr\/index.php\/urun\/keman-metodu-violin-method\/"},"modified":"2026-04-16T02:19:44","modified_gmt":"2026-04-15T23:19:44","slug":"keman-metodu-violin-method","status":"publish","type":"product","link":"https:\/\/roveyayinevi.com.tr\/index.php\/urun\/keman-metodu-violin-method\/","title":{"rendered":"Keman Metodu (Violin Method)"},"content":{"rendered":"<p>Solo \u00e7alg\u0131 \u00f6zelli\u011fi ta\u015f\u0131yan keman, d\u00fcnyada en sevilen \u00e7alg\u0131lardan birisidir. \u0130nsan ruhunu ok\u015fayan duygusall\u0131\u011f\u0131, h\u0131r\u00e7\u0131nl\u0131\u011f\u0131 ve bazen ac\u0131lar\u0131 bazen de derinden gelen sihirli a\u015fklar\u0131 ile bize zengin anlat\u0131m olanaklar\u0131 sunar. \u00d6te yandan bir orkestra \u00e7alg\u0131s\u0131 da olan keman, sol anahtar\u0131yla yaz\u0131l\u0131p icra edilir. Bu \u00e7alg\u0131 yayl\u0131 \u00e7alg\u0131lar ailesinin en geni\u015f aral\u0131kl\u0131 sesine ve en zengin literat\u00fcr\u00fcne sahip \u00e7alg\u0131lar aras\u0131nda yer almaktad\u0131r. \ufffcTan\u0131t\u0131m Metni<\/p>\n","protected":false},"excerpt":{"rendered":"<p>Solo \u00e7alg\u0131 \u00f6zelli\u011fi ta\u015f\u0131yan keman, d\u00fcnyada en sevilen \u00e7alg\u0131lardan birisidir. \u0130nsan ruhunu ok\u015fayan duygusall\u0131\u011f\u0131, h\u0131r\u00e7\u0131nl\u0131\u011f\u0131 ve bazen ac\u0131lar\u0131 bazen de derinden gelen sihirli a\u015fklar\u0131 ile bize<span class=\"excerpt-hellip\"> [\u2026]<\/span><\/p>\n","protected":false},"featured_media":0,"template":"","meta":{"_monsterinsights_skip_tracking":false,"_monsterinsights_sitenote_active":false,"_monsterinsights_sitenote_note":"","_monsterinsights_sitenote_category":0},"product_brand":[],"product_cat":[14556,20810],"product_tag":[],"class_list":{"0":"post-710974","1":"product","2":"type-product","3":"status-publish","5":"product_cat-muzik","6":"product_cat-ogrenim-kitaplari","7":"pa_cilt-ciltsiz","8":"pa_tur-kitap","9":"pa_yayinevi-muzik-egitimi-yayinlari","10":"pa_yazar-sonat-seyhan","12":"first","13":"instock","14":"sale","15":"shipping-taxable","16":"purchasable","17":"product-type-simple"},"_links":{"self":[{"href":"https:\/\/roveyayinevi.com.tr\/index.php\/wp-json\/wp\/v2\/product\/710974","targetHints":{"allow":["GET"]}}],"collection":[{"href":"https:\/\/roveyayinevi.com.tr\/index.php\/wp-json\/wp\/v2\/product"}],"about":[{"href":"https:\/\/roveyayinevi.com.tr\/index.php\/wp-json\/wp\/v2\/types\/product"}],"wp:attachment":[{"href":"https:\/\/roveyayinevi.com.tr\/index.php\/wp-json\/wp\/v2\/media?parent=710974"}],"wp:term":[{"taxonomy":"product_brand","embeddable":true,"href":"https:\/\/roveyayinevi.com.tr\/index.php\/wp-json\/wp\/v2\/product_brand?post=710974"},{"taxonomy":"product_cat","embeddable":true,"href":"https:\/\/roveyayinevi.com.tr\/index.php\/wp-json\/wp\/v2\/product_cat?post=710974"},{"taxonomy":"product_tag","embeddable":true,"href":"https:\/\/roveyayinevi.com.tr\/index.php\/wp-json\/wp\/v2\/product_tag?post=710974"}],"curies":[{"name":"wp","href":"https:\/\/api.w.org\/{rel}","templated":true}]}}