{"id":710970,"date":"2025-08-27T16:40:59","date_gmt":"2025-08-27T13:40:59","guid":{"rendered":"https:\/\/roveyayinevi.com.tr\/index.php\/urun\/arap-edebiyati\/"},"modified":"2026-04-16T02:19:44","modified_gmt":"2026-04-15T23:19:44","slug":"arap-edebiyati","status":"publish","type":"product","link":"https:\/\/roveyayinevi.com.tr\/index.php\/urun\/arap-edebiyati\/","title":{"rendered":"Arap Edebiyat\u0131"},"content":{"rendered":"<p>Uzun s\u00fcre Do\u011fu edebiyat\u0131n\u0131 yaln\u0131zca Binbir Gece Masallar\u0131 \u00fczerinden tan\u0131yan Bat\u0131\u2019n\u0131n klasik imge ve kal\u0131plar\u0131n \u00f6tesinde ger\u00e7ek bir edebiyat ara\u015ft\u0131rmas\u0131d\u0131r \u00fcnl\u00fc do\u011fubilimci Hamilton Gibb\u2019in bu kitab\u0131. \u00c7ok geni\u015f bir sahaya yay\u0131lan edeb\u00ee verimleri yaln\u0131zca bir millete hasrederek de\u011fil, Arap\u00e7an\u0131n Ba\u011fdat\u2019tan End\u00fcl\u00fcs\u2019e Ma\u011frip \u00fclkelerinden Sicilya\u2019ya uzanan yolculu\u011funu, ge\u00e7ti\u011fi g\u00fczergahlarda derin izler b\u0131rakan edeb\u00ee zenginli\u011fini tek tek ayr\u0131nt\u0131land\u0131rmaktad\u0131r. Gibb\u2019in bu \u00e7al\u0131\u015fmas\u0131 takdire de\u011ferdir.\u00c7\u00fcnk\u00fc yaln\u0131zca standart edeb\u00ee \u00e7\u00f6z\u00fcmlemeleri tercih etmemi\u015f, \u00f6rne\u011fin ya\u015fam kal\u0131plar\u0131na inerek g\u00f6\u00e7ebe bir hayat tarz\u0131ndan nas\u0131l b\u00f6ylesine zengin bir dilin ortaya \u00e7\u0131kt\u0131\u011f\u0131n\u0131 a\u00e7\u0131klamaya \u00e7al\u0131\u015fm\u0131\u015ft\u0131r. Kitap ayn\u0131 zamanda yapt\u0131\u011f\u0131 k\u00fclt\u00fcrel okumayla da dikkat \u00e7ekicidir. Bedev\u00eeli\u011fin, iklimin, yeknesakl\u0131\u011f\u0131n, inanc\u0131n, sonsuz bekleyi\u015fin, \u00e7\u00f6l\u00fcn, kumun ve serab\u0131n oynad\u0131\u011f\u0131 mucizev\u00ee etkiye de bir\u00e7ok sat\u0131r\u0131nda de\u011finmektedir.Gibb, tarih ve edebiyat\u0131n s\u00fcrekli birbirini besledi\u011fi bir ortamda ba\u015fta \u015fiir ve nesir olmak \u00fczere belli ba\u015fl\u0131 edeb\u00ee ak\u0131mlara yer vermekte, onlar\u0131 tan\u0131mlamakta, neden ve sonu\u00e7lar\u0131yla birlikte izah etmekte, \u00f6ncesini ve sonras\u0131n\u0131 g\u00f6stermektedir. Bu \u00e7er\u00e7eveden bak\u0131ld\u0131\u011f\u0131nda dillerin farkl\u0131l\u0131\u011f\u0131na ra\u011fmen duyu\u015f ve d\u00fc\u015f\u00fcnce kal\u0131plar\u0131n\u0131n ortakl\u0131\u011f\u0131, \u015fair ve d\u00fc\u015f\u00fcn\u00fcrleri birbirine daha \u00e7ok yakla\u015ft\u0131ran edebiyat\u0131n evrenselli\u011fini bir kez daha kan\u0131tlamaktad\u0131r. <\/p>\n","protected":false},"excerpt":{"rendered":"<p>Uzun s\u00fcre Do\u011fu edebiyat\u0131n\u0131 yaln\u0131zca Binbir Gece Masallar\u0131 \u00fczerinden tan\u0131yan Bat\u0131\u2019n\u0131n klasik imge ve kal\u0131plar\u0131n \u00f6tesinde ger\u00e7ek bir edebiyat ara\u015ft\u0131rmas\u0131d\u0131r \u00fcnl\u00fc do\u011fubilimci Hamilton Gibb\u2019in bu kitab\u0131.<span class=\"excerpt-hellip\"> [\u2026]<\/span><\/p>\n","protected":false},"featured_media":0,"template":"","meta":{"_monsterinsights_skip_tracking":false,"_monsterinsights_sitenote_active":false,"_monsterinsights_sitenote_note":"","_monsterinsights_sitenote_category":0},"product_brand":[],"product_cat":[13072,12291],"product_tag":[],"class_list":{"0":"post-710970","1":"product","2":"type-product","3":"status-publish","5":"product_cat-arastirma-inceleme-referans","6":"product_cat-edebiyat","7":"pa_cilt-ciltsiz","8":"pa_tur-kitap","9":"pa_yayinevi-dogu-bati-yayinlari","10":"pa_yazar-h-a-r-gibb","12":"first","13":"instock","14":"sale","15":"shipping-taxable","16":"purchasable","17":"product-type-simple"},"_links":{"self":[{"href":"https:\/\/roveyayinevi.com.tr\/index.php\/wp-json\/wp\/v2\/product\/710970","targetHints":{"allow":["GET"]}}],"collection":[{"href":"https:\/\/roveyayinevi.com.tr\/index.php\/wp-json\/wp\/v2\/product"}],"about":[{"href":"https:\/\/roveyayinevi.com.tr\/index.php\/wp-json\/wp\/v2\/types\/product"}],"wp:attachment":[{"href":"https:\/\/roveyayinevi.com.tr\/index.php\/wp-json\/wp\/v2\/media?parent=710970"}],"wp:term":[{"taxonomy":"product_brand","embeddable":true,"href":"https:\/\/roveyayinevi.com.tr\/index.php\/wp-json\/wp\/v2\/product_brand?post=710970"},{"taxonomy":"product_cat","embeddable":true,"href":"https:\/\/roveyayinevi.com.tr\/index.php\/wp-json\/wp\/v2\/product_cat?post=710970"},{"taxonomy":"product_tag","embeddable":true,"href":"https:\/\/roveyayinevi.com.tr\/index.php\/wp-json\/wp\/v2\/product_tag?post=710970"}],"curies":[{"name":"wp","href":"https:\/\/api.w.org\/{rel}","templated":true}]}}