{"id":710968,"date":"2025-08-27T16:40:58","date_gmt":"2025-08-27T13:40:58","guid":{"rendered":"https:\/\/roveyayinevi.com.tr\/index.php\/urun\/geziyorum-goruyorum-uretimden-tuketime-pamuk\/"},"modified":"2026-04-16T02:19:44","modified_gmt":"2026-04-15T23:19:44","slug":"geziyorum-goruyorum-uretimden-tuketime-pamuk","status":"publish","type":"product","link":"https:\/\/roveyayinevi.com.tr\/index.php\/urun\/geziyorum-goruyorum-uretimden-tuketime-pamuk\/","title":{"rendered":"Geziyorum, G\u00f6r\u00fcyorum \u00dcretimden T\u00fcketime &#8211; Pamuk"},"content":{"rendered":"<p>&#8221;Geziyorum, G\u00f6r\u00fcyorum \u00dcretimden T\u00fcketime&#8221; kitap serisi, s\u0131k\u0131lmadan sizi s\u00fcr\u00fckleyerek, bir \u00e7ok yerlere g\u00f6t\u00fcrecektir. G\u00fcnl\u00fck ya\u015fam\u0131m\u0131zda t\u00fcketti\u011fimiz bir \u00e7ok \u00fcr\u00fcn\u00fc tan\u0131yacaks\u0131n\u0131z. Bu \u00fcr\u00fcnlerin hangi a\u015famalardan evimize geldi\u011fine ait hikayeleri okuyacaks\u0131n\u0131z. Bu \u00fcr\u00fcnleri t\u00fcketirken binlerce insan\u0131n eme\u011fi oldu\u011funu \u00f6\u011freneceksiniz. Bu bilgilerin yan\u0131 s\u0131ra \u00fclkemizin do\u011fal ve k\u00fclt\u00fcrel zenginli\u011fini de \u00f6\u011freneceksiniz.<\/p>\n","protected":false},"excerpt":{"rendered":"<p>&#8221;Geziyorum, G\u00f6r\u00fcyorum \u00dcretimden T\u00fcketime&#8221; kitap serisi, s\u0131k\u0131lmadan sizi s\u00fcr\u00fckleyerek, bir \u00e7ok yerlere g\u00f6t\u00fcrecektir. G\u00fcnl\u00fck ya\u015fam\u0131m\u0131zda t\u00fcketti\u011fimiz bir \u00e7ok \u00fcr\u00fcn\u00fc tan\u0131yacaks\u0131n\u0131z. Bu \u00fcr\u00fcnlerin hangi a\u015famalardan evimize geldi\u011fine<span class=\"excerpt-hellip\"> [\u2026]<\/span><\/p>\n","protected":false},"featured_media":0,"template":"","meta":{"_monsterinsights_skip_tracking":false,"_monsterinsights_sitenote_active":false,"_monsterinsights_sitenote_note":"","_monsterinsights_sitenote_category":0},"product_brand":[],"product_cat":[12275,12274],"product_tag":[],"class_list":{"0":"post-710968","1":"product","2":"type-product","3":"status-publish","5":"product_cat-6-12-yas-kitaplari","6":"product_cat-cocuk-ve-genclik-kitaplari","7":"pa_cilt-ciltsiz","8":"pa_tur-kitap","9":"pa_yayinevi-somut-yayinlari","10":"pa_yazar-garip-tamdogan","12":"first","13":"instock","14":"sale","15":"shipping-taxable","16":"purchasable","17":"product-type-simple"},"_links":{"self":[{"href":"https:\/\/roveyayinevi.com.tr\/index.php\/wp-json\/wp\/v2\/product\/710968","targetHints":{"allow":["GET"]}}],"collection":[{"href":"https:\/\/roveyayinevi.com.tr\/index.php\/wp-json\/wp\/v2\/product"}],"about":[{"href":"https:\/\/roveyayinevi.com.tr\/index.php\/wp-json\/wp\/v2\/types\/product"}],"wp:attachment":[{"href":"https:\/\/roveyayinevi.com.tr\/index.php\/wp-json\/wp\/v2\/media?parent=710968"}],"wp:term":[{"taxonomy":"product_brand","embeddable":true,"href":"https:\/\/roveyayinevi.com.tr\/index.php\/wp-json\/wp\/v2\/product_brand?post=710968"},{"taxonomy":"product_cat","embeddable":true,"href":"https:\/\/roveyayinevi.com.tr\/index.php\/wp-json\/wp\/v2\/product_cat?post=710968"},{"taxonomy":"product_tag","embeddable":true,"href":"https:\/\/roveyayinevi.com.tr\/index.php\/wp-json\/wp\/v2\/product_tag?post=710968"}],"curies":[{"name":"wp","href":"https:\/\/api.w.org\/{rel}","templated":true}]}}