{"id":710967,"date":"2025-08-27T16:40:57","date_gmt":"2025-08-27T13:40:57","guid":{"rendered":"https:\/\/roveyayinevi.com.tr\/index.php\/urun\/saftirik-12-tam-bir-felaket\/"},"modified":"2026-04-16T02:19:44","modified_gmt":"2026-04-15T23:19:44","slug":"saftirik-12-tam-bir-felaket","status":"publish","type":"product","link":"https:\/\/roveyayinevi.com.tr\/index.php\/urun\/saftirik-12-tam-bir-felaket\/","title":{"rendered":"Saftirik 12 &#8211; Tam Bir Felaket!"},"content":{"rendered":"<p>Greg Heffley ile ailesi yine yollarda!So\u011fuk havan\u0131n ve yakla\u015fmakta olan Noel tatilinin de etkisiyle bir tropik adaya gitmeye karar veren Heffley ailesinin tek istedi\u011fi, biraz dinlenip iyi vakit ge\u00e7irmek. Cennet gibi bir yerde birka\u00e7 g\u00fcn ge\u00e7irmek  kime iyi gelmez ki?Ancak \u00e7ok ge\u00e7meden adan\u0131n hi\u00e7 de bekledikleri gibi bir yer olmad\u0131\u011f\u0131n\u0131 g\u00f6r\u00fcyorlar. G\u00fcne\u015f, zehirli b\u00f6cekler, mide sorunlar\u0131, garip s\u00fcr\u00fcngenler, aileyi; \u00f6zellikle de Greg\u2019i can\u0131ndan bezdiriyor. Tatil her \u015feye ra\u011fmen g\u00fczel olabilir mi, yoksa tam bir felaketle mi sonu\u00e7lanacak? Ne dersiniz? <\/p>\n","protected":false},"excerpt":{"rendered":"<p>Greg Heffley ile ailesi yine yollarda!So\u011fuk havan\u0131n ve yakla\u015fmakta olan Noel tatilinin de etkisiyle bir tropik adaya gitmeye karar veren Heffley ailesinin tek istedi\u011fi, biraz dinlenip<span class=\"excerpt-hellip\"> [\u2026]<\/span><\/p>\n","protected":false},"featured_media":0,"template":"","meta":{"_monsterinsights_skip_tracking":false,"_monsterinsights_sitenote_active":false,"_monsterinsights_sitenote_note":"","_monsterinsights_sitenote_category":0},"product_brand":[],"product_cat":[12275,12274],"product_tag":[],"class_list":{"0":"post-710967","1":"product","2":"type-product","3":"status-publish","5":"product_cat-6-12-yas-kitaplari","6":"product_cat-cocuk-ve-genclik-kitaplari","7":"pa_cilt-ciltli","8":"pa_tur-kitap","9":"pa_yayinevi-epsilon-yayinlari","10":"pa_yazar-jeff-kinney","12":"first","13":"instock","14":"sale","15":"shipping-taxable","16":"purchasable","17":"product-type-simple"},"_links":{"self":[{"href":"https:\/\/roveyayinevi.com.tr\/index.php\/wp-json\/wp\/v2\/product\/710967","targetHints":{"allow":["GET"]}}],"collection":[{"href":"https:\/\/roveyayinevi.com.tr\/index.php\/wp-json\/wp\/v2\/product"}],"about":[{"href":"https:\/\/roveyayinevi.com.tr\/index.php\/wp-json\/wp\/v2\/types\/product"}],"wp:attachment":[{"href":"https:\/\/roveyayinevi.com.tr\/index.php\/wp-json\/wp\/v2\/media?parent=710967"}],"wp:term":[{"taxonomy":"product_brand","embeddable":true,"href":"https:\/\/roveyayinevi.com.tr\/index.php\/wp-json\/wp\/v2\/product_brand?post=710967"},{"taxonomy":"product_cat","embeddable":true,"href":"https:\/\/roveyayinevi.com.tr\/index.php\/wp-json\/wp\/v2\/product_cat?post=710967"},{"taxonomy":"product_tag","embeddable":true,"href":"https:\/\/roveyayinevi.com.tr\/index.php\/wp-json\/wp\/v2\/product_tag?post=710967"}],"curies":[{"name":"wp","href":"https:\/\/api.w.org\/{rel}","templated":true}]}}