{"id":710963,"date":"2025-08-27T16:40:55","date_gmt":"2025-08-27T13:40:55","guid":{"rendered":"https:\/\/roveyayinevi.com.tr\/index.php\/urun\/ideolojik-mahalleden-turkiyeye-onurlu-cikis\/"},"modified":"2026-04-16T02:19:44","modified_gmt":"2026-04-15T23:19:44","slug":"ideolojik-mahalleden-turkiyeye-onurlu-cikis","status":"publish","type":"product","link":"https:\/\/roveyayinevi.com.tr\/index.php\/urun\/ideolojik-mahalleden-turkiyeye-onurlu-cikis\/","title":{"rendered":"\u0130deolojik Mahalleden T\u00fcrkiye\u2019ye Onurlu \u00c7\u0131k\u0131\u015f"},"content":{"rendered":"<p>Hepimiz ideolojik \u201cmahallelerde\u201d ya\u015f\u0131yoruz. Il\u0131ml\u0131 da olsak, radikal de, belli bir \u00e7evreden \u00e7\u0131kam\u0131yoruz. \u201c\u00d6teki\u201d kabul etti\u011fimiz ki\u015filerle ileti\u015fim kuram\u0131yoruz. Hatta s\u00fcrekli \u00e7at\u0131\u015f\u0131yoruz.Bu ayr\u0131mlar, ayr\u0131l\u0131klar ister istemez ayr\u0131mc\u0131l\u0131\u011fa d\u00f6n\u00fc\u015f\u00fcyor. \u00d6tekiyle diyalog kurmaya yeltenirsek, kendi mahallemizden olanlar \u015f\u00f6yle diyor: \u201cVay! Davay\u0131 satt\u0131! Hain! \u00d6tekilere yaranmaya \u00e7al\u0131\u015f\u0131yor!..\u201d\u00d6teki mahalledekiler ise \u015f\u00f6yle diyor: \u201cKendi mahallesinde tutunamad\u0131, bize yana\u015f\u0131yor! Ki\u015fisel \u00e7\u0131kar\u0131 i\u00e7in burada! Bizden de\u011fil!..\u201d Sonu\u00e7: Mahalleden \u00e7\u0131k\u0131p T\u00fcrkiye\u2019ye ge\u00e7emiyoruz.Bir bina d\u00fc\u015f\u00fcn\u00fcn, her odada bir grup ya\u015f\u0131yor. Kimse salona inmiyor. Di\u011ferleriyle bulu\u015fmuyor.Mesele, odadan \u00e7\u0131k\u0131p salona inmekte. Bu, davay\u0131 satmak, kendinden vazge\u00e7mek de\u011fildir. T\u00fcrkiye\u2019nin meselelerini hep birlikte, el ele vererek, uzla\u015farak \u00e7\u00f6zebilece\u011fimizi kabul etmektir.Salona inersek, kendi mahallemizdekiler de, di\u011fer mahalledekiler de onurumuzu k\u0131racak s\u00f6zler s\u00f6yl\u00fcyor, davran\u0131\u015flar sergiliyorlar.Peki, bu i\u015f nas\u0131l olacak? Onurumuzu koruyarak kafesimizden, odam\u0131zdan, mahallemizden nas\u0131l \u00e7\u0131kabiliriz? Levent G\u00fcltekin, kendi maceras\u0131 \u00fczerinden, \u201cOnurlu \u00c7\u0131k\u0131\u015f\u201d\u0131n m\u00fcmk\u00fcn oldu\u011funu s\u00f6yl\u00fcyor. Son derece samimi, zihin a\u00e7\u0131c\u0131 ve \u015fa\u015f\u0131rt\u0131c\u0131 bir anlat\u0131mla okura \u00e7a\u011fr\u0131da bulunuyor, el uzat\u0131yor. <\/p>\n","protected":false},"excerpt":{"rendered":"<p>Hepimiz ideolojik \u201cmahallelerde\u201d ya\u015f\u0131yoruz. Il\u0131ml\u0131 da olsak, radikal de, belli bir \u00e7evreden \u00e7\u0131kam\u0131yoruz. \u201c\u00d6teki\u201d kabul etti\u011fimiz ki\u015filerle ileti\u015fim kuram\u0131yoruz. Hatta s\u00fcrekli \u00e7at\u0131\u015f\u0131yoruz.Bu ayr\u0131mlar, ayr\u0131l\u0131klar ister istemez<span class=\"excerpt-hellip\"> [\u2026]<\/span><\/p>\n","protected":false},"featured_media":0,"template":"","meta":{"_monsterinsights_skip_tracking":false,"_monsterinsights_sitenote_active":false,"_monsterinsights_sitenote_note":"","_monsterinsights_sitenote_category":0},"product_brand":[],"product_cat":[13072,12291],"product_tag":[],"class_list":{"0":"post-710963","1":"product","2":"type-product","3":"status-publish","5":"product_cat-arastirma-inceleme-referans","6":"product_cat-edebiyat","7":"pa_cilt-ciltsiz","8":"pa_tur-kitap","9":"pa_yayinevi-dogan-kitap","10":"pa_yazar-levent-gultekin","12":"first","13":"instock","14":"sale","15":"shipping-taxable","16":"purchasable","17":"product-type-simple"},"_links":{"self":[{"href":"https:\/\/roveyayinevi.com.tr\/index.php\/wp-json\/wp\/v2\/product\/710963","targetHints":{"allow":["GET"]}}],"collection":[{"href":"https:\/\/roveyayinevi.com.tr\/index.php\/wp-json\/wp\/v2\/product"}],"about":[{"href":"https:\/\/roveyayinevi.com.tr\/index.php\/wp-json\/wp\/v2\/types\/product"}],"wp:attachment":[{"href":"https:\/\/roveyayinevi.com.tr\/index.php\/wp-json\/wp\/v2\/media?parent=710963"}],"wp:term":[{"taxonomy":"product_brand","embeddable":true,"href":"https:\/\/roveyayinevi.com.tr\/index.php\/wp-json\/wp\/v2\/product_brand?post=710963"},{"taxonomy":"product_cat","embeddable":true,"href":"https:\/\/roveyayinevi.com.tr\/index.php\/wp-json\/wp\/v2\/product_cat?post=710963"},{"taxonomy":"product_tag","embeddable":true,"href":"https:\/\/roveyayinevi.com.tr\/index.php\/wp-json\/wp\/v2\/product_tag?post=710963"}],"curies":[{"name":"wp","href":"https:\/\/api.w.org\/{rel}","templated":true}]}}