{"id":710962,"date":"2025-08-27T16:40:54","date_gmt":"2025-08-27T13:40:54","guid":{"rendered":"https:\/\/roveyayinevi.com.tr\/index.php\/urun\/piyano-1-bolum\/"},"modified":"2026-04-16T02:19:44","modified_gmt":"2026-04-15T23:19:44","slug":"piyano-1-bolum","status":"publish","type":"product","link":"https:\/\/roveyayinevi.com.tr\/index.php\/urun\/piyano-1-bolum\/","title":{"rendered":"Piyano 1. B\u00f6l\u00fcm"},"content":{"rendered":"<p>Bu kitap \u00f6\u011frencilerimizin m\u00fczi\u011fi sevmesine ve onlar\u0131n iyi bir m\u00fczisyene d\u00f6n\u00fc\u015fmesi \u00e7abalalar\u0131n\u0131za destek olamk amac\u0131yla haz\u0131rlanm\u0131\u015ft\u0131r. Kitap hem teorik hemde temel pratik \u00f6rnekler i\u00e7ermektedir. \u00d6zellikle \u00e7ocuklarla \u00e7al\u0131\u015fmamm\u0131n bana kazand\u0131rd\u0131\u011f\u0131 deneyimleri payla\u015fmay\u0131 hedeflemektedir. Ruhun dili olan m\u00fczi\u011fe \u00e7ocukluk d\u00f6neminde ba\u015flamak daha faydal\u0131 olacakt\u0131r. Hayata y\u00f6n veren pek \u00e7ok konu \u00e7ocukluk d\u00f6neminde ba\u015flamaktad\u0131r. Kitaptaki et\u00fcd par\u00e7alarda tempo kriterleri verilmemi\u015ftir. <\/p>\n","protected":false},"excerpt":{"rendered":"<p>Bu kitap \u00f6\u011frencilerimizin m\u00fczi\u011fi sevmesine ve onlar\u0131n iyi bir m\u00fczisyene d\u00f6n\u00fc\u015fmesi \u00e7abalalar\u0131n\u0131za destek olamk amac\u0131yla haz\u0131rlanm\u0131\u015ft\u0131r. Kitap hem teorik hemde temel pratik \u00f6rnekler i\u00e7ermektedir. \u00d6zellikle \u00e7ocuklarla<span class=\"excerpt-hellip\"> [\u2026]<\/span><\/p>\n","protected":false},"featured_media":0,"template":"","meta":{"_monsterinsights_skip_tracking":false,"_monsterinsights_sitenote_active":false,"_monsterinsights_sitenote_note":"","_monsterinsights_sitenote_category":0},"product_brand":[],"product_cat":[12274,12649],"product_tag":[],"class_list":{"0":"post-710962","1":"product","2":"type-product","3":"status-publish","5":"product_cat-cocuk-ve-genclik-kitaplari","6":"product_cat-hobi-muzik","7":"pa_cilt-ciltsiz","8":"pa_tur-kitap","9":"pa_yayinevi-porte-muzik-egitim-merkezi","10":"pa_yazar-elena-yikilmaz","12":"first","13":"instock","14":"sale","15":"shipping-taxable","16":"purchasable","17":"product-type-simple"},"_links":{"self":[{"href":"https:\/\/roveyayinevi.com.tr\/index.php\/wp-json\/wp\/v2\/product\/710962","targetHints":{"allow":["GET"]}}],"collection":[{"href":"https:\/\/roveyayinevi.com.tr\/index.php\/wp-json\/wp\/v2\/product"}],"about":[{"href":"https:\/\/roveyayinevi.com.tr\/index.php\/wp-json\/wp\/v2\/types\/product"}],"wp:attachment":[{"href":"https:\/\/roveyayinevi.com.tr\/index.php\/wp-json\/wp\/v2\/media?parent=710962"}],"wp:term":[{"taxonomy":"product_brand","embeddable":true,"href":"https:\/\/roveyayinevi.com.tr\/index.php\/wp-json\/wp\/v2\/product_brand?post=710962"},{"taxonomy":"product_cat","embeddable":true,"href":"https:\/\/roveyayinevi.com.tr\/index.php\/wp-json\/wp\/v2\/product_cat?post=710962"},{"taxonomy":"product_tag","embeddable":true,"href":"https:\/\/roveyayinevi.com.tr\/index.php\/wp-json\/wp\/v2\/product_tag?post=710962"}],"curies":[{"name":"wp","href":"https:\/\/api.w.org\/{rel}","templated":true}]}}