{"id":710961,"date":"2025-08-27T16:40:53","date_gmt":"2025-08-27T13:40:53","guid":{"rendered":"https:\/\/roveyayinevi.com.tr\/index.php\/urun\/gantz-cilt-2\/"},"modified":"2026-04-16T02:19:44","modified_gmt":"2026-04-15T23:19:44","slug":"gantz-cilt-2","status":"publish","type":"product","link":"https:\/\/roveyayinevi.com.tr\/index.php\/urun\/gantz-cilt-2\/","title":{"rendered":"Gantz Cilt 2"},"content":{"rendered":"<p>Taze So\u011fan gezegeninden gelen iriyar\u0131 adam, Taze So\u011fan gezegeninden gelen \u00e7ocu\u011fun \u00f6ld\u00fcr\u00fclmesi sonucu b\u00fcy\u00fck bir \u00f6fkeye kap\u0131l\u0131p iki yakuzay\u0131 katletti. Etraf \u00e2deta kan g\u00f6l\u00fcne d\u00f6nm\u00fc\u015f durumda. Ge\u00e7 kald\u0131\u011f\u0131 i\u00e7in aceleyle ko\u015fu\u015fturup duran Kurono, So\u011fan gezegeninden gelen adam\u0131n eline d\u00fc\u015fmekten kurtulamad\u0131.   K\u00f6\u015feye s\u0131k\u0131\u015fan Kurono b\u00fcy\u00fck bir tehlikeyle kar\u015f\u0131 kar\u015f\u0131ya! Kato v\u00fccudunu siper edip Kurono\u2019yu korumaya \u00e7al\u0131\u015f\u0131r ama adam onu do\u011fray\u0131p bi\u00e7er.   Acaba Kato\u2019nun g\u00f6sterdi\u011fi bu cesaretten etkilenen Kurono da Taze So\u011fan gezegeninden gelen adama kar\u015f\u0131 koymaya \u00e7al\u0131\u015facak m\u0131 yoksa\u2026 <\/p>\n","protected":false},"excerpt":{"rendered":"<p>Taze So\u011fan gezegeninden gelen iriyar\u0131 adam, Taze So\u011fan gezegeninden gelen \u00e7ocu\u011fun \u00f6ld\u00fcr\u00fclmesi sonucu b\u00fcy\u00fck bir \u00f6fkeye kap\u0131l\u0131p iki yakuzay\u0131 katletti. Etraf \u00e2deta kan g\u00f6l\u00fcne d\u00f6nm\u00fc\u015f durumda.<span class=\"excerpt-hellip\"> [\u2026]<\/span><\/p>\n","protected":false},"featured_media":0,"template":"","meta":{"_monsterinsights_skip_tracking":false,"_monsterinsights_sitenote_active":false,"_monsterinsights_sitenote_note":"","_monsterinsights_sitenote_category":0},"product_brand":[],"product_cat":[12416,12291],"product_tag":[],"class_list":{"0":"post-710961","1":"product","2":"type-product","3":"status-publish","5":"product_cat-cizgi-roman","6":"product_cat-edebiyat","7":"pa_cilt-ciltsiz","8":"pa_tur-kitap","9":"pa_yayinevi-kurukafa","10":"pa_yazar-hiroya-oku","12":"first","13":"instock","14":"sale","15":"shipping-taxable","16":"purchasable","17":"product-type-simple"},"_links":{"self":[{"href":"https:\/\/roveyayinevi.com.tr\/index.php\/wp-json\/wp\/v2\/product\/710961","targetHints":{"allow":["GET"]}}],"collection":[{"href":"https:\/\/roveyayinevi.com.tr\/index.php\/wp-json\/wp\/v2\/product"}],"about":[{"href":"https:\/\/roveyayinevi.com.tr\/index.php\/wp-json\/wp\/v2\/types\/product"}],"wp:attachment":[{"href":"https:\/\/roveyayinevi.com.tr\/index.php\/wp-json\/wp\/v2\/media?parent=710961"}],"wp:term":[{"taxonomy":"product_brand","embeddable":true,"href":"https:\/\/roveyayinevi.com.tr\/index.php\/wp-json\/wp\/v2\/product_brand?post=710961"},{"taxonomy":"product_cat","embeddable":true,"href":"https:\/\/roveyayinevi.com.tr\/index.php\/wp-json\/wp\/v2\/product_cat?post=710961"},{"taxonomy":"product_tag","embeddable":true,"href":"https:\/\/roveyayinevi.com.tr\/index.php\/wp-json\/wp\/v2\/product_tag?post=710961"}],"curies":[{"name":"wp","href":"https:\/\/api.w.org\/{rel}","templated":true}]}}