{"id":710959,"date":"2025-08-27T16:40:52","date_gmt":"2025-08-27T13:40:52","guid":{"rendered":"https:\/\/roveyayinevi.com.tr\/index.php\/urun\/annemi-yetistiriyorum\/"},"modified":"2026-04-16T02:19:44","modified_gmt":"2026-04-15T23:19:44","slug":"annemi-yetistiriyorum","status":"publish","type":"product","link":"https:\/\/roveyayinevi.com.tr\/index.php\/urun\/annemi-yetistiriyorum\/","title":{"rendered":"Annemi Yeti\u015ftiriyorum"},"content":{"rendered":"<p>&#8220;Annelik deliliktir. Sevginin en saf, en s\u0131n\u0131rs\u0131z \u015feklidir. Normal bir anne yoktur ki kendi can\u0131n\u0131 evlad\u0131ndan daha fazla seviyor olsun. Annelik \u00e7\u0131lg\u0131nl\u0131kt\u0131r. Ve bir kad\u0131n\u0131n ba\u015f\u0131na gelebilecek en g\u00fczel \u015feydir. Annelik, evlad\u0131na bakarken hissetti\u011fin mutluluktan daha \u00f6te bir mutluluk olmayaca\u011f\u0131n\u0131 bilmektir. Annelik, kendi anneni nihayet anlamakt\u0131r. Anneye yard\u0131mc\u0131 olan, yolunu ayd\u0131nlatan i\u00e7g\u00fcd\u00fcleridir annelik. Fakat bebek de \u00f6\u011fretmenidir annesinin. Her zaman, seve seve yoluna \u0131\u015f\u0131k tutaca\u011f\u0131m, sana yard\u0131mc\u0131 olaca\u011f\u0131m. Uzun laf\u0131n k\u0131sas\u0131, kalbine kulak ver annecik.  Benim sesim orada.&#8221; <\/p>\n","protected":false},"excerpt":{"rendered":"<p>&#8220;Annelik deliliktir. Sevginin en saf, en s\u0131n\u0131rs\u0131z \u015feklidir. Normal bir anne yoktur ki kendi can\u0131n\u0131 evlad\u0131ndan daha fazla seviyor olsun. Annelik \u00e7\u0131lg\u0131nl\u0131kt\u0131r. Ve bir kad\u0131n\u0131n ba\u015f\u0131na<span class=\"excerpt-hellip\"> [\u2026]<\/span><\/p>\n","protected":false},"featured_media":0,"template":"","meta":{"_monsterinsights_skip_tracking":false,"_monsterinsights_sitenote_active":false,"_monsterinsights_sitenote_note":"","_monsterinsights_sitenote_category":0},"product_brand":[],"product_cat":[14902,13365],"product_tag":[],"class_list":{"0":"post-710959","1":"product","2":"type-product","3":"status-publish","5":"product_cat-annelik-ve-cocuk-bakimi","6":"product_cat-saglik","7":"pa_cilt-ciltsiz","8":"pa_tur-kitap","9":"pa_yayinevi-ganj-yayinevi","10":"pa_yazar-ozlem-acar","12":"first","13":"instock","14":"sale","15":"shipping-taxable","16":"purchasable","17":"product-type-simple"},"_links":{"self":[{"href":"https:\/\/roveyayinevi.com.tr\/index.php\/wp-json\/wp\/v2\/product\/710959","targetHints":{"allow":["GET"]}}],"collection":[{"href":"https:\/\/roveyayinevi.com.tr\/index.php\/wp-json\/wp\/v2\/product"}],"about":[{"href":"https:\/\/roveyayinevi.com.tr\/index.php\/wp-json\/wp\/v2\/types\/product"}],"wp:attachment":[{"href":"https:\/\/roveyayinevi.com.tr\/index.php\/wp-json\/wp\/v2\/media?parent=710959"}],"wp:term":[{"taxonomy":"product_brand","embeddable":true,"href":"https:\/\/roveyayinevi.com.tr\/index.php\/wp-json\/wp\/v2\/product_brand?post=710959"},{"taxonomy":"product_cat","embeddable":true,"href":"https:\/\/roveyayinevi.com.tr\/index.php\/wp-json\/wp\/v2\/product_cat?post=710959"},{"taxonomy":"product_tag","embeddable":true,"href":"https:\/\/roveyayinevi.com.tr\/index.php\/wp-json\/wp\/v2\/product_tag?post=710959"}],"curies":[{"name":"wp","href":"https:\/\/api.w.org\/{rel}","templated":true}]}}