{"id":710958,"date":"2025-08-27T16:40:52","date_gmt":"2025-08-27T13:40:52","guid":{"rendered":"https:\/\/roveyayinevi.com.tr\/index.php\/urun\/kullervonun-hikayesi\/"},"modified":"2026-04-16T02:19:44","modified_gmt":"2026-04-15T23:19:44","slug":"kullervonun-hikayesi","status":"publish","type":"product","link":"https:\/\/roveyayinevi.com.tr\/index.php\/urun\/kullervonun-hikayesi\/","title":{"rendered":"Kullervo\u2019nun Hikayesi"},"content":{"rendered":"<p>Kalervo\u2019nun o\u011flu Kullervo, Tolkien\u2019in yaratt\u0131\u011f\u0131 onlarca karakter aras\u0131ndan belki de en karanl\u0131k ve trajik olan\u0131. Zira Tolkien\u2019in deyi\u015fiyle \u201cBahts\u0131z Kullervo\u201d, do\u011fa\u00fcst\u00fc g\u00fc\u00e7lere ve h\u00fcz\u00fcnl\u00fc bir kadere sahip talihsiz bir yetim.   Babas\u0131n\u0131 \u00f6ld\u00fcren, annesini ka\u00e7\u0131ran, daha k\u00fc\u00e7\u00fck bir \u00e7ocukken can\u0131na \u00fc\u00e7 kez kasteden karanl\u0131k b\u00fcy\u00fcc\u00fc Untamo\u2019nun yan\u0131nda yeti\u015fen Kullervo\u2019nun ikiz k\u0131z karde\u015fi Wanona\u2019ya olan sevgisi ve onu kollayan, b\u00fcy\u00fcl\u00fc siyah k\u00f6pek Musti d\u0131\u015f\u0131nda hi\u00e7bir \u015feyi yoktur. Bir k\u00f6le olarak sat\u0131ld\u0131ktan sonra b\u00fcy\u00fcc\u00fcden \u00f6\u00e7 almaya yemin eden Kullervo, intikam an\u0131nda bile en zalim felaketten ka\u00e7\u0131\u015f olamayaca\u011f\u0131n\u0131 \u00f6\u011frenecektir.   Kullervo\u2019nun Hik\u00e2yesi, Tolkien\u2019in izledi\u011fi yolda uyarlamadan yarat\u0131c\u0131l\u0131\u011fa do\u011fru at\u0131lan ve \u201cSilmarillion\u201d ile sonu\u00e7lanan temel ad\u0131m. Tolkien, Kullervo\u2019nun Hik\u00e2yesi i\u00e7in \u201ckendi efsanelerimi yazma te\u015febb\u00fcs\u00fcmdeki \u00e7\u0131k\u0131\u015f noktam,\u201d derken \u201c\u0130lk \u00c7a\u011f efsanelerinin temeli,\u201d oldu\u011funu da s\u00f6yleyerek H\u00farin\u2019in \u00c7ocuklar\u0131\u2019n\u0131n ba\u015fkahraman\u0131 T\u00farin Turambar\u2019\u0131n atas\u0131n\u0131n bu metin oldu\u011funa dikkat \u00e7ekmi\u015ftir.   Etkileyici bir hik\u00e2ye olmas\u0131n\u0131n yan\u0131nda ilk kez yay\u0131mlanan taslaklar, notlar, makaleler ve yaratt\u0131\u011f\u0131 d\u00fcnyalar\u0131n \u00e7\u0131k\u0131\u015f noktalar\u0131ndan olan Kalevala destan\u0131yla ilgili Tolkien\u2019in yazd\u0131\u011f\u0131 ek metinler de kendine bu kitapta yer buluyor. <\/p>\n","protected":false},"excerpt":{"rendered":"<p>Kalervo\u2019nun o\u011flu Kullervo, Tolkien\u2019in yaratt\u0131\u011f\u0131 onlarca karakter aras\u0131ndan belki de en karanl\u0131k ve trajik olan\u0131. Zira Tolkien\u2019in deyi\u015fiyle \u201cBahts\u0131z Kullervo\u201d, do\u011fa\u00fcst\u00fc g\u00fc\u00e7lere ve h\u00fcz\u00fcnl\u00fc bir kadere<span class=\"excerpt-hellip\"> [\u2026]<\/span><\/p>\n","protected":false},"featured_media":0,"template":"","meta":{"_monsterinsights_skip_tracking":false,"_monsterinsights_sitenote_active":false,"_monsterinsights_sitenote_note":"","_monsterinsights_sitenote_category":0},"product_brand":[],"product_cat":[12291,14777],"product_tag":[],"class_list":{"0":"post-710958","1":"product","2":"type-product","3":"status-publish","5":"product_cat-edebiyat","6":"product_cat-fantastik","7":"pa_cilt-ciltsiz","8":"pa_tur-kitap","9":"pa_yayinevi-ithaki-yayinlari","10":"pa_yazar-j-r-r-tolkien","12":"first","13":"instock","14":"sale","15":"shipping-taxable","16":"purchasable","17":"product-type-simple"},"_links":{"self":[{"href":"https:\/\/roveyayinevi.com.tr\/index.php\/wp-json\/wp\/v2\/product\/710958","targetHints":{"allow":["GET"]}}],"collection":[{"href":"https:\/\/roveyayinevi.com.tr\/index.php\/wp-json\/wp\/v2\/product"}],"about":[{"href":"https:\/\/roveyayinevi.com.tr\/index.php\/wp-json\/wp\/v2\/types\/product"}],"wp:attachment":[{"href":"https:\/\/roveyayinevi.com.tr\/index.php\/wp-json\/wp\/v2\/media?parent=710958"}],"wp:term":[{"taxonomy":"product_brand","embeddable":true,"href":"https:\/\/roveyayinevi.com.tr\/index.php\/wp-json\/wp\/v2\/product_brand?post=710958"},{"taxonomy":"product_cat","embeddable":true,"href":"https:\/\/roveyayinevi.com.tr\/index.php\/wp-json\/wp\/v2\/product_cat?post=710958"},{"taxonomy":"product_tag","embeddable":true,"href":"https:\/\/roveyayinevi.com.tr\/index.php\/wp-json\/wp\/v2\/product_tag?post=710958"}],"curies":[{"name":"wp","href":"https:\/\/api.w.org\/{rel}","templated":true}]}}