{"id":710957,"date":"2025-08-27T16:40:51","date_gmt":"2025-08-27T13:40:51","guid":{"rendered":"https:\/\/roveyayinevi.com.tr\/index.php\/urun\/fatihin-gizli-mabedi-fatih-serisi-i\/"},"modified":"2026-04-16T02:19:44","modified_gmt":"2026-04-15T23:19:44","slug":"fatihin-gizli-mabedi-fatih-serisi-i","status":"publish","type":"product","link":"https:\/\/roveyayinevi.com.tr\/index.php\/urun\/fatihin-gizli-mabedi-fatih-serisi-i\/","title":{"rendered":"Fatih\u2019in Gizli Mabedi  Fatih Serisi I"},"content":{"rendered":"<p>Tarihin ger\u00e7eklerinden hareketle geli\u015ftirilmi\u015f m\u00fcthi\u015f kurgu ve soluk solu\u011fa bir macera\u2026 Y\u00fcre\u011finiz y\u00fcksek tempoyu kald\u0131racak g\u00fc\u00e7teyse bu \u00fc\u00e7 romanl\u0131k serinin ilk kitab\u0131 olan Fatih\u2019in Gizli Mabedi\u2019ni okumaya ba\u015flay\u0131n.   O art\u0131k II. Mehmet Han de\u011fil, Fatih Sultan Mehmet Han\u2019d\u0131. Bir \u00e7a\u011f\u0131 kapat\u0131p yeni bir \u00e7a\u011f\u0131 a\u00e7an e\u015fsiz bir padi\u015faht\u0131. \u00c7ocuklu\u011fundan bu yana hayalini kurdu\u011fu Cihan \u0130mparatorlu\u011fu\u2019nun ilk kalesi olan Konstantiniyye\u2019yi alm\u0131\u015ft\u0131. Art\u0131k zaman yenilik zaman\u0131, karde\u015fli\u011fin, bar\u0131\u015f\u0131n, sevginin kol gezdi\u011fi, d\u00fc\u015fmanl\u0131klar\u0131n, ayr\u0131l\u0131k ve gayr\u0131l\u0131klar\u0131n olmad\u0131\u011f\u0131, kavga, d\u00f6v\u00fc\u015f ve sava\u015flar\u0131n unutuldu\u011fu  Cihan \u0130mparatorlu\u011fu\u2019nu kurman\u0131n zaman\u0131yd\u0131.  Art\u0131k yeni \u015feyler s\u00f6ylemek laz\u0131md\u0131. <\/p>\n","protected":false},"excerpt":{"rendered":"<p>Tarihin ger\u00e7eklerinden hareketle geli\u015ftirilmi\u015f m\u00fcthi\u015f kurgu ve soluk solu\u011fa bir macera\u2026 Y\u00fcre\u011finiz y\u00fcksek tempoyu kald\u0131racak g\u00fc\u00e7teyse bu \u00fc\u00e7 romanl\u0131k serinin ilk kitab\u0131 olan Fatih\u2019in Gizli Mabedi\u2019ni<span class=\"excerpt-hellip\"> [\u2026]<\/span><\/p>\n","protected":false},"featured_media":0,"template":"","meta":{"_monsterinsights_skip_tracking":false,"_monsterinsights_sitenote_active":false,"_monsterinsights_sitenote_note":"","_monsterinsights_sitenote_category":0},"product_brand":[],"product_cat":[12291,12745],"product_tag":[],"class_list":{"0":"post-710957","1":"product","2":"type-product","3":"status-publish","5":"product_cat-edebiyat","6":"product_cat-tarihi-roman","7":"pa_cilt-ciltsiz","8":"pa_tur-kitap","9":"pa_yayinevi-epsilon-yayinlari","10":"pa_yazar-ahmet-erol","12":"first","13":"instock","14":"sale","15":"shipping-taxable","16":"purchasable","17":"product-type-simple"},"_links":{"self":[{"href":"https:\/\/roveyayinevi.com.tr\/index.php\/wp-json\/wp\/v2\/product\/710957","targetHints":{"allow":["GET"]}}],"collection":[{"href":"https:\/\/roveyayinevi.com.tr\/index.php\/wp-json\/wp\/v2\/product"}],"about":[{"href":"https:\/\/roveyayinevi.com.tr\/index.php\/wp-json\/wp\/v2\/types\/product"}],"wp:attachment":[{"href":"https:\/\/roveyayinevi.com.tr\/index.php\/wp-json\/wp\/v2\/media?parent=710957"}],"wp:term":[{"taxonomy":"product_brand","embeddable":true,"href":"https:\/\/roveyayinevi.com.tr\/index.php\/wp-json\/wp\/v2\/product_brand?post=710957"},{"taxonomy":"product_cat","embeddable":true,"href":"https:\/\/roveyayinevi.com.tr\/index.php\/wp-json\/wp\/v2\/product_cat?post=710957"},{"taxonomy":"product_tag","embeddable":true,"href":"https:\/\/roveyayinevi.com.tr\/index.php\/wp-json\/wp\/v2\/product_tag?post=710957"}],"curies":[{"name":"wp","href":"https:\/\/api.w.org\/{rel}","templated":true}]}}