{"id":710956,"date":"2025-08-27T16:40:51","date_gmt":"2025-08-27T13:40:51","guid":{"rendered":"https:\/\/roveyayinevi.com.tr\/index.php\/urun\/siyah-kugu-2-ruh-kadehi\/"},"modified":"2026-04-16T02:19:44","modified_gmt":"2026-04-15T23:19:44","slug":"siyah-kugu-2-ruh-kadehi","status":"publish","type":"product","link":"https:\/\/roveyayinevi.com.tr\/index.php\/urun\/siyah-kugu-2-ruh-kadehi\/","title":{"rendered":"Siyah Ku\u011fu 2 &#8211; Ruh Kadehi"},"content":{"rendered":"<p>\u00d6l\u00fcm\u00fc kendi ellerinden olan gecenin  ko\u011fu\u015flar\u0131na hapsolmu\u015f katillerin  son s\u00f6zleri hen\u00fcz s\u00f6ylenmedi. Mezar ta\u015flar\u0131n\u0131n ba\u015f\u0131nda  karanl\u0131\u011fa bir mum yakan insanlar,  bir \u015fark\u0131 m\u0131r\u0131ldan\u0131yor; s\u00f6zleri dile gelmedi. &#8220;K\u0131r\u0131lm\u0131\u015f kanatlar, incinmi\u015f kalpler, kaybolmu\u015f ruhlar&#8230;  S\u00f6ylesene Siyah Ku\u011fu,  sen buradas\u0131n diye mi ya\u011fmur ya\u011f\u0131yor,  yoksa bulutlar da m\u0131 bize a\u011fl\u0131yor?&#8221; <\/p>\n","protected":false},"excerpt":{"rendered":"<p>\u00d6l\u00fcm\u00fc kendi ellerinden olan gecenin ko\u011fu\u015flar\u0131na hapsolmu\u015f katillerin son s\u00f6zleri hen\u00fcz s\u00f6ylenmedi. Mezar ta\u015flar\u0131n\u0131n ba\u015f\u0131nda karanl\u0131\u011fa bir mum yakan insanlar, bir \u015fark\u0131 m\u0131r\u0131ldan\u0131yor; s\u00f6zleri dile gelmedi.<span class=\"excerpt-hellip\"> [\u2026]<\/span><\/p>\n","protected":false},"featured_media":0,"template":"","meta":{"_monsterinsights_skip_tracking":false,"_monsterinsights_sitenote_active":false,"_monsterinsights_sitenote_note":"","_monsterinsights_sitenote_category":0},"product_brand":[],"product_cat":[12291,50487],"product_tag":[],"class_list":{"0":"post-710956","1":"product","2":"type-product","3":"status-publish","5":"product_cat-edebiyat","6":"product_cat-kurgu","7":"pa_cilt-ciltsiz","8":"pa_tur-kitap","9":"pa_yayinevi-epsilon-yayinlari","10":"pa_yazar-beyza-aksoy","12":"first","13":"instock","14":"sale","15":"shipping-taxable","16":"purchasable","17":"product-type-simple"},"_links":{"self":[{"href":"https:\/\/roveyayinevi.com.tr\/index.php\/wp-json\/wp\/v2\/product\/710956","targetHints":{"allow":["GET"]}}],"collection":[{"href":"https:\/\/roveyayinevi.com.tr\/index.php\/wp-json\/wp\/v2\/product"}],"about":[{"href":"https:\/\/roveyayinevi.com.tr\/index.php\/wp-json\/wp\/v2\/types\/product"}],"wp:attachment":[{"href":"https:\/\/roveyayinevi.com.tr\/index.php\/wp-json\/wp\/v2\/media?parent=710956"}],"wp:term":[{"taxonomy":"product_brand","embeddable":true,"href":"https:\/\/roveyayinevi.com.tr\/index.php\/wp-json\/wp\/v2\/product_brand?post=710956"},{"taxonomy":"product_cat","embeddable":true,"href":"https:\/\/roveyayinevi.com.tr\/index.php\/wp-json\/wp\/v2\/product_cat?post=710956"},{"taxonomy":"product_tag","embeddable":true,"href":"https:\/\/roveyayinevi.com.tr\/index.php\/wp-json\/wp\/v2\/product_tag?post=710956"}],"curies":[{"name":"wp","href":"https:\/\/api.w.org\/{rel}","templated":true}]}}